{"id":271,"date":"2023-11-29T15:58:11","date_gmt":"2023-11-29T21:58:11","guid":{"rendered":"https:\/\/roofcatstudios.com\/?page_id=271"},"modified":"2023-11-29T15:58:11","modified_gmt":"2023-11-29T21:58:11","slug":"localizacion","status":"publish","type":"page","link":"https:\/\/roofcatstudios.com\/?page_id=271","title":{"rendered":"Localizaci\u00f3n"},"content":{"rendered":"<p>[cs_content _p=&#8217;271&#8242;][cs_element_section _id=&#8221;1&#8243; ][cs_element_layout_div _id=&#8221;2&#8243; ][cs_element_text _id=&#8221;3&#8243; ][cs_content_seo]QA y Localizaci&oacute;n en multiplataformas\\n\\n[\/cs_content_seo][cs_element_headline _id=&#8221;4&#8243; ][cs_content_seo]Servicios de Localizaci&oacute;n Regional\\n\\nQuick caption here\\n\\n[\/cs_content_seo][cs_element_text _id=&#8221;5&#8243; ][cs_content_seo]Roof Cat Studios ofrece servicios a trav&eacute;s de su red de artistas de voz de forma local y remota. Localizados en la Ciudad de M&eacute;xico permite una gran comunicaci&oacute;n y alcance con el espa&ntilde;ol neutro para los p&uacute;blicos de habla hispana en Am&eacute;rica as&iacute; como Ingl&eacute;s (US) con hablantes y artistas de voz nativos.\\n\\n[\/cs_content_seo][cs_element_layout_row _id=&#8221;6&#8243; ][cs_element_layout_column _id=&#8221;7&#8243; ][cs_element_button _id=&#8221;8&#8243; ][cs_content_seo]Comenzemos\\n\\n[\/cs_content_seo][\/cs_element_layout_column][\/cs_element_layout_row][cs_element_layout_grid _id=&#8221;9&#8243; ][cs_element_layout_cell _id=&#8221;10&#8243; ][cs_element_image _id=&#8221;11&#8243; ][\/cs_element_layout_cell][cs_element_layout_cell _id=&#8221;12&#8243; ][cs_element_image _id=&#8221;13&#8243; ][\/cs_element_layout_cell][cs_element_layout_cell _id=&#8221;14&#8243; ][cs_element_image _id=&#8221;15&#8243; ][\/cs_element_layout_cell][cs_element_layout_cell _id=&#8221;16&#8243; ][cs_element_image _id=&#8221;17&#8243; ][\/cs_element_layout_cell][\/cs_element_layout_grid][\/cs_element_layout_div][\/cs_element_section][cs_element_section _id=&#8221;18&#8243; ][cs_element_layout_div _id=&#8221;19&#8243; ][cs_element_headline _id=&#8221;20&#8243; ][cs_content_seo]Soluciones a la medida\\n\\nQuick caption here\\n\\n[\/cs_content_seo][cs_element_text _id=&#8221;21&#8243; ][cs_content_seo]Cada proyecto tiene requerimientos y demandas espec&iacute;ficas. Desde pruebas de calidad hasta casting de voz.\\n\\n[\/cs_content_seo][cs_element_layout_row _id=&#8221;22&#8243; ][cs_element_layout_column _id=&#8221;23&#8243; ][cs_element_layout_div_2 _id=&#8221;24&#8243; ][cs_element_layout_div_3 _id=&#8221;25&#8243; ][cs_element_image _id=&#8221;26&#8243; ][\/cs_element_layout_div_3][\/cs_element_layout_div_2][cs_element_layout_div_2 _id=&#8221;27&#8243; ][cs_element_text _id=&#8221;28&#8243; ][cs_content_seo]Traducci&oacute;n\\n\\n[\/cs_content_seo][\/cs_element_layout_div_2][\/cs_element_layout_column][cs_element_layout_column _id=&#8221;29&#8243; ][cs_element_layout_div_2 _id=&#8221;30&#8243; ][cs_element_layout_div_3 _id=&#8221;31&#8243; ][cs_element_image _id=&#8221;32&#8243; ][\/cs_element_layout_div_3][\/cs_element_layout_div_2][cs_element_layout_div_2 _id=&#8221;33&#8243; ][cs_element_text _id=&#8221;34&#8243; ][cs_content_seo]Edici&oacute;n y Revisi&oacute;n&nbsp;\\n\\n[\/cs_content_seo][\/cs_element_layout_div_2][\/cs_element_layout_column][\/cs_element_layout_row][cs_element_layout_row _id=&#8221;35&#8243; ][cs_element_layout_column _id=&#8221;36&#8243; ][cs_element_layout_div_2 _id=&#8221;37&#8243; ][cs_element_layout_div_3 _id=&#8221;38&#8243; ][cs_element_image _id=&#8221;39&#8243; ][\/cs_element_layout_div_3][\/cs_element_layout_div_2][cs_element_layout_div_2 _id=&#8221;40&#8243; ][cs_element_text _id=&#8221;41&#8243; ][cs_content_seo]Casting De Voz\\n\\n[\/cs_content_seo][\/cs_element_layout_div_2][\/cs_element_layout_column][cs_element_layout_column _id=&#8221;42&#8243; ][cs_element_layout_div_2 _id=&#8221;43&#8243; ][cs_element_layout_div_3 _id=&#8221;44&#8243; ][cs_element_image _id=&#8221;45&#8243; ][\/cs_element_layout_div_3][\/cs_element_layout_div_2][cs_element_layout_div_2 _id=&#8221;46&#8243; ][cs_element_text _id=&#8221;47&#8243; ][cs_content_seo]Localizaci&oacute;n de inicio a fin&nbsp;\\n\\n[\/cs_content_seo][\/cs_element_layout_div_2][\/cs_element_layout_column][\/cs_element_layout_row][cs_element_layout_row _id=&#8221;48&#8243; ][cs_element_layout_column _id=&#8221;49&#8243; ][cs_element_layout_div_2 _id=&#8221;50&#8243; ][cs_element_layout_div_3 _id=&#8221;51&#8243; ][cs_element_image _id=&#8221;52&#8243; ][\/cs_element_layout_div_3][\/cs_element_layout_div_2][cs_element_layout_div_2 _id=&#8221;53&#8243; ][cs_element_text _id=&#8221;54&#8243; ][cs_content_seo]Direcci&oacute;n Artistica\\n\\n[\/cs_content_seo][\/cs_element_layout_div_2][\/cs_element_layout_column][cs_element_layout_column _id=&#8221;55&#8243; ][cs_element_layout_div_2 _id=&#8221;56&#8243; ][cs_element_layout_div_3 _id=&#8221;57&#8243; ][cs_element_image _id=&#8221;58&#8243; ][\/cs_element_layout_div_3][\/cs_element_layout_div_2][cs_element_layout_div_2 _id=&#8221;59&#8243; ][cs_element_text _id=&#8221;60&#8243; ][cs_content_seo]Calidad y Prueba de Localizaci&oacute;n&nbsp;\\n\\n[\/cs_content_seo][\/cs_element_layout_div_2][\/cs_element_layout_column][\/cs_element_layout_row][\/cs_element_layout_div][\/cs_element_section][\/cs_content]<\/p>\n","protected":false},"excerpt":{"rendered":"<p>[cs_content _p=&#8217;271&#8242;][cs_element_section _id=&#8221;1&#8243; ][cs_element_layout_div _id=&#8221;2&#8243; ][cs_element_text _id=&#8221;3&#8243; ][cs_content_seo]QA y Localizaci&oacute;n en multiplataformas\\n\\n[\/cs_content_seo][cs_element_headline _id=&#8221;4&#8243; ][cs_content_seo]Servicios de Localizaci&oacute;n Regional\\n\\nQuick caption here\\n\\n[\/cs_content_seo][cs_element_text _id=&#8221;5&#8243; ][cs_content_seo]Roof Cat Studios ofrece servicios a trav&eacute;s de su red de artistas de voz de forma local y remota. Localizados en la Ciudad de M&eacute;xico permite una gran comunicaci&oacute;n y alcance con el espa&ntilde;ol neutro [&hellip;]<\/p>\n","protected":false},"author":1,"featured_media":0,"parent":0,"menu_order":0,"comment_status":"closed","ping_status":"closed","template":"template-blank-4.php","meta":{"footnotes":""},"class_list":["post-271","page","type-page","status-publish","hentry"],"yoast_head":"<!-- This site is optimized with the Yoast SEO plugin v27.2 - https:\/\/yoast.com\/product\/yoast-seo-wordpress\/ -->\n<title>Localizaci\u00f3n - Roof Cat Studios<\/title>\n<meta name=\"robots\" content=\"index, follow, max-snippet:-1, max-image-preview:large, max-video-preview:-1\" \/>\n<link rel=\"canonical\" href=\"https:\/\/roofcatstudios.com\/?page_id=271\" \/>\n<meta property=\"og:locale\" content=\"es_MX\" \/>\n<meta property=\"og:type\" content=\"article\" \/>\n<meta property=\"og:title\" content=\"Localizaci\u00f3n - Roof Cat Studios\" \/>\n<meta property=\"og:description\" content=\"[cs_content _p=&#8217;271&#8242;][cs_element_section _id=&#8221;1&#8243; ][cs_element_layout_div _id=&#8221;2&#8243; ][cs_element_text _id=&#8221;3&#8243; ][cs_content_seo]QA y Localizaci&oacute;n en multiplataformasnn[\/cs_content_seo][cs_element_headline _id=&#8221;4&#8243; ][cs_content_seo]Servicios de Localizaci&oacute;n RegionalnnQuick caption herenn[\/cs_content_seo][cs_element_text _id=&#8221;5&#8243; ][cs_content_seo]Roof Cat Studios ofrece servicios a trav&eacute;s de su red de artistas de voz de forma local y remota. Localizados en la Ciudad de M&eacute;xico permite una gran comunicaci&oacute;n y alcance con el espa&ntilde;ol neutro [&hellip;]\" \/>\n<meta property=\"og:url\" content=\"https:\/\/roofcatstudios.com\/?page_id=271\" \/>\n<meta property=\"og:site_name\" content=\"Roof Cat Studios\" \/>\n<meta property=\"article:publisher\" content=\"https:\/\/www.facebook.com\/roofcatstudios\" \/>\n<meta name=\"twitter:card\" content=\"summary_large_image\" \/>\n<meta name=\"twitter:label1\" content=\"Tiempo de lectura\" \/>\n\t<meta name=\"twitter:data1\" content=\"3 minutos\" \/>\n<script type=\"application\/ld+json\" class=\"yoast-schema-graph\">{\"@context\":\"https:\/\/schema.org\",\"@graph\":[{\"@type\":\"WebPage\",\"@id\":\"https:\/\/roofcatstudios.com\/?page_id=271\",\"url\":\"https:\/\/roofcatstudios.com\/?page_id=271\",\"name\":\"Localizaci\u00f3n - Roof Cat Studios\",\"isPartOf\":{\"@id\":\"https:\/\/roofcatstudios.com\/#website\"},\"datePublished\":\"2023-11-29T21:58:11+00:00\",\"breadcrumb\":{\"@id\":\"https:\/\/roofcatstudios.com\/?page_id=271#breadcrumb\"},\"inLanguage\":\"es\",\"potentialAction\":[{\"@type\":\"ReadAction\",\"target\":[\"https:\/\/roofcatstudios.com\/?page_id=271\"]}]},{\"@type\":\"BreadcrumbList\",\"@id\":\"https:\/\/roofcatstudios.com\/?page_id=271#breadcrumb\",\"itemListElement\":[{\"@type\":\"ListItem\",\"position\":1,\"name\":\"Inicio\",\"item\":\"https:\/\/roofcatstudios.com\/\"},{\"@type\":\"ListItem\",\"position\":2,\"name\":\"Localizaci\u00f3n\"}]},{\"@type\":\"WebSite\",\"@id\":\"https:\/\/roofcatstudios.com\/#website\",\"url\":\"https:\/\/roofcatstudios.com\/\",\"name\":\"Roof Cat Studios\",\"description\":\"Estudio de Producci\u00f3n Musical, Dise\u00f1o Sonoro y Post Producci\u00f3n\",\"publisher\":{\"@id\":\"https:\/\/roofcatstudios.com\/#organization\"},\"potentialAction\":[{\"@type\":\"SearchAction\",\"target\":{\"@type\":\"EntryPoint\",\"urlTemplate\":\"https:\/\/roofcatstudios.com\/?s={search_term_string}\"},\"query-input\":{\"@type\":\"PropertyValueSpecification\",\"valueRequired\":true,\"valueName\":\"search_term_string\"}}],\"inLanguage\":\"es\"},{\"@type\":\"Organization\",\"@id\":\"https:\/\/roofcatstudios.com\/#organization\",\"name\":\"Roof Cat Studios\",\"url\":\"https:\/\/roofcatstudios.com\/\",\"logo\":{\"@type\":\"ImageObject\",\"inLanguage\":\"es\",\"@id\":\"https:\/\/roofcatstudios.com\/#\/schema\/logo\/image\/\",\"url\":\"https:\/\/roofcatstudios.com\/wp-content\/uploads\/2023\/11\/RoofCatStudioLogo_v-copia-4-2.png\",\"contentUrl\":\"https:\/\/roofcatstudios.com\/wp-content\/uploads\/2023\/11\/RoofCatStudioLogo_v-copia-4-2.png\",\"width\":500,\"height\":154,\"caption\":\"Roof Cat Studios\"},\"image\":{\"@id\":\"https:\/\/roofcatstudios.com\/#\/schema\/logo\/image\/\"},\"sameAs\":[\"https:\/\/www.facebook.com\/roofcatstudios\",\"https:\/\/www.instagram.com\/roofcatstudios\/\"]}]}<\/script>\n<!-- \/ Yoast SEO plugin. -->","yoast_head_json":{"title":"Localizaci\u00f3n - Roof Cat Studios","robots":{"index":"index","follow":"follow","max-snippet":"max-snippet:-1","max-image-preview":"max-image-preview:large","max-video-preview":"max-video-preview:-1"},"canonical":"https:\/\/roofcatstudios.com\/?page_id=271","og_locale":"es_MX","og_type":"article","og_title":"Localizaci\u00f3n - Roof Cat Studios","og_description":"[cs_content _p=&#8217;271&#8242;][cs_element_section _id=&#8221;1&#8243; ][cs_element_layout_div _id=&#8221;2&#8243; ][cs_element_text _id=&#8221;3&#8243; ][cs_content_seo]QA y Localizaci&oacute;n en multiplataformasnn[\/cs_content_seo][cs_element_headline _id=&#8221;4&#8243; ][cs_content_seo]Servicios de Localizaci&oacute;n RegionalnnQuick caption herenn[\/cs_content_seo][cs_element_text _id=&#8221;5&#8243; ][cs_content_seo]Roof Cat Studios ofrece servicios a trav&eacute;s de su red de artistas de voz de forma local y remota. Localizados en la Ciudad de M&eacute;xico permite una gran comunicaci&oacute;n y alcance con el espa&ntilde;ol neutro [&hellip;]","og_url":"https:\/\/roofcatstudios.com\/?page_id=271","og_site_name":"Roof Cat Studios","article_publisher":"https:\/\/www.facebook.com\/roofcatstudios","twitter_card":"summary_large_image","twitter_misc":{"Tiempo de lectura":"3 minutos"},"schema":{"@context":"https:\/\/schema.org","@graph":[{"@type":"WebPage","@id":"https:\/\/roofcatstudios.com\/?page_id=271","url":"https:\/\/roofcatstudios.com\/?page_id=271","name":"Localizaci\u00f3n - Roof Cat Studios","isPartOf":{"@id":"https:\/\/roofcatstudios.com\/#website"},"datePublished":"2023-11-29T21:58:11+00:00","breadcrumb":{"@id":"https:\/\/roofcatstudios.com\/?page_id=271#breadcrumb"},"inLanguage":"es","potentialAction":[{"@type":"ReadAction","target":["https:\/\/roofcatstudios.com\/?page_id=271"]}]},{"@type":"BreadcrumbList","@id":"https:\/\/roofcatstudios.com\/?page_id=271#breadcrumb","itemListElement":[{"@type":"ListItem","position":1,"name":"Inicio","item":"https:\/\/roofcatstudios.com\/"},{"@type":"ListItem","position":2,"name":"Localizaci\u00f3n"}]},{"@type":"WebSite","@id":"https:\/\/roofcatstudios.com\/#website","url":"https:\/\/roofcatstudios.com\/","name":"Roof Cat Studios","description":"Estudio de Producci\u00f3n Musical, Dise\u00f1o Sonoro y Post Producci\u00f3n","publisher":{"@id":"https:\/\/roofcatstudios.com\/#organization"},"potentialAction":[{"@type":"SearchAction","target":{"@type":"EntryPoint","urlTemplate":"https:\/\/roofcatstudios.com\/?s={search_term_string}"},"query-input":{"@type":"PropertyValueSpecification","valueRequired":true,"valueName":"search_term_string"}}],"inLanguage":"es"},{"@type":"Organization","@id":"https:\/\/roofcatstudios.com\/#organization","name":"Roof Cat Studios","url":"https:\/\/roofcatstudios.com\/","logo":{"@type":"ImageObject","inLanguage":"es","@id":"https:\/\/roofcatstudios.com\/#\/schema\/logo\/image\/","url":"https:\/\/roofcatstudios.com\/wp-content\/uploads\/2023\/11\/RoofCatStudioLogo_v-copia-4-2.png","contentUrl":"https:\/\/roofcatstudios.com\/wp-content\/uploads\/2023\/11\/RoofCatStudioLogo_v-copia-4-2.png","width":500,"height":154,"caption":"Roof Cat Studios"},"image":{"@id":"https:\/\/roofcatstudios.com\/#\/schema\/logo\/image\/"},"sameAs":["https:\/\/www.facebook.com\/roofcatstudios","https:\/\/www.instagram.com\/roofcatstudios\/"]}]}},"jetpack_sharing_enabled":true,"_links":{"self":[{"href":"https:\/\/roofcatstudios.com\/index.php?rest_route=\/wp\/v2\/pages\/271","targetHints":{"allow":["GET"]}}],"collection":[{"href":"https:\/\/roofcatstudios.com\/index.php?rest_route=\/wp\/v2\/pages"}],"about":[{"href":"https:\/\/roofcatstudios.com\/index.php?rest_route=\/wp\/v2\/types\/page"}],"author":[{"embeddable":true,"href":"https:\/\/roofcatstudios.com\/index.php?rest_route=\/wp\/v2\/users\/1"}],"replies":[{"embeddable":true,"href":"https:\/\/roofcatstudios.com\/index.php?rest_route=%2Fwp%2Fv2%2Fcomments&post=271"}],"version-history":[{"count":4,"href":"https:\/\/roofcatstudios.com\/index.php?rest_route=\/wp\/v2\/pages\/271\/revisions"}],"predecessor-version":[{"id":286,"href":"https:\/\/roofcatstudios.com\/index.php?rest_route=\/wp\/v2\/pages\/271\/revisions\/286"}],"wp:attachment":[{"href":"https:\/\/roofcatstudios.com\/index.php?rest_route=%2Fwp%2Fv2%2Fmedia&parent=271"}],"curies":[{"name":"wp","href":"https:\/\/api.w.org\/{rel}","templated":true}]}}