{"id":311,"date":"2025-04-17T22:29:41","date_gmt":"2025-04-18T04:29:41","guid":{"rendered":"https:\/\/roofcatstudios.com\/localizacion-2\/"},"modified":"2026-01-12T13:26:28","modified_gmt":"2026-01-12T19:26:28","slug":"mezcla-dolby-atmos","status":"publish","type":"page","link":"https:\/\/roofcatstudios.com\/?page_id=311","title":{"rendered":"Mezcla Dolby Atmos"},"content":{"rendered":"<p>[cs_content _p=&#8217;311&#8242;][cs_element_section _id=&#8221;1&#8243; ][cs_element_layout_div _id=&#8221;2&#8243; ][cs_element_text _id=&#8221;3&#8243; ][cs_content_seo]Audio Espacial\/Inmersivo\\n\\n[\/cs_content_seo][cs_element_image _id=&#8221;4&#8243; ][cs_element_text _id=&#8221;5&#8243; ][cs_content_seo]Lleva tu m&uacute;sica a otra dimensi&oacute;n con mezcla profesional en Dolby Atmos<br \/>\nTransforma tus canciones en experiencias sonoras envolventes para plataformas como Apple Music&reg;, TIDAL&reg; y Amazon Music&reg;.\\n\\n[\/cs_content_seo][cs_element_layout_row _id=&#8221;6&#8243; ][cs_element_layout_column _id=&#8221;7&#8243; ][cs_element_button _id=&#8221;8&#8243; ][cs_content_seo]Comencemos\\n\\n[\/cs_content_seo][\/cs_element_layout_column][\/cs_element_layout_row][cs_element_layout_grid _id=&#8221;9&#8243; ][cs_element_layout_cell _id=&#8221;10&#8243; ][cs_element_image _id=&#8221;11&#8243; ][\/cs_element_layout_cell][cs_element_layout_cell _id=&#8221;12&#8243; ][cs_element_image _id=&#8221;13&#8243; ][\/cs_element_layout_cell][cs_element_layout_cell _id=&#8221;14&#8243; ][cs_element_image _id=&#8221;15&#8243; ][\/cs_element_layout_cell][cs_element_layout_cell _id=&#8221;16&#8243; ][cs_element_image _id=&#8221;17&#8243; ][\/cs_element_layout_cell][\/cs_element_layout_grid][\/cs_element_layout_div][\/cs_element_section][cs_element_section _id=&#8221;18&#8243; ][cs_element_layout_div _id=&#8221;19&#8243; ][cs_element_headline _id=&#8221;20&#8243; ][cs_content_seo]&iquest;Que es Dolby Atmos para m&uacute;sica?\\n\\nQuick caption here\\n\\n[\/cs_content_seo][cs_element_text _id=&#8221;21&#8243; ][cs_content_seo]Dolby Atmos revoluciona la manera en que se escucha la m&uacute;sica, permitiendo que los sonidos se muevan alrededor del oyente en un espacio 3D. Ya no se trata de izquierda y derecha (est&eacute;reo), sino de arriba, abajo y alrededor, creando una experiencia inmersiva &uacute;nica.\\n\\n[\/cs_content_seo][cs_element_layout_row _id=&#8221;22&#8243; ][cs_element_layout_column _id=&#8221;23&#8243; ][cs_element_layout_div_2 _id=&#8221;24&#8243; ][cs_element_layout_div_3 _id=&#8221;25&#8243; ][cs_element_video _id=&#8221;26&#8243; ][\/cs_element_layout_div_3][\/cs_element_layout_div_2][cs_element_layout_div_2 _id=&#8221;27&#8243; ][cs_element_text _id=&#8221;28&#8243; ][cs_content_seo]Dolby Atmos Music DEMO: Usar aud&iacute;fonos&nbsp;\\n\\n[\/cs_content_seo][\/cs_element_layout_div_2][\/cs_element_layout_column][\/cs_element_layout_row][\/cs_element_layout_div][\/cs_element_section][cs_element_section _id=&#8221;29&#8243; ][cs_element_layout_div _id=&#8221;30&#8243; ][cs_element_text _id=&#8221;31&#8243; ][cs_content_seo]Beneficios de Mezclar en Dolby Atmos&reg;\\n\\n[\/cs_content_seo][cs_element_text _id=&#8221;32&#8243; ][cs_content_seo]\u2705&nbsp;Destaca en plataformas: Apple Music&reg;, TIDAL&reg; y Amazon&reg; priorizan m&uacute;sica en Atmos.<\/p>\n<p>\ud83c\udfa7&nbsp;Experiencia premium: Tus fans escuchar&aacute;n detalles nunca antes percibidos.<\/p>\n<p>\ud83d\ude80&nbsp;Innovaci&oacute;n art&iacute;stica: A&ntilde;ade profundidad, movimiento y emoci&oacute;n a tus canciones.<\/p>\n<p>\ud83c\udf0d&nbsp;Futuro del audio: El formato est&aacute; creciendo r&aacute;pidamente en streaming y sistemas de cine en casa.<\/p>\n<p>\\n\\n[\/cs_content_seo][\/cs_element_layout_div][\/cs_element_section][cs_element_section _id=&#8221;33&#8243; ][cs_element_layout_div _id=&#8221;34&#8243; ][cs_element_headline _id=&#8221;35&#8243; ][cs_content_seo]&iquest;Como trabajamos?\\n\\nQuick caption here\\n\\n[\/cs_content_seo][cs_element_text _id=&#8221;36&#8243; ][cs_content_seo]An&aacute;lisis: Evaluamos tu mezcla est&eacute;reo para planear la espacializaci&oacute;n.<\/p>\n<p>Mezcla Atmos: Configuramos objetos sonoros en 3D con software especializado.<\/p>\n<p>Revisi&oacute;n: Ajustamos seg&uacute;n tus feedback y preferencias creativas.<\/p>\n<p>Entrega: Te brindamos archivos compatibles con los est&aacute;ndares de streaming.<\/p>\n<p>\\n\\n[\/cs_content_seo][cs_element_layout_row _id=&#8221;37&#8243; ][cs_element_layout_column _id=&#8221;38&#8243; ][cs_element_layout_div_2 _id=&#8221;39&#8243; ][cs_element_layout_div_3 _id=&#8221;40&#8243; ][cs_element_image _id=&#8221;41&#8243; ][\/cs_element_layout_div_3][\/cs_element_layout_div_2][\/cs_element_layout_column][\/cs_element_layout_row][\/cs_element_layout_div][\/cs_element_section][cs_element_section _id=&#8221;42&#8243; ][cs_element_layout_div _id=&#8221;43&#8243; ][cs_element_text _id=&#8221;44&#8243; ][cs_content_seo]Preguntas frecuentes\\n\\n[\/cs_content_seo][cs_element_text _id=&#8221;45&#8243; ][cs_content_seo]P:&nbsp;&#8220;&iquest;Necesito grabar de nuevo mi m&uacute;sica para Atmos?&#8221;R:&nbsp;No necesariamente. Podemos trabajar con tus stems o mezcla est&eacute;reo existente.<br \/>\nP:&nbsp;&#8220;&iquest;Qu&eacute; equipos necesito para escuchar mi m&uacute;sica en Atmos?&#8221;R:&nbsp;Auriculares compatibles (como AirPods Pro), sistemas de sonido envolvente (5.1.2, 7.1.4) o dispositivos como Apple TV 4K.<br \/>\nP:&nbsp;&#8220;&iquest;Cu&aacute;nto cuesta una mezcla en Dolby Atmos?&#8221;R: Por precio de introducci&oacute;n es gratuito para los proyectos de mas de 2 temas que se produzcan en Roof Cat Studios. Para proyectos de otros lados puedes contratar agregando el servicio con la tienda en l&iacute;nea o contactando a nuestro STAFF.&nbsp;<br \/>\nP:&#8221;&iquest;Como mando mi m&uacute;sica para que sea mezclada por Dolby Atmos?&nbsp;R: Requerimos que mandes los STEMS preferentemente con los efectos de reverberaci&oacute;n y de tiempo en STEMS separados.&nbsp;\\n\\n[\/cs_content_seo][\/cs_element_layout_div][\/cs_element_section][cs_element_section _id=&#8221;46&#8243; ][cs_element_layout_div _id=&#8221;47&#8243; ][cs_element_headline _id=&#8221;48&#8243; ][cs_content_seo]&iquest;Listo para explorar el futuro del sonido?\\n\\nQuick caption here\\n\\n[\/cs_content_seo][cs_element_text _id=&#8221;49&#8243; ][cs_content_seo]Env&iacute;anos tu proyecto y te guiaremos paso a paso para que tu m&uacute;sica brille en Dolby Atmos\\n\\n[\/cs_content_seo][cs_element_button _id=&#8221;50&#8243; ][cs_content_seo]Solicitar asesor\u00eda\\n\\n[\/cs_content_seo][cs_element_layout_row _id=&#8221;51&#8243; ][cs_element_layout_column _id=&#8221;52&#8243; ][cs_element_layout_div_2 _id=&#8221;53&#8243; ][cs_element_layout_div_3 _id=&#8221;54&#8243; ][cs_element_image _id=&#8221;55&#8221; ][\/cs_element_layout_div_3][\/cs_element_layout_div_2][\/cs_element_layout_column][\/cs_element_layout_row][\/cs_element_layout_div][\/cs_element_section][\/cs_content]<\/p>\n","protected":false},"excerpt":{"rendered":"<p>[cs_content _p=&#8217;311&#8242;][cs_element_section _id=&#8221;1&#8243; ][cs_element_layout_div _id=&#8221;2&#8243; ][cs_element_text _id=&#8221;3&#8243; ][cs_content_seo]Audio Espacial\/Inmersivo\\n\\n[\/cs_content_seo][cs_element_image _id=&#8221;4&#8243; ][cs_element_text _id=&#8221;5&#8243; ][cs_content_seo]Lleva tu m&uacute;sica a otra dimensi&oacute;n con mezcla profesional en Dolby Atmos Transforma tus canciones en experiencias sonoras envolventes para plataformas como Apple Music&reg;, TIDAL&reg; y Amazon Music&reg;.\\n\\n[\/cs_content_seo][cs_element_layout_row _id=&#8221;6&#8243; ][cs_element_layout_column _id=&#8221;7&#8243; ][cs_element_button _id=&#8221;8&#8243; ][cs_content_seo]Comencemos\\n\\n[\/cs_content_seo][\/cs_element_layout_column][\/cs_element_layout_row][cs_element_layout_grid _id=&#8221;9&#8243; ][cs_element_layout_cell _id=&#8221;10&#8243; ][cs_element_image _id=&#8221;11&#8243; ][\/cs_element_layout_cell][cs_element_layout_cell _id=&#8221;12&#8243; ][cs_element_image _id=&#8221;13&#8243; [&hellip;]<\/p>\n","protected":false},"author":1,"featured_media":0,"parent":0,"menu_order":0,"comment_status":"closed","ping_status":"closed","template":"template-blank-4.php","meta":{"footnotes":""},"class_list":["post-311","page","type-page","status-publish","hentry"],"yoast_head":"<!-- This site is optimized with the Yoast SEO plugin v27.2 - https:\/\/yoast.com\/product\/yoast-seo-wordpress\/ -->\n<title>Mezcla Dolby Atmos - Roof Cat Studios<\/title>\n<meta name=\"robots\" content=\"index, follow, max-snippet:-1, max-image-preview:large, max-video-preview:-1\" \/>\n<link rel=\"canonical\" href=\"https:\/\/roofcatstudios.com\/?page_id=311\" \/>\n<meta property=\"og:locale\" content=\"es_MX\" \/>\n<meta property=\"og:type\" content=\"article\" \/>\n<meta property=\"og:title\" content=\"Mezcla Dolby Atmos - Roof Cat Studios\" \/>\n<meta property=\"og:description\" content=\"[cs_content _p=&#8217;311&#8242;][cs_element_section _id=&#8221;1&#8243; ][cs_element_layout_div _id=&#8221;2&#8243; ][cs_element_text _id=&#8221;3&#8243; ][cs_content_seo]Audio Espacial\/Inmersivonn[\/cs_content_seo][cs_element_image _id=&#8221;4&#8243; ][cs_element_text _id=&#8221;5&#8243; ][cs_content_seo]Lleva tu m&uacute;sica a otra dimensi&oacute;n con mezcla profesional en Dolby Atmos Transforma tus canciones en experiencias sonoras envolventes para plataformas como Apple Music&reg;, TIDAL&reg; y Amazon Music&reg;.nn[\/cs_content_seo][cs_element_layout_row _id=&#8221;6&#8243; ][cs_element_layout_column _id=&#8221;7&#8243; ][cs_element_button _id=&#8221;8&#8243; ][cs_content_seo]Comencemosnn[\/cs_content_seo][\/cs_element_layout_column][\/cs_element_layout_row][cs_element_layout_grid _id=&#8221;9&#8243; ][cs_element_layout_cell _id=&#8221;10&#8243; ][cs_element_image _id=&#8221;11&#8243; ][\/cs_element_layout_cell][cs_element_layout_cell _id=&#8221;12&#8243; ][cs_element_image _id=&#8221;13&#8243; [&hellip;]\" \/>\n<meta property=\"og:url\" content=\"https:\/\/roofcatstudios.com\/?page_id=311\" \/>\n<meta property=\"og:site_name\" content=\"Roof Cat Studios\" \/>\n<meta property=\"article:publisher\" content=\"https:\/\/www.facebook.com\/roofcatstudios\" \/>\n<meta property=\"article:modified_time\" content=\"2026-01-12T19:26:28+00:00\" \/>\n<meta name=\"twitter:card\" content=\"summary_large_image\" \/>\n<meta name=\"twitter:label1\" content=\"Tiempo de lectura\" \/>\n\t<meta name=\"twitter:data1\" content=\"5 minutos\" \/>\n<script type=\"application\/ld+json\" class=\"yoast-schema-graph\">{\"@context\":\"https:\/\/schema.org\",\"@graph\":[{\"@type\":\"WebPage\",\"@id\":\"https:\/\/roofcatstudios.com\/?page_id=311\",\"url\":\"https:\/\/roofcatstudios.com\/?page_id=311\",\"name\":\"Mezcla Dolby Atmos - Roof Cat Studios\",\"isPartOf\":{\"@id\":\"https:\/\/roofcatstudios.com\/#website\"},\"datePublished\":\"2025-04-18T04:29:41+00:00\",\"dateModified\":\"2026-01-12T19:26:28+00:00\",\"breadcrumb\":{\"@id\":\"https:\/\/roofcatstudios.com\/?page_id=311#breadcrumb\"},\"inLanguage\":\"es\",\"potentialAction\":[{\"@type\":\"ReadAction\",\"target\":[\"https:\/\/roofcatstudios.com\/?page_id=311\"]}]},{\"@type\":\"BreadcrumbList\",\"@id\":\"https:\/\/roofcatstudios.com\/?page_id=311#breadcrumb\",\"itemListElement\":[{\"@type\":\"ListItem\",\"position\":1,\"name\":\"Inicio\",\"item\":\"https:\/\/roofcatstudios.com\/\"},{\"@type\":\"ListItem\",\"position\":2,\"name\":\"Mezcla Dolby Atmos\"}]},{\"@type\":\"WebSite\",\"@id\":\"https:\/\/roofcatstudios.com\/#website\",\"url\":\"https:\/\/roofcatstudios.com\/\",\"name\":\"Roof Cat Studios\",\"description\":\"Estudio de Producci\u00f3n Musical, Dise\u00f1o Sonoro y Post Producci\u00f3n\",\"publisher\":{\"@id\":\"https:\/\/roofcatstudios.com\/#organization\"},\"potentialAction\":[{\"@type\":\"SearchAction\",\"target\":{\"@type\":\"EntryPoint\",\"urlTemplate\":\"https:\/\/roofcatstudios.com\/?s={search_term_string}\"},\"query-input\":{\"@type\":\"PropertyValueSpecification\",\"valueRequired\":true,\"valueName\":\"search_term_string\"}}],\"inLanguage\":\"es\"},{\"@type\":\"Organization\",\"@id\":\"https:\/\/roofcatstudios.com\/#organization\",\"name\":\"Roof Cat Studios\",\"url\":\"https:\/\/roofcatstudios.com\/\",\"logo\":{\"@type\":\"ImageObject\",\"inLanguage\":\"es\",\"@id\":\"https:\/\/roofcatstudios.com\/#\/schema\/logo\/image\/\",\"url\":\"https:\/\/roofcatstudios.com\/wp-content\/uploads\/2023\/11\/RoofCatStudioLogo_v-copia-4-2.png\",\"contentUrl\":\"https:\/\/roofcatstudios.com\/wp-content\/uploads\/2023\/11\/RoofCatStudioLogo_v-copia-4-2.png\",\"width\":500,\"height\":154,\"caption\":\"Roof Cat Studios\"},\"image\":{\"@id\":\"https:\/\/roofcatstudios.com\/#\/schema\/logo\/image\/\"},\"sameAs\":[\"https:\/\/www.facebook.com\/roofcatstudios\",\"https:\/\/www.instagram.com\/roofcatstudios\/\"]}]}<\/script>\n<!-- \/ Yoast SEO plugin. -->","yoast_head_json":{"title":"Mezcla Dolby Atmos - Roof Cat Studios","robots":{"index":"index","follow":"follow","max-snippet":"max-snippet:-1","max-image-preview":"max-image-preview:large","max-video-preview":"max-video-preview:-1"},"canonical":"https:\/\/roofcatstudios.com\/?page_id=311","og_locale":"es_MX","og_type":"article","og_title":"Mezcla Dolby Atmos - Roof Cat Studios","og_description":"[cs_content _p=&#8217;311&#8242;][cs_element_section _id=&#8221;1&#8243; ][cs_element_layout_div _id=&#8221;2&#8243; ][cs_element_text _id=&#8221;3&#8243; ][cs_content_seo]Audio Espacial\/Inmersivonn[\/cs_content_seo][cs_element_image _id=&#8221;4&#8243; ][cs_element_text _id=&#8221;5&#8243; ][cs_content_seo]Lleva tu m&uacute;sica a otra dimensi&oacute;n con mezcla profesional en Dolby Atmos Transforma tus canciones en experiencias sonoras envolventes para plataformas como Apple Music&reg;, TIDAL&reg; y Amazon Music&reg;.nn[\/cs_content_seo][cs_element_layout_row _id=&#8221;6&#8243; ][cs_element_layout_column _id=&#8221;7&#8243; ][cs_element_button _id=&#8221;8&#8243; ][cs_content_seo]Comencemosnn[\/cs_content_seo][\/cs_element_layout_column][\/cs_element_layout_row][cs_element_layout_grid _id=&#8221;9&#8243; ][cs_element_layout_cell _id=&#8221;10&#8243; ][cs_element_image _id=&#8221;11&#8243; ][\/cs_element_layout_cell][cs_element_layout_cell _id=&#8221;12&#8243; ][cs_element_image _id=&#8221;13&#8243; [&hellip;]","og_url":"https:\/\/roofcatstudios.com\/?page_id=311","og_site_name":"Roof Cat Studios","article_publisher":"https:\/\/www.facebook.com\/roofcatstudios","article_modified_time":"2026-01-12T19:26:28+00:00","twitter_card":"summary_large_image","twitter_misc":{"Tiempo de lectura":"5 minutos"},"schema":{"@context":"https:\/\/schema.org","@graph":[{"@type":"WebPage","@id":"https:\/\/roofcatstudios.com\/?page_id=311","url":"https:\/\/roofcatstudios.com\/?page_id=311","name":"Mezcla Dolby Atmos - Roof Cat Studios","isPartOf":{"@id":"https:\/\/roofcatstudios.com\/#website"},"datePublished":"2025-04-18T04:29:41+00:00","dateModified":"2026-01-12T19:26:28+00:00","breadcrumb":{"@id":"https:\/\/roofcatstudios.com\/?page_id=311#breadcrumb"},"inLanguage":"es","potentialAction":[{"@type":"ReadAction","target":["https:\/\/roofcatstudios.com\/?page_id=311"]}]},{"@type":"BreadcrumbList","@id":"https:\/\/roofcatstudios.com\/?page_id=311#breadcrumb","itemListElement":[{"@type":"ListItem","position":1,"name":"Inicio","item":"https:\/\/roofcatstudios.com\/"},{"@type":"ListItem","position":2,"name":"Mezcla Dolby Atmos"}]},{"@type":"WebSite","@id":"https:\/\/roofcatstudios.com\/#website","url":"https:\/\/roofcatstudios.com\/","name":"Roof Cat Studios","description":"Estudio de Producci\u00f3n Musical, Dise\u00f1o Sonoro y Post Producci\u00f3n","publisher":{"@id":"https:\/\/roofcatstudios.com\/#organization"},"potentialAction":[{"@type":"SearchAction","target":{"@type":"EntryPoint","urlTemplate":"https:\/\/roofcatstudios.com\/?s={search_term_string}"},"query-input":{"@type":"PropertyValueSpecification","valueRequired":true,"valueName":"search_term_string"}}],"inLanguage":"es"},{"@type":"Organization","@id":"https:\/\/roofcatstudios.com\/#organization","name":"Roof Cat Studios","url":"https:\/\/roofcatstudios.com\/","logo":{"@type":"ImageObject","inLanguage":"es","@id":"https:\/\/roofcatstudios.com\/#\/schema\/logo\/image\/","url":"https:\/\/roofcatstudios.com\/wp-content\/uploads\/2023\/11\/RoofCatStudioLogo_v-copia-4-2.png","contentUrl":"https:\/\/roofcatstudios.com\/wp-content\/uploads\/2023\/11\/RoofCatStudioLogo_v-copia-4-2.png","width":500,"height":154,"caption":"Roof Cat Studios"},"image":{"@id":"https:\/\/roofcatstudios.com\/#\/schema\/logo\/image\/"},"sameAs":["https:\/\/www.facebook.com\/roofcatstudios","https:\/\/www.instagram.com\/roofcatstudios\/"]}]}},"jetpack_sharing_enabled":true,"_links":{"self":[{"href":"https:\/\/roofcatstudios.com\/index.php?rest_route=\/wp\/v2\/pages\/311","targetHints":{"allow":["GET"]}}],"collection":[{"href":"https:\/\/roofcatstudios.com\/index.php?rest_route=\/wp\/v2\/pages"}],"about":[{"href":"https:\/\/roofcatstudios.com\/index.php?rest_route=\/wp\/v2\/types\/page"}],"author":[{"embeddable":true,"href":"https:\/\/roofcatstudios.com\/index.php?rest_route=\/wp\/v2\/users\/1"}],"replies":[{"embeddable":true,"href":"https:\/\/roofcatstudios.com\/index.php?rest_route=%2Fwp%2Fv2%2Fcomments&post=311"}],"version-history":[{"count":17,"href":"https:\/\/roofcatstudios.com\/index.php?rest_route=\/wp\/v2\/pages\/311\/revisions"}],"predecessor-version":[{"id":746,"href":"https:\/\/roofcatstudios.com\/index.php?rest_route=\/wp\/v2\/pages\/311\/revisions\/746"}],"wp:attachment":[{"href":"https:\/\/roofcatstudios.com\/index.php?rest_route=%2Fwp%2Fv2%2Fmedia&parent=311"}],"curies":[{"name":"wp","href":"https:\/\/api.w.org\/{rel}","templated":true}]}}