{"id":314,"date":"2025-04-17T22:30:33","date_gmt":"2025-04-18T04:30:33","guid":{"rendered":"https:\/\/roofcatstudios.com\/localizacion-2-2\/"},"modified":"2025-04-18T18:38:24","modified_gmt":"2025-04-19T00:38:24","slug":"localizacion-2-2","status":"publish","type":"page","link":"https:\/\/roofcatstudios.com\/?page_id=314","title":{"rendered":"Apple Digital Masters"},"content":{"rendered":"<p>[cs_content _p=&#8217;314&#8242;][cs_element_section _id=&#8221;1&#8243; ][cs_element_layout_div _id=&#8221;2&#8243; ][cs_element_text _id=&#8221;3&#8243; ][cs_content_seo]Somos casa productora de Apple Digital Masters\\n\\n[\/cs_content_seo][cs_element_image _id=&#8221;4&#8243; ][cs_element_text _id=&#8221;5&#8243; ][cs_content_seo]Desde el 2019 Apple introduce MFiT (Mastered for iTunes), cuyo proceso permite que tu m&uacute;sica retenga la informaci&oacute;n de 24 bits garantizando una experiencia muy cercana a la producci&oacute;n en estudio.<br \/>\nMFiT introduce un flujo de trabajo que mantiene la resoluci&oacute;n de al menos 24 bits, es decir, superior al disco de audio. Esto permite retener la resoluci&oacute;n aun tras la codificaci&oacute;n AAC. Los manuales y herramientas que incorpora Apple Digital Masters (antes MFiT) incluyen el uso de plug-ins de medici&oacute;n y chequeo de clipping entre-muestra para asegurar que las producciones que cumplan con estas recomendaciones est&eacute;n fuera del clipping a&uacute;n despu&eacute;s de la codificaci&oacute;n y reproducci&oacute;n.<br \/>\nPara asegurar que estas recomendaciones sean seguidas Apple a aprobado a Ingenieros de Masterizaci&oacute;n y casas productoras que demuestren el dominio y seguimiento de sus procesos de calidad para ser agregados a la lista oficial de Apple de proveedores de Apple Digital Masters.<br \/>\nRoof Cat Studios cuenta con esta aprobaci&oacute;n desde 2018 incluyendo los procesos de revisi&oacute;n de calidad en cada uno de sus producciones.<br \/>\nSi no eres parte de la familia de Roof Cat Studios y deseas que tus masters cumplan con estos procesos de calidad. Cont&aacute;ctanos para dar una soluci&oacute;n a tus producciones.\\n\\n[\/cs_content_seo][cs_element_layout_row _id=&#8221;6&#8243; ][cs_element_layout_column _id=&#8221;7&#8243; ][cs_element_button _id=&#8221;8&#8243; ][cs_content_seo]Comenzemos\\n\\n[\/cs_content_seo][\/cs_element_layout_column][\/cs_element_layout_row][\/cs_element_layout_div][\/cs_element_section][cs_element_section _id=&#8221;9&#8243; ][cs_element_layout_div _id=&#8221;10&#8243; ][cs_element_headline _id=&#8221;11&#8243; ][cs_content_seo]Conoce mas sobre Apple Digital Masters\\n\\nQuick caption here\\n\\n[\/cs_content_seo][cs_element_layout_row _id=&#8221;12&#8243; ][cs_element_layout_column _id=&#8221;13&#8243; ][cs_element_button _id=&#8221;14&#8243; ][cs_content_seo]P\u00e1gina oficial de Apple\\n\\n[\/cs_content_seo][\/cs_element_layout_column][\/cs_element_layout_row][\/cs_element_layout_div][\/cs_element_section][\/cs_content]<\/p>\n","protected":false},"excerpt":{"rendered":"<p>[cs_content _p=&#8217;314&#8242;][cs_element_section _id=&#8221;1&#8243; ][cs_element_layout_div _id=&#8221;2&#8243; ][cs_element_text _id=&#8221;3&#8243; ][cs_content_seo]Somos casa productora de Apple Digital Masters\\n\\n[\/cs_content_seo][cs_element_image _id=&#8221;4&#8243; ][cs_element_text _id=&#8221;5&#8243; ][cs_content_seo]Desde el 2019 Apple introduce MFiT (Mastered for iTunes), cuyo proceso permite que tu m&uacute;sica retenga la informaci&oacute;n de 24 bits garantizando una experiencia muy cercana a la producci&oacute;n en estudio. MFiT introduce un flujo de trabajo que [&hellip;]<\/p>\n","protected":false},"author":1,"featured_media":0,"parent":0,"menu_order":0,"comment_status":"closed","ping_status":"closed","template":"template-blank-4.php","meta":{"footnotes":""},"class_list":["post-314","page","type-page","status-publish","hentry"],"yoast_head":"<!-- This site is optimized with the Yoast SEO plugin v27.2 - https:\/\/yoast.com\/product\/yoast-seo-wordpress\/ -->\n<title>Apple Digital Masters - Roof Cat Studios<\/title>\n<meta name=\"robots\" content=\"index, follow, max-snippet:-1, max-image-preview:large, max-video-preview:-1\" \/>\n<link rel=\"canonical\" href=\"https:\/\/roofcatstudios.com\/?page_id=314\" \/>\n<meta property=\"og:locale\" content=\"es_MX\" \/>\n<meta property=\"og:type\" content=\"article\" \/>\n<meta property=\"og:title\" content=\"Apple Digital Masters - Roof Cat Studios\" \/>\n<meta property=\"og:description\" content=\"[cs_content _p=&#8217;314&#8242;][cs_element_section _id=&#8221;1&#8243; ][cs_element_layout_div _id=&#8221;2&#8243; ][cs_element_text _id=&#8221;3&#8243; ][cs_content_seo]Somos casa productora de Apple Digital Mastersnn[\/cs_content_seo][cs_element_image _id=&#8221;4&#8243; ][cs_element_text _id=&#8221;5&#8243; ][cs_content_seo]Desde el 2019 Apple introduce MFiT (Mastered for iTunes), cuyo proceso permite que tu m&uacute;sica retenga la informaci&oacute;n de 24 bits garantizando una experiencia muy cercana a la producci&oacute;n en estudio. MFiT introduce un flujo de trabajo que [&hellip;]\" \/>\n<meta property=\"og:url\" content=\"https:\/\/roofcatstudios.com\/?page_id=314\" \/>\n<meta property=\"og:site_name\" content=\"Roof Cat Studios\" \/>\n<meta property=\"article:publisher\" content=\"https:\/\/www.facebook.com\/roofcatstudios\" \/>\n<meta property=\"article:modified_time\" content=\"2025-04-19T00:38:24+00:00\" \/>\n<meta name=\"twitter:card\" content=\"summary_large_image\" \/>\n<meta name=\"twitter:label1\" content=\"Tiempo de lectura\" \/>\n\t<meta name=\"twitter:data1\" content=\"2 minutos\" \/>\n<script type=\"application\/ld+json\" class=\"yoast-schema-graph\">{\"@context\":\"https:\/\/schema.org\",\"@graph\":[{\"@type\":\"WebPage\",\"@id\":\"https:\/\/roofcatstudios.com\/?page_id=314\",\"url\":\"https:\/\/roofcatstudios.com\/?page_id=314\",\"name\":\"Apple Digital Masters - Roof Cat Studios\",\"isPartOf\":{\"@id\":\"https:\/\/roofcatstudios.com\/#website\"},\"datePublished\":\"2025-04-18T04:30:33+00:00\",\"dateModified\":\"2025-04-19T00:38:24+00:00\",\"breadcrumb\":{\"@id\":\"https:\/\/roofcatstudios.com\/?page_id=314#breadcrumb\"},\"inLanguage\":\"es\",\"potentialAction\":[{\"@type\":\"ReadAction\",\"target\":[\"https:\/\/roofcatstudios.com\/?page_id=314\"]}]},{\"@type\":\"BreadcrumbList\",\"@id\":\"https:\/\/roofcatstudios.com\/?page_id=314#breadcrumb\",\"itemListElement\":[{\"@type\":\"ListItem\",\"position\":1,\"name\":\"Inicio\",\"item\":\"https:\/\/roofcatstudios.com\/\"},{\"@type\":\"ListItem\",\"position\":2,\"name\":\"Apple Digital Masters\"}]},{\"@type\":\"WebSite\",\"@id\":\"https:\/\/roofcatstudios.com\/#website\",\"url\":\"https:\/\/roofcatstudios.com\/\",\"name\":\"Roof Cat Studios\",\"description\":\"Estudio de Producci\u00f3n Musical, Dise\u00f1o Sonoro y Post Producci\u00f3n\",\"publisher\":{\"@id\":\"https:\/\/roofcatstudios.com\/#organization\"},\"potentialAction\":[{\"@type\":\"SearchAction\",\"target\":{\"@type\":\"EntryPoint\",\"urlTemplate\":\"https:\/\/roofcatstudios.com\/?s={search_term_string}\"},\"query-input\":{\"@type\":\"PropertyValueSpecification\",\"valueRequired\":true,\"valueName\":\"search_term_string\"}}],\"inLanguage\":\"es\"},{\"@type\":\"Organization\",\"@id\":\"https:\/\/roofcatstudios.com\/#organization\",\"name\":\"Roof Cat Studios\",\"url\":\"https:\/\/roofcatstudios.com\/\",\"logo\":{\"@type\":\"ImageObject\",\"inLanguage\":\"es\",\"@id\":\"https:\/\/roofcatstudios.com\/#\/schema\/logo\/image\/\",\"url\":\"https:\/\/roofcatstudios.com\/wp-content\/uploads\/2023\/11\/RoofCatStudioLogo_v-copia-4-2.png\",\"contentUrl\":\"https:\/\/roofcatstudios.com\/wp-content\/uploads\/2023\/11\/RoofCatStudioLogo_v-copia-4-2.png\",\"width\":500,\"height\":154,\"caption\":\"Roof Cat Studios\"},\"image\":{\"@id\":\"https:\/\/roofcatstudios.com\/#\/schema\/logo\/image\/\"},\"sameAs\":[\"https:\/\/www.facebook.com\/roofcatstudios\",\"https:\/\/www.instagram.com\/roofcatstudios\/\"]}]}<\/script>\n<!-- \/ Yoast SEO plugin. -->","yoast_head_json":{"title":"Apple Digital Masters - Roof Cat Studios","robots":{"index":"index","follow":"follow","max-snippet":"max-snippet:-1","max-image-preview":"max-image-preview:large","max-video-preview":"max-video-preview:-1"},"canonical":"https:\/\/roofcatstudios.com\/?page_id=314","og_locale":"es_MX","og_type":"article","og_title":"Apple Digital Masters - Roof Cat Studios","og_description":"[cs_content _p=&#8217;314&#8242;][cs_element_section _id=&#8221;1&#8243; ][cs_element_layout_div _id=&#8221;2&#8243; ][cs_element_text _id=&#8221;3&#8243; ][cs_content_seo]Somos casa productora de Apple Digital Mastersnn[\/cs_content_seo][cs_element_image _id=&#8221;4&#8243; ][cs_element_text _id=&#8221;5&#8243; ][cs_content_seo]Desde el 2019 Apple introduce MFiT (Mastered for iTunes), cuyo proceso permite que tu m&uacute;sica retenga la informaci&oacute;n de 24 bits garantizando una experiencia muy cercana a la producci&oacute;n en estudio. MFiT introduce un flujo de trabajo que [&hellip;]","og_url":"https:\/\/roofcatstudios.com\/?page_id=314","og_site_name":"Roof Cat Studios","article_publisher":"https:\/\/www.facebook.com\/roofcatstudios","article_modified_time":"2025-04-19T00:38:24+00:00","twitter_card":"summary_large_image","twitter_misc":{"Tiempo de lectura":"2 minutos"},"schema":{"@context":"https:\/\/schema.org","@graph":[{"@type":"WebPage","@id":"https:\/\/roofcatstudios.com\/?page_id=314","url":"https:\/\/roofcatstudios.com\/?page_id=314","name":"Apple Digital Masters - Roof Cat Studios","isPartOf":{"@id":"https:\/\/roofcatstudios.com\/#website"},"datePublished":"2025-04-18T04:30:33+00:00","dateModified":"2025-04-19T00:38:24+00:00","breadcrumb":{"@id":"https:\/\/roofcatstudios.com\/?page_id=314#breadcrumb"},"inLanguage":"es","potentialAction":[{"@type":"ReadAction","target":["https:\/\/roofcatstudios.com\/?page_id=314"]}]},{"@type":"BreadcrumbList","@id":"https:\/\/roofcatstudios.com\/?page_id=314#breadcrumb","itemListElement":[{"@type":"ListItem","position":1,"name":"Inicio","item":"https:\/\/roofcatstudios.com\/"},{"@type":"ListItem","position":2,"name":"Apple Digital Masters"}]},{"@type":"WebSite","@id":"https:\/\/roofcatstudios.com\/#website","url":"https:\/\/roofcatstudios.com\/","name":"Roof Cat Studios","description":"Estudio de Producci\u00f3n Musical, Dise\u00f1o Sonoro y Post Producci\u00f3n","publisher":{"@id":"https:\/\/roofcatstudios.com\/#organization"},"potentialAction":[{"@type":"SearchAction","target":{"@type":"EntryPoint","urlTemplate":"https:\/\/roofcatstudios.com\/?s={search_term_string}"},"query-input":{"@type":"PropertyValueSpecification","valueRequired":true,"valueName":"search_term_string"}}],"inLanguage":"es"},{"@type":"Organization","@id":"https:\/\/roofcatstudios.com\/#organization","name":"Roof Cat Studios","url":"https:\/\/roofcatstudios.com\/","logo":{"@type":"ImageObject","inLanguage":"es","@id":"https:\/\/roofcatstudios.com\/#\/schema\/logo\/image\/","url":"https:\/\/roofcatstudios.com\/wp-content\/uploads\/2023\/11\/RoofCatStudioLogo_v-copia-4-2.png","contentUrl":"https:\/\/roofcatstudios.com\/wp-content\/uploads\/2023\/11\/RoofCatStudioLogo_v-copia-4-2.png","width":500,"height":154,"caption":"Roof Cat Studios"},"image":{"@id":"https:\/\/roofcatstudios.com\/#\/schema\/logo\/image\/"},"sameAs":["https:\/\/www.facebook.com\/roofcatstudios","https:\/\/www.instagram.com\/roofcatstudios\/"]}]}},"jetpack_sharing_enabled":true,"_links":{"self":[{"href":"https:\/\/roofcatstudios.com\/index.php?rest_route=\/wp\/v2\/pages\/314","targetHints":{"allow":["GET"]}}],"collection":[{"href":"https:\/\/roofcatstudios.com\/index.php?rest_route=\/wp\/v2\/pages"}],"about":[{"href":"https:\/\/roofcatstudios.com\/index.php?rest_route=\/wp\/v2\/types\/page"}],"author":[{"embeddable":true,"href":"https:\/\/roofcatstudios.com\/index.php?rest_route=\/wp\/v2\/users\/1"}],"replies":[{"embeddable":true,"href":"https:\/\/roofcatstudios.com\/index.php?rest_route=%2Fwp%2Fv2%2Fcomments&post=314"}],"version-history":[{"count":5,"href":"https:\/\/roofcatstudios.com\/index.php?rest_route=\/wp\/v2\/pages\/314\/revisions"}],"predecessor-version":[{"id":326,"href":"https:\/\/roofcatstudios.com\/index.php?rest_route=\/wp\/v2\/pages\/314\/revisions\/326"}],"wp:attachment":[{"href":"https:\/\/roofcatstudios.com\/index.php?rest_route=%2Fwp%2Fv2%2Fmedia&parent=314"}],"curies":[{"name":"wp","href":"https:\/\/api.w.org\/{rel}","templated":true}]}}