{"id":317,"date":"2025-04-17T22:31:25","date_gmt":"2025-04-18T04:31:25","guid":{"rendered":"https:\/\/roofcatstudios.com\/localizacion-2-2-2\/"},"modified":"2026-01-12T22:32:47","modified_gmt":"2026-01-13T04:32:47","slug":"mastering-en-linea","status":"publish","type":"page","link":"https:\/\/roofcatstudios.com\/?page_id=317","title":{"rendered":"Mastering en L\u00ednea"},"content":{"rendered":"<p>[cs_content _p=&#8217;317&#8242;][cs_element_section _id=&#8221;1&#8243; ][cs_element_layout_row _id=&#8221;2&#8243; ][cs_element_layout_column _id=&#8221;3&#8243; ][cs_element_layout_div _id=&#8221;4&#8243; ][cs_element_icon _id=&#8221;5&#8243; ][cs_element_headline _id=&#8221;6&#8243; ][cs_content_seo]Mastering\\n\\n[\/cs_content_seo][\/cs_element_layout_div][cs_element_headline _id=&#8221;7&#8243; ][cs_content_seo]Mastering profesional en l&iacute;nea\\n\\n[\/cs_content_seo][cs_element_text _id=&#8221;8&#8243; ][cs_content_seo]Transforma tus pistas en obras terminadas listas para streaming y distribuci&oacute;n\\n\\n[\/cs_content_seo][cs_element_button _id=&#8221;9&#8243; ][cs_content_seo]Comprar\\n\\n[\/cs_content_seo][\/cs_element_layout_column][\/cs_element_layout_row][\/cs_element_section][cs_element_section _id=&#8221;10&#8243; ][cs_element_layout_div _id=&#8221;11&#8243; ][cs_element_layout_div_2 _id=&#8221;12&#8243; ][cs_element_image _id=&#8221;13&#8243; ][\/cs_element_layout_div_2][\/cs_element_layout_div][cs_element_layout_div _id=&#8221;14&#8243; ][cs_element_layout_div_2 _id=&#8221;15&#8243; ][cs_element_image _id=&#8221;16&#8243; ][\/cs_element_layout_div_2][\/cs_element_layout_div][\/cs_element_section][cs_element_section _id=&#8221;17&#8243; ][cs_element_layout_grid _id=&#8221;18&#8243; ][cs_element_layout_cell _id=&#8221;19&#8243; ][cs_element_layout_div _id=&#8221;20&#8243; ][\/cs_element_layout_div][cs_element_layout_div _id=&#8221;21&#8243; ][cs_element_text _id=&#8221;22&#8243; ][cs_element_image _id=&#8221;23&#8243; ][\/cs_element_layout_div][\/cs_element_layout_cell][\/cs_element_layout_grid][\/cs_element_section][cs_element_section _id=&#8221;24&#8243; ][cs_element_layout_row _id=&#8221;25&#8243; ][cs_element_layout_column _id=&#8221;26&#8243; ][cs_element_layout_row_2 _id=&#8221;27&#8243; ][cs_element_layout_column_2 _id=&#8221;28&#8243; ][cs_element_headline _id=&#8221;29&#8243; ][cs_content_seo]Masteriza\\n\\n[\/cs_content_seo][\/cs_element_layout_column_2][cs_element_layout_column_2 _id=&#8221;30&#8243; ][cs_element_headline _id=&#8221;31&#8243; ][cs_content_seo]&amp;\\n\\n[\/cs_content_seo][\/cs_element_layout_column_2][cs_element_layout_column_2 _id=&#8221;32&#8243; ][cs_element_headline _id=&#8221;33&#8243; ][cs_content_seo]Publica.\\n\\n[\/cs_content_seo][\/cs_element_layout_column_2][\/cs_element_layout_row_2][cs_element_headline _id=&#8221;34&#8243; ][cs_content_seo]&#8221;Audio claro, sonido *radio ready* para que tu contenido suene bien en cualquier plataforma&#8221;\\n\\n[\/cs_content_seo][\/cs_element_layout_column][\/cs_element_layout_row][\/cs_element_section][cs_element_section _id=&#8221;35&#8243; ][cs_element_layout_div _id=&#8221;36&#8243; ][cs_element_layout_row _id=&#8221;37&#8243; ][cs_element_layout_column _id=&#8221;38&#8243; ][cs_element_text _id=&#8221;39&#8243; ][cs_content_seo]Nuestros servicios de Mastering Online<br \/>\n Mastering Est&eacute;reo<br \/>\nEl mastering est&eacute;reo es la forma m&aacute;s com&uacute;n de preparar tus canciones para distribuci&oacute;n. Con este servicio:<\/p>\n<p>Optimizaci&oacute;n tonal: Ajustamos el balance de frecuencias para que tu pista suene clara y definida en cualquier sistema de reproducci&oacute;n.<\/p>\n<p>Control din&aacute;mico: Compresi&oacute;n y limitaci&oacute;n precisas para un volumen competitivo sin perder la esencia de tu m&uacute;sica.<\/p>\n<p>Mejora de la imagen est&eacute;reo: Creamos un sonido m&aacute;s amplio y envolvente.<\/p>\n<p>Entrega en m&uacute;ltiples formatos: WAV, MP3, AIFF y Apple Digital Masters disponibles.<\/p>\n<p>Revisiones ilimitadas: Ajustamos tu pista hasta que est&eacute;s 100% satisfecho.<\/p>\n<p>Ideal para artistas, productores y sellos que buscan un resultado profesional en toda la canci&oacute;n.<br \/>\n Mastering por STEMS<br \/>\nEl mastering por STEMS lleva tu m&uacute;sica a otro nivel. En lugar de masterizar la pista completa en est&eacute;reo, trabajamos con los grupos de instrumentos por separado (STEMS):<\/p>\n<p>Separaci&oacute;n profesional: Voz, bater&iacute;a, bajo, sintetizadores, guitarras u otros grupos se masterizan individualmente.<\/p>\n<p>Control total sobre el balance: Mejor manejo del volumen relativo de cada elemento, sin comprometer la din&aacute;mica global.<\/p>\n<p>Versatilidad para futuros ajustes: Ideal para remixes, versiones especiales o lanzamientos inmersivos.<\/p>\n<p>Entrega en formatos profesionales: STEMS masterizados listos para distribuci&oacute;n o para proyectos Dolby Atmos.<\/p>\n<p>Perfecto para productores, artistas que buscan m&aacute;xima claridad y control sobre cada elemento de su canci&oacute;n.<br \/>\nPor qu&eacute; elegir Roof Cat Studios para tu Mastering Online<br \/>\nProfesional y confiable:<\/p>\n<p>Revisiones ilimitadas: Hasta que est&eacute;s completamente satisfecho.<\/p>\n<p>Flexible y accesible: Env&iacute;o de archivos sencillo por Mixup.audio o Google Drive, pago con tarjeta y entregas r&aacute;pidas.<\/p>\n<p>Compatible con referencias: Si tienes un sonido de referencia, lo usamos para lograr exactamente lo que buscas.<\/p>\n<p>Servicios escalables: Desde mastering est&aacute;ndar hasta proyectos en Dolby Atmos y STEMS, con entregas para todas las plataformas.<\/p>\n<p>Profesional y confiable: M&aacute;s de 15 a&ntilde;os de experiencia trabajando con artistas y sellos independientes.<\/p>\n<p>\\n\\n<img decoding=\"async\" class=\"emoji\" role=\"img\" draggable=\"false\" src=\"https:\/\/s.w.org\/images\/core\/emoji\/17.0.2\/svg\/1f9e9.svg\" alt=\"\ud83e\udde9\" \/><img decoding=\"async\" class=\"emoji\" role=\"img\" draggable=\"false\" src=\"https:\/\/s.w.org\/images\/core\/emoji\/17.0.2\/svg\/31-20e3.svg\" alt=\"1\ufe0f\u20e3\" \/><img decoding=\"async\" class=\"emoji\" role=\"img\" draggable=\"false\" src=\"https:\/\/s.w.org\/images\/core\/emoji\/17.0.2\/svg\/32-20e3.svg\" alt=\"2\ufe0f\u20e3\" \/>[\/cs_content_seo][\/cs_element_layout_column][\/cs_element_layout_row][\/cs_element_layout_div][\/cs_element_section][cs_element_section _id=&#8221;40&#8243; ][cs_element_layout_div _id=&#8221;41&#8243; ][cs_element_text _id=&#8221;42&#8243; ][cs_content_seo]Preguntas frecuentes\\n\\n[\/cs_content_seo][cs_element_headline _id=&#8221;43&#8243; ][cs_content_seo]FAQ\\n\\nQuick caption here\\n\\n[\/cs_content_seo][cs_element_text _id=&#8221;44&#8243; ][cs_content_seo]&iquest;Como funciona?<\/p>\n<p>Compra tu servicio de mastering online a trav&eacute;s de nuestro sitio.<\/p>\n<p>Env&iacute;a tus archivos (WAV, AIFF, MP3 o STEMS) por Mixup.audio o Google Drive.<\/p>\n<p>Recibe un preview de tu master y solicita revisiones si es necesario.<\/p>\n<p>Recibe la versi&oacute;n final lista para distribuci&oacute;n digital y streaming.<\/p>\n<p>&iquest;Qu&eacute; es el mastering y por qu&eacute; lo necesito?&nbsp;<br \/>\nEl mastering es el &uacute;ltimo paso en la producci&oacute;n musical: optimiza el balance tonal, la din&aacute;mica, volumen (sonoridad), corrige ruidos y optimiza tu m&uacute;sica para que tu pista suene profesional en cualquier dispositivo o plataforma.<br \/>\n&iquest;Cu&aacute;l es la diferencia entre Mastering Est&eacute;reo y Mastering por STEMS?<\/p>\n<p>Est&eacute;reo: Masterizamos la pista final completa.<\/p>\n<p>STEMS: Masterizamos grupos de instrumentos por separado, ideal para control total, remixes o cuando necesitas apoyo para ajustes finos de tu mezcla que se traduzcan correctamente en el master.<\/p>\n<p>&iquest;Puedo enviar referencias o ejemplos de sonido?<br \/>\nS&iacute;, Puedes enviar tus referencias y ajustaremos tu pista para que se acerque al sonido que deseas.&nbsp;<br \/>\n&iquest;Cu&aacute;ntas revisiones incluye el servicio?<br \/>\nRevisiones ilimitadas mientras no cambie el concepto original de la mezcla. Queremos que tu pista quede perfecta.<br \/>\n&iquest;C&oacute;mo recibo mi master final?<br \/>\nPor Mixup.audio, Google Drive o WeTransfer, en los formatos que necesites.<br \/>\n&iquest;Puedo usar este servicio si vivo fuera de M&eacute;xico?<br \/>\n&iexcl;Por supuesto! Todo es completamente online y accesible desde cualquier lugar del mundo.<br \/>\n&iquest;Qu&eacute; pasa si no me gusta el resultado?<br \/>\nIncluimos revisiones gratuitas en todos nuestros paquetes. Si a&uacute;n as&iacute; no cumple tus expectativas, aplicamos reembolso parcial.<br \/>\n\\n\\n[\/cs_content_seo][cs_element_layout_grid _id=&#8221;45&#8243; ][cs_element_layout_cell _id=&#8221;46&#8243; ][cs_element_image _id=&#8221;47&#8243; ][\/cs_element_layout_cell][cs_element_layout_cell _id=&#8221;48&#8243; ][cs_element_image _id=&#8221;49&#8243; ][\/cs_element_layout_cell][cs_element_layout_cell _id=&#8221;50&#8243; ][cs_element_image _id=&#8221;51&#8243; ][\/cs_element_layout_cell][cs_element_layout_cell _id=&#8221;52&#8243; ][cs_element_image _id=&#8221;53&#8243; ][\/cs_element_layout_cell][\/cs_element_layout_grid][\/cs_element_layout_div][\/cs_element_section][cs_element_section _id=&#8221;54&#8243; ][cs_element_layout_div _id=&#8221;55&#8243; ][cs_element_text _id=&#8221;56&#8243; ][cs_content_seo]&iexcl;Haz que tu m&uacute;sica suene profesional hoy mismo!<br \/>\n&nbsp;<\/p>\n<p> Extras<\/p>\n<p>Mastering urgente: Entrega r&aacute;pida sin comprometer calidad.<\/p>\n<p>Entrega en Dolby Atmos: Experiencia inmersiva para Apple Music y Tidal. (En caso de contar con STEMS)<\/p>\n<p>DDP y entregas profesionales: Para CD o formatos f&iacute;sicos.<\/p>\n<p>Informes t&eacute;cnicos adicionales: LUFS, an&aacute;lisis espectral y balance tonal.<\/p>\n<p>Referencias personalizadas: Usamos tu pista de referencia para lograr exactamente el sonido que deseas.<\/p>\n<p>\\n\\n<img decoding=\"async\" class=\"emoji\" role=\"img\" draggable=\"false\" src=\"https:\/\/s.w.org\/images\/core\/emoji\/17.0.2\/svg\/2699.svg\" alt=\"\u2699\ufe0f\" \/>[\/cs_content_seo][cs_element_button _id=&#8221;57&#8243; ][cs_content_seo]Compra\\n\\n[\/cs_content_seo][\/cs_element_layout_div][\/cs_element_section][cs_element_section _id=&#8221;58&#8243; ][cs_element_layout_div _id=&#8221;59&#8243; ][cs_element_creative_cta _id=&#8221;60&#8243; ][cs_content_seo]\u00bfNo est\u00e1s seguro de c\u00f3mo sonar\u00eda tu pista masterizada?\\n\\nObt\u00e9n una demostraci\u00f3n de 30 segundos de tu canci\u00f3n y escucha la diferencia por ti mismo.\\n\\nTotalmente Gratis\\n\\n[\/cs_content_seo][\/cs_element_layout_div][\/cs_element_section][\/cs_content]<\/p>\n","protected":false},"excerpt":{"rendered":"<p>[cs_content _p=&#8217;317&#8242;][cs_element_section _id=&#8221;1&#8243; ][cs_element_layout_row _id=&#8221;2&#8243; ][cs_element_layout_column _id=&#8221;3&#8243; ][cs_element_layout_div _id=&#8221;4&#8243; ][cs_element_icon _id=&#8221;5&#8243; ][cs_element_headline _id=&#8221;6&#8243; ][cs_content_seo]Mastering\\n\\n[\/cs_content_seo][\/cs_element_layout_div][cs_element_headline _id=&#8221;7&#8243; ][cs_content_seo]Mastering profesional en l&iacute;nea\\n\\n[\/cs_content_seo][cs_element_text _id=&#8221;8&#8243; ][cs_content_seo]Transforma tus pistas en obras terminadas listas para streaming y distribuci&oacute;n\\n\\n[\/cs_content_seo][cs_element_button _id=&#8221;9&#8243; ][cs_content_seo]Comprar\\n\\n[\/cs_content_seo][\/cs_element_layout_column][\/cs_element_layout_row][\/cs_element_section][cs_element_section _id=&#8221;10&#8243; ][cs_element_layout_div _id=&#8221;11&#8243; ][cs_element_layout_div_2 _id=&#8221;12&#8243; ][cs_element_image _id=&#8221;13&#8243; ][\/cs_element_layout_div_2][\/cs_element_layout_div][cs_element_layout_div _id=&#8221;14&#8243; ][cs_element_layout_div_2 _id=&#8221;15&#8243; ][cs_element_image _id=&#8221;16&#8243; ][\/cs_element_layout_div_2][\/cs_element_layout_div][\/cs_element_section][cs_element_section _id=&#8221;17&#8243; ][cs_element_layout_grid _id=&#8221;18&#8243; ][cs_element_layout_cell _id=&#8221;19&#8243; ][cs_element_layout_div _id=&#8221;20&#8243; ][\/cs_element_layout_div][cs_element_layout_div [&hellip;]<\/p>\n","protected":false},"author":1,"featured_media":0,"parent":0,"menu_order":0,"comment_status":"closed","ping_status":"closed","template":"template-blank-4.php","meta":{"footnotes":""},"class_list":["post-317","page","type-page","status-publish","hentry"],"yoast_head":"<!-- This site is optimized with the Yoast SEO plugin v27.2 - https:\/\/yoast.com\/product\/yoast-seo-wordpress\/ -->\n<title>Mastering en L\u00ednea - Roof Cat Studios<\/title>\n<meta name=\"robots\" content=\"index, follow, max-snippet:-1, max-image-preview:large, max-video-preview:-1\" \/>\n<link rel=\"canonical\" href=\"https:\/\/roofcatstudios.com\/?page_id=317\" \/>\n<meta property=\"og:locale\" content=\"es_MX\" \/>\n<meta property=\"og:type\" content=\"article\" \/>\n<meta property=\"og:title\" content=\"Mastering en L\u00ednea - Roof Cat Studios\" \/>\n<meta property=\"og:description\" content=\"[cs_content _p=&#8217;317&#8242;][cs_element_section _id=&#8221;1&#8243; ][cs_element_layout_row _id=&#8221;2&#8243; ][cs_element_layout_column _id=&#8221;3&#8243; ][cs_element_layout_div _id=&#8221;4&#8243; ][cs_element_icon _id=&#8221;5&#8243; ][cs_element_headline _id=&#8221;6&#8243; ][cs_content_seo]Masteringnn[\/cs_content_seo][\/cs_element_layout_div][cs_element_headline _id=&#8221;7&#8243; ][cs_content_seo]Mastering profesional en l&iacute;neann[\/cs_content_seo][cs_element_text _id=&#8221;8&#8243; ][cs_content_seo]Transforma tus pistas en obras terminadas listas para streaming y distribuci&oacute;nnn[\/cs_content_seo][cs_element_button _id=&#8221;9&#8243; ][cs_content_seo]Comprarnn[\/cs_content_seo][\/cs_element_layout_column][\/cs_element_layout_row][\/cs_element_section][cs_element_section _id=&#8221;10&#8243; ][cs_element_layout_div _id=&#8221;11&#8243; ][cs_element_layout_div_2 _id=&#8221;12&#8243; ][cs_element_image _id=&#8221;13&#8243; ][\/cs_element_layout_div_2][\/cs_element_layout_div][cs_element_layout_div _id=&#8221;14&#8243; ][cs_element_layout_div_2 _id=&#8221;15&#8243; ][cs_element_image _id=&#8221;16&#8243; ][\/cs_element_layout_div_2][\/cs_element_layout_div][\/cs_element_section][cs_element_section _id=&#8221;17&#8243; ][cs_element_layout_grid _id=&#8221;18&#8243; ][cs_element_layout_cell _id=&#8221;19&#8243; ][cs_element_layout_div _id=&#8221;20&#8243; ][\/cs_element_layout_div][cs_element_layout_div [&hellip;]\" \/>\n<meta property=\"og:url\" content=\"https:\/\/roofcatstudios.com\/?page_id=317\" \/>\n<meta property=\"og:site_name\" content=\"Roof Cat Studios\" \/>\n<meta property=\"article:publisher\" content=\"https:\/\/www.facebook.com\/roofcatstudios\" \/>\n<meta property=\"article:modified_time\" content=\"2026-01-13T04:32:47+00:00\" \/>\n<meta property=\"og:image\" content=\"https:\/\/s.w.org\/images\/core\/emoji\/17.0.2\/svg\/1f9e9.svg\" \/>\n<meta name=\"twitter:card\" content=\"summary_large_image\" \/>\n<meta name=\"twitter:label1\" content=\"Tiempo de lectura\" \/>\n\t<meta name=\"twitter:data1\" content=\"7 minutos\" \/>\n<script type=\"application\/ld+json\" class=\"yoast-schema-graph\">{\"@context\":\"https:\/\/schema.org\",\"@graph\":[{\"@type\":\"WebPage\",\"@id\":\"https:\/\/roofcatstudios.com\/?page_id=317\",\"url\":\"https:\/\/roofcatstudios.com\/?page_id=317\",\"name\":\"Mastering en L\u00ednea - Roof Cat Studios\",\"isPartOf\":{\"@id\":\"https:\/\/roofcatstudios.com\/#website\"},\"primaryImageOfPage\":{\"@id\":\"https:\/\/roofcatstudios.com\/?page_id=317#primaryimage\"},\"image\":{\"@id\":\"https:\/\/roofcatstudios.com\/?page_id=317#primaryimage\"},\"thumbnailUrl\":\"https:\/\/s.w.org\/images\/core\/emoji\/17.0.2\/svg\/1f9e9.svg\",\"datePublished\":\"2025-04-18T04:31:25+00:00\",\"dateModified\":\"2026-01-13T04:32:47+00:00\",\"breadcrumb\":{\"@id\":\"https:\/\/roofcatstudios.com\/?page_id=317#breadcrumb\"},\"inLanguage\":\"es\",\"potentialAction\":[{\"@type\":\"ReadAction\",\"target\":[\"https:\/\/roofcatstudios.com\/?page_id=317\"]}]},{\"@type\":\"ImageObject\",\"inLanguage\":\"es\",\"@id\":\"https:\/\/roofcatstudios.com\/?page_id=317#primaryimage\",\"url\":\"https:\/\/s.w.org\/images\/core\/emoji\/17.0.2\/svg\/1f9e9.svg\",\"contentUrl\":\"https:\/\/s.w.org\/images\/core\/emoji\/17.0.2\/svg\/1f9e9.svg\"},{\"@type\":\"BreadcrumbList\",\"@id\":\"https:\/\/roofcatstudios.com\/?page_id=317#breadcrumb\",\"itemListElement\":[{\"@type\":\"ListItem\",\"position\":1,\"name\":\"Inicio\",\"item\":\"https:\/\/roofcatstudios.com\/\"},{\"@type\":\"ListItem\",\"position\":2,\"name\":\"Mastering en L\u00ednea\"}]},{\"@type\":\"WebSite\",\"@id\":\"https:\/\/roofcatstudios.com\/#website\",\"url\":\"https:\/\/roofcatstudios.com\/\",\"name\":\"Roof Cat Studios\",\"description\":\"Estudio de Producci\u00f3n Musical, Dise\u00f1o Sonoro y Post Producci\u00f3n\",\"publisher\":{\"@id\":\"https:\/\/roofcatstudios.com\/#organization\"},\"potentialAction\":[{\"@type\":\"SearchAction\",\"target\":{\"@type\":\"EntryPoint\",\"urlTemplate\":\"https:\/\/roofcatstudios.com\/?s={search_term_string}\"},\"query-input\":{\"@type\":\"PropertyValueSpecification\",\"valueRequired\":true,\"valueName\":\"search_term_string\"}}],\"inLanguage\":\"es\"},{\"@type\":\"Organization\",\"@id\":\"https:\/\/roofcatstudios.com\/#organization\",\"name\":\"Roof Cat Studios\",\"url\":\"https:\/\/roofcatstudios.com\/\",\"logo\":{\"@type\":\"ImageObject\",\"inLanguage\":\"es\",\"@id\":\"https:\/\/roofcatstudios.com\/#\/schema\/logo\/image\/\",\"url\":\"https:\/\/roofcatstudios.com\/wp-content\/uploads\/2023\/11\/RoofCatStudioLogo_v-copia-4-2.png\",\"contentUrl\":\"https:\/\/roofcatstudios.com\/wp-content\/uploads\/2023\/11\/RoofCatStudioLogo_v-copia-4-2.png\",\"width\":500,\"height\":154,\"caption\":\"Roof Cat Studios\"},\"image\":{\"@id\":\"https:\/\/roofcatstudios.com\/#\/schema\/logo\/image\/\"},\"sameAs\":[\"https:\/\/www.facebook.com\/roofcatstudios\",\"https:\/\/www.instagram.com\/roofcatstudios\/\"]}]}<\/script>\n<!-- \/ Yoast SEO plugin. -->","yoast_head_json":{"title":"Mastering en L\u00ednea - Roof Cat Studios","robots":{"index":"index","follow":"follow","max-snippet":"max-snippet:-1","max-image-preview":"max-image-preview:large","max-video-preview":"max-video-preview:-1"},"canonical":"https:\/\/roofcatstudios.com\/?page_id=317","og_locale":"es_MX","og_type":"article","og_title":"Mastering en L\u00ednea - Roof Cat Studios","og_description":"[cs_content _p=&#8217;317&#8242;][cs_element_section _id=&#8221;1&#8243; ][cs_element_layout_row _id=&#8221;2&#8243; ][cs_element_layout_column _id=&#8221;3&#8243; ][cs_element_layout_div _id=&#8221;4&#8243; ][cs_element_icon _id=&#8221;5&#8243; ][cs_element_headline _id=&#8221;6&#8243; ][cs_content_seo]Masteringnn[\/cs_content_seo][\/cs_element_layout_div][cs_element_headline _id=&#8221;7&#8243; ][cs_content_seo]Mastering profesional en l&iacute;neann[\/cs_content_seo][cs_element_text _id=&#8221;8&#8243; ][cs_content_seo]Transforma tus pistas en obras terminadas listas para streaming y distribuci&oacute;nnn[\/cs_content_seo][cs_element_button _id=&#8221;9&#8243; ][cs_content_seo]Comprarnn[\/cs_content_seo][\/cs_element_layout_column][\/cs_element_layout_row][\/cs_element_section][cs_element_section _id=&#8221;10&#8243; ][cs_element_layout_div _id=&#8221;11&#8243; ][cs_element_layout_div_2 _id=&#8221;12&#8243; ][cs_element_image _id=&#8221;13&#8243; ][\/cs_element_layout_div_2][\/cs_element_layout_div][cs_element_layout_div _id=&#8221;14&#8243; ][cs_element_layout_div_2 _id=&#8221;15&#8243; ][cs_element_image _id=&#8221;16&#8243; ][\/cs_element_layout_div_2][\/cs_element_layout_div][\/cs_element_section][cs_element_section _id=&#8221;17&#8243; ][cs_element_layout_grid _id=&#8221;18&#8243; ][cs_element_layout_cell _id=&#8221;19&#8243; ][cs_element_layout_div _id=&#8221;20&#8243; ][\/cs_element_layout_div][cs_element_layout_div [&hellip;]","og_url":"https:\/\/roofcatstudios.com\/?page_id=317","og_site_name":"Roof Cat Studios","article_publisher":"https:\/\/www.facebook.com\/roofcatstudios","article_modified_time":"2026-01-13T04:32:47+00:00","og_image":[{"url":"https:\/\/s.w.org\/images\/core\/emoji\/17.0.2\/svg\/1f9e9.svg","type":"","width":"","height":""}],"twitter_card":"summary_large_image","twitter_misc":{"Tiempo de lectura":"7 minutos"},"schema":{"@context":"https:\/\/schema.org","@graph":[{"@type":"WebPage","@id":"https:\/\/roofcatstudios.com\/?page_id=317","url":"https:\/\/roofcatstudios.com\/?page_id=317","name":"Mastering en L\u00ednea - Roof Cat Studios","isPartOf":{"@id":"https:\/\/roofcatstudios.com\/#website"},"primaryImageOfPage":{"@id":"https:\/\/roofcatstudios.com\/?page_id=317#primaryimage"},"image":{"@id":"https:\/\/roofcatstudios.com\/?page_id=317#primaryimage"},"thumbnailUrl":"https:\/\/s.w.org\/images\/core\/emoji\/17.0.2\/svg\/1f9e9.svg","datePublished":"2025-04-18T04:31:25+00:00","dateModified":"2026-01-13T04:32:47+00:00","breadcrumb":{"@id":"https:\/\/roofcatstudios.com\/?page_id=317#breadcrumb"},"inLanguage":"es","potentialAction":[{"@type":"ReadAction","target":["https:\/\/roofcatstudios.com\/?page_id=317"]}]},{"@type":"ImageObject","inLanguage":"es","@id":"https:\/\/roofcatstudios.com\/?page_id=317#primaryimage","url":"https:\/\/s.w.org\/images\/core\/emoji\/17.0.2\/svg\/1f9e9.svg","contentUrl":"https:\/\/s.w.org\/images\/core\/emoji\/17.0.2\/svg\/1f9e9.svg"},{"@type":"BreadcrumbList","@id":"https:\/\/roofcatstudios.com\/?page_id=317#breadcrumb","itemListElement":[{"@type":"ListItem","position":1,"name":"Inicio","item":"https:\/\/roofcatstudios.com\/"},{"@type":"ListItem","position":2,"name":"Mastering en L\u00ednea"}]},{"@type":"WebSite","@id":"https:\/\/roofcatstudios.com\/#website","url":"https:\/\/roofcatstudios.com\/","name":"Roof Cat Studios","description":"Estudio de Producci\u00f3n Musical, Dise\u00f1o Sonoro y Post Producci\u00f3n","publisher":{"@id":"https:\/\/roofcatstudios.com\/#organization"},"potentialAction":[{"@type":"SearchAction","target":{"@type":"EntryPoint","urlTemplate":"https:\/\/roofcatstudios.com\/?s={search_term_string}"},"query-input":{"@type":"PropertyValueSpecification","valueRequired":true,"valueName":"search_term_string"}}],"inLanguage":"es"},{"@type":"Organization","@id":"https:\/\/roofcatstudios.com\/#organization","name":"Roof Cat Studios","url":"https:\/\/roofcatstudios.com\/","logo":{"@type":"ImageObject","inLanguage":"es","@id":"https:\/\/roofcatstudios.com\/#\/schema\/logo\/image\/","url":"https:\/\/roofcatstudios.com\/wp-content\/uploads\/2023\/11\/RoofCatStudioLogo_v-copia-4-2.png","contentUrl":"https:\/\/roofcatstudios.com\/wp-content\/uploads\/2023\/11\/RoofCatStudioLogo_v-copia-4-2.png","width":500,"height":154,"caption":"Roof Cat Studios"},"image":{"@id":"https:\/\/roofcatstudios.com\/#\/schema\/logo\/image\/"},"sameAs":["https:\/\/www.facebook.com\/roofcatstudios","https:\/\/www.instagram.com\/roofcatstudios\/"]}]}},"jetpack_sharing_enabled":true,"_links":{"self":[{"href":"https:\/\/roofcatstudios.com\/index.php?rest_route=\/wp\/v2\/pages\/317","targetHints":{"allow":["GET"]}}],"collection":[{"href":"https:\/\/roofcatstudios.com\/index.php?rest_route=\/wp\/v2\/pages"}],"about":[{"href":"https:\/\/roofcatstudios.com\/index.php?rest_route=\/wp\/v2\/types\/page"}],"author":[{"embeddable":true,"href":"https:\/\/roofcatstudios.com\/index.php?rest_route=\/wp\/v2\/users\/1"}],"replies":[{"embeddable":true,"href":"https:\/\/roofcatstudios.com\/index.php?rest_route=%2Fwp%2Fv2%2Fcomments&post=317"}],"version-history":[{"count":29,"href":"https:\/\/roofcatstudios.com\/index.php?rest_route=\/wp\/v2\/pages\/317\/revisions"}],"predecessor-version":[{"id":774,"href":"https:\/\/roofcatstudios.com\/index.php?rest_route=\/wp\/v2\/pages\/317\/revisions\/774"}],"wp:attachment":[{"href":"https:\/\/roofcatstudios.com\/index.php?rest_route=%2Fwp%2Fv2%2Fmedia&parent=317"}],"curies":[{"name":"wp","href":"https:\/\/api.w.org\/{rel}","templated":true}]}}