{"id":320,"date":"2025-04-17T22:32:16","date_gmt":"2025-04-18T04:32:16","guid":{"rendered":"https:\/\/roofcatstudios.com\/localizacion-2-2-2-2\/"},"modified":"2025-05-18T22:27:46","modified_gmt":"2025-05-19T04:27:46","slug":"mastering-stems","status":"publish","type":"page","link":"https:\/\/roofcatstudios.com\/?page_id=320","title":{"rendered":"Mastering por STEMS"},"content":{"rendered":"<p>[cs_content _p=&#8217;320&#8242;][cs_element_section _id=&#8221;1&#8243; ][cs_element_layout_div _id=&#8221;2&#8243; ][cs_element_text _id=&#8221;3&#8243; ][cs_content_seo]Mastering\\n\\n[\/cs_content_seo][cs_element_headline _id=&#8221;4&#8243; ][cs_content_seo]Masterizaci&oacute;n por STEMS\\n\\nQuick caption here\\n\\n[\/cs_content_seo][cs_element_text _id=&#8221;5&#8243; ][cs_content_seo]&iquest;Qu&eacute; es la Masterizaci&oacute;n por Stems?<br \/>\nLa masterizaci&oacute;n por&nbsp;Stems&nbsp;(subgrupos de audio) es un servicio avanzado que ofrece&nbsp;mayor flexibilidad y precisi&oacute;n&nbsp;que la masterizaci&oacute;n tradicional. En lugar de trabajar con un &uacute;nico archivo est&eacute;reo, procesamos tus pistas agrupadas (por ejemplo: bater&iacute;a, bajos, voces, instrumentos, efectos) por separado. Esto permite:<\/p>\n<p>\ud83d\udd0d&nbsp;Ajustes quir&uacute;rgicos: Corregir desbalances sin afectar el resto de la mezcla.<\/p>\n<p>\ud83c\udf9b&nbsp;Control creativo: Realzar detalles espec&iacute;ficos (ej: dar m&aacute;s claridad a las voces o profundidad a los bajos).<\/p>\n<p>\ud83e\udd1d&nbsp;Colaboraci&oacute;n con tu ingeniero de mezcla: Optimizar decisiones t&eacute;cnicas y art&iacute;sticas en conjunto.<\/p>\n<p>\\n\\n[\/cs_content_seo][cs_element_layout_grid _id=&#8221;6&#8243; ][cs_element_layout_cell _id=&#8221;7&#8243; ][cs_element_image _id=&#8221;8&#8243; ][\/cs_element_layout_cell][cs_element_layout_cell _id=&#8221;9&#8243; ][cs_element_image _id=&#8221;10&#8243; ][\/cs_element_layout_cell][cs_element_layout_cell _id=&#8221;11&#8243; ][cs_element_image _id=&#8221;12&#8243; ][\/cs_element_layout_cell][cs_element_layout_cell _id=&#8221;13&#8243; ][cs_element_image _id=&#8221;14&#8243; ][\/cs_element_layout_cell][\/cs_element_layout_grid][\/cs_element_layout_div][\/cs_element_section][cs_element_section _id=&#8221;15&#8243; ][cs_element_layout_div _id=&#8221;16&#8243; ][cs_element_headline _id=&#8221;17&#8243; ][cs_content_seo]&iquest;Por que elegir Masterizaci&oacute;n por Stems?\\n\\nQuick caption here\\n\\n[\/cs_content_seo][cs_element_layout_row _id=&#8221;18&#8243; ][cs_element_layout_column _id=&#8221;19&#8243; ][cs_element_layout_div_2 _id=&#8221;20&#8243; ][cs_element_layout_div_3 _id=&#8221;21&#8243; ][cs_element_image _id=&#8221;22&#8243; ][\/cs_element_layout_div_3][\/cs_element_layout_div_2][cs_element_layout_div_2 _id=&#8221;23&#8243; ][cs_element_text _id=&#8221;24&#8243; ][cs_content_seo]Resolver Problemas\\n\\n[\/cs_content_seo][cs_element_text _id=&#8221;25&#8243; ][cs_content_seo]Gracias a tener mayor control que una masterizaci&oacute;n tradicional no puede (ej. frecuencias conflictivas entre instrumentos).\\n\\n[\/cs_content_seo][\/cs_element_layout_div_2][\/cs_element_layout_column][cs_element_layout_column _id=&#8221;26&#8243; ][cs_element_layout_div_2 _id=&#8221;27&#8243; ][cs_element_layout_div_3 _id=&#8221;28&#8243; ][cs_element_image _id=&#8221;29&#8243; ][\/cs_element_layout_div_3][\/cs_element_layout_div_2][cs_element_layout_div_2 _id=&#8221;30&#8243; ][cs_element_text _id=&#8221;31&#8243; ][cs_content_seo]Enfoque personalizado&nbsp;\\n\\n[\/cs_content_seo][cs_element_text _id=&#8221;32&#8243; ][cs_content_seo]Adaptado a g&eacute;neros complejos (electr&oacute;nica, orquestal, rock, progresivo, etc.)\\n\\n[\/cs_content_seo][\/cs_element_layout_div_2][\/cs_element_layout_column][\/cs_element_layout_row][cs_element_layout_row _id=&#8221;33&#8243; ][cs_element_layout_column _id=&#8221;34&#8243; ][cs_element_layout_div_2 _id=&#8221;35&#8243; ][cs_element_layout_div_3 _id=&#8221;36&#8243; ][cs_element_image _id=&#8221;37&#8243; ][\/cs_element_layout_div_3][\/cs_element_layout_div_2][cs_element_layout_div_2 _id=&#8221;38&#8243; ][cs_element_text _id=&#8221;39&#8243; ][cs_content_seo]Calidad mejorada y Sonido mas cuidado\\n\\n[\/cs_content_seo][cs_element_text _id=&#8221;40&#8243; ][cs_content_seo]Dos cabezas piensan mejor que una. Y probablemente lo que pas&oacute; por alto el ingeniero de mezcla lo determine y entienda distinto el masterizador a beneficio del sonido general. Se logra una sinergia que ser&iacute;a mas complicada en la masterizaci&oacute;n tradicional.\\n\\n[\/cs_content_seo][\/cs_element_layout_div_2][\/cs_element_layout_column][cs_element_layout_column _id=&#8221;41&#8243; ][cs_element_layout_div_2 _id=&#8221;42&#8243; ][cs_element_layout_div_3 _id=&#8221;43&#8243; ][cs_element_image _id=&#8221;44&#8243; ][\/cs_element_layout_div_3][\/cs_element_layout_div_2][cs_element_layout_div_2 _id=&#8221;45&#8243; ][cs_element_text _id=&#8221;46&#8243; ][cs_content_seo]Potencial para Audio Espacial\\n\\n[\/cs_content_seo][cs_element_text _id=&#8221;47&#8243; ][cs_content_seo]Los STEMS son comunmente usados para abordar mezclas espaciales como aquellas en formatos Dolby Atmos por lo que hacer mastering por STEMS puede resultar ventajoso cuando tambi&eacute;n se considera tener una versi&oacute;n de mezcla espacial.\\n\\n[\/cs_content_seo][\/cs_element_layout_div_2][\/cs_element_layout_column][\/cs_element_layout_row][\/cs_element_layout_div][\/cs_element_section][cs_element_section _id=&#8221;48&#8243; ][cs_element_layout_div _id=&#8221;49&#8243; ][cs_element_headline _id=&#8221;50&#8243; ][cs_content_seo]Nuestro Proceso\\n\\nQuick caption here\\n\\n[\/cs_content_seo][cs_element_text _id=&#8221;51&#8243; ][cs_content_seo]Preparaci&oacute;n de Stems: Te guiamos para exportarlos correctamente (ej: formatos WAV o AIFF 24-bit, agrupaciones por instrumentos, efectos o funciones).<\/p>\n<p>An&aacute;lisis t&eacute;cnico: Identificamos oportunidades de mejora en equilibrio espectral, din&aacute;mica, cohesi&oacute;n, imagen, etc.<\/p>\n<p>Procesamiento: Aplicamos ecualizaci&oacute;n, compresi&oacute;n multibanda y ajustes espaciales&nbsp;por grupo como side chain, ecualizaci&oacute;n din&aacute;mica, reverberaci&oacute;n u de acuerdo a requerimientos creativos y correctivos.<\/p>\n<p>Revisi&oacute;n colaborativa: Incorporamos tu feedback antes de la entrega final. No hay l&iacute;mite en la cantidad de correcci&oacute;nes solicitadas mientras no se cambien STEMS o el material provisto originalmente.<\/p>\n<p>\\n\\n[\/cs_content_seo][cs_element_button _id=&#8221;52&#8243; ][cs_content_seo]Como exportar STEMS\\n\\n[\/cs_content_seo][cs_element_text _id=&#8221;53&#8243; ][cs_content_seo]Preguntas Frecuentes&nbsp;<br \/>\nQ:&nbsp;&#8220;&iquest;Necesito tener experiencia t&eacute;cnica para usar este servicio?&#8221;A: No. Te brindamos plantillas y soporte t&eacute;cnico para preparar tus Stems sin complicaciones. Podemos hacer incluso llamada v&iacute;a zoom para apoyarte a configurar tu sesi&oacute;n para generar los STEMS.<br \/>\nQ:&nbsp;&#8220;&iquest;En qu&eacute; casos vale la pena invertir en esto?&#8221;A: Proyectos profesionales donde busques apoyo de un ingeniero para terminar de definir la mezcla y masterizar el tema, lanzamientos f&iacute;sicos (vinilo\/CD) o mezclas con elementos complejos (ej: coros, arreglos orquestales).&nbsp;<br \/>\nQ:&nbsp;&#8220;&iquest;Ofrecen ejemplos antes\/despu&eacute;s?&#8221;A: S&iacute;.&nbsp;\\n\\n[\/cs_content_seo][\/cs_element_layout_div][cs_element_layout_row _id=&#8221;54&#8243; ][cs_element_layout_column _id=&#8221;55&#8243; ][cs_element_text _id=&#8221;56&#8243; ][cs_content_seo]Mezcla de Cliente (al nivel del Master)&nbsp;\\n\\n[\/cs_content_seo][cs_element_audio _id=&#8221;57&#8243; ][cs_element_text _id=&#8221;58&#8243; ][cs_content_seo]Master por STEMS\\n\\n[\/cs_content_seo][cs_element_audio _id=&#8221;59&#8243; ][\/cs_element_layout_column][\/cs_element_layout_row][\/cs_element_section][cs_element_section _id=&#8221;60&#8243; ][cs_element_layout_row _id=&#8221;61&#8243; ][cs_element_layout_column _id=&#8221;62&#8243; ][cs_element_headline _id=&#8221;63&#8243; ][cs_content_seo]Lleva tu m&uacute;sica al siguiente nivel con un master detallado y personalizado.\ud83d\udc49&nbsp;\\n\\nQuick caption here\\n\\n[\/cs_content_seo][\/cs_element_layout_column][cs_element_layout_column _id=&#8221;64&#8243; ][cs_element_button _id=&#8221;65&#8221; ][cs_content_seo]Solicitar\\n\\n[\/cs_content_seo][\/cs_element_layout_column][\/cs_element_layout_row][\/cs_element_section][\/cs_content]<\/p>\n","protected":false},"excerpt":{"rendered":"<p>[cs_content _p=&#8217;320&#8242;][cs_element_section _id=&#8221;1&#8243; ][cs_element_layout_div _id=&#8221;2&#8243; ][cs_element_text _id=&#8221;3&#8243; ][cs_content_seo]Mastering\\n\\n[\/cs_content_seo][cs_element_headline _id=&#8221;4&#8243; ][cs_content_seo]Masterizaci&oacute;n por STEMS\\n\\nQuick caption here\\n\\n[\/cs_content_seo][cs_element_text _id=&#8221;5&#8243; ][cs_content_seo]&iquest;Qu&eacute; es la Masterizaci&oacute;n por Stems? La masterizaci&oacute;n por&nbsp;Stems&nbsp;(subgrupos de audio) es un servicio avanzado que ofrece&nbsp;mayor flexibilidad y precisi&oacute;n&nbsp;que la masterizaci&oacute;n tradicional. En lugar de trabajar con un &uacute;nico archivo est&eacute;reo, procesamos tus pistas agrupadas (por ejemplo: bater&iacute;a, bajos, [&hellip;]<\/p>\n","protected":false},"author":1,"featured_media":0,"parent":0,"menu_order":0,"comment_status":"closed","ping_status":"closed","template":"template-blank-4.php","meta":{"footnotes":""},"class_list":["post-320","page","type-page","status-publish","hentry"],"yoast_head":"<!-- This site is optimized with the Yoast SEO plugin v27.2 - https:\/\/yoast.com\/product\/yoast-seo-wordpress\/ -->\n<title>Mastering por STEMS - Roof Cat Studios<\/title>\n<meta name=\"robots\" content=\"index, follow, max-snippet:-1, max-image-preview:large, max-video-preview:-1\" \/>\n<link rel=\"canonical\" href=\"https:\/\/roofcatstudios.com\/?page_id=320\" \/>\n<meta property=\"og:locale\" content=\"es_MX\" \/>\n<meta property=\"og:type\" content=\"article\" \/>\n<meta property=\"og:title\" content=\"Mastering por STEMS - Roof Cat Studios\" \/>\n<meta property=\"og:description\" content=\"[cs_content _p=&#8217;320&#8242;][cs_element_section _id=&#8221;1&#8243; ][cs_element_layout_div _id=&#8221;2&#8243; ][cs_element_text _id=&#8221;3&#8243; ][cs_content_seo]Masteringnn[\/cs_content_seo][cs_element_headline _id=&#8221;4&#8243; ][cs_content_seo]Masterizaci&oacute;n por STEMSnnQuick caption herenn[\/cs_content_seo][cs_element_text _id=&#8221;5&#8243; ][cs_content_seo]&iquest;Qu&eacute; es la Masterizaci&oacute;n por Stems? La masterizaci&oacute;n por&nbsp;Stems&nbsp;(subgrupos de audio) es un servicio avanzado que ofrece&nbsp;mayor flexibilidad y precisi&oacute;n&nbsp;que la masterizaci&oacute;n tradicional. En lugar de trabajar con un &uacute;nico archivo est&eacute;reo, procesamos tus pistas agrupadas (por ejemplo: bater&iacute;a, bajos, [&hellip;]\" \/>\n<meta property=\"og:url\" content=\"https:\/\/roofcatstudios.com\/?page_id=320\" \/>\n<meta property=\"og:site_name\" content=\"Roof Cat Studios\" \/>\n<meta property=\"article:publisher\" content=\"https:\/\/www.facebook.com\/roofcatstudios\" \/>\n<meta property=\"article:modified_time\" content=\"2025-05-19T04:27:46+00:00\" \/>\n<meta name=\"twitter:card\" content=\"summary_large_image\" \/>\n<meta name=\"twitter:label1\" content=\"Tiempo de lectura\" \/>\n\t<meta name=\"twitter:data1\" content=\"6 minutos\" \/>\n<script type=\"application\/ld+json\" class=\"yoast-schema-graph\">{\"@context\":\"https:\/\/schema.org\",\"@graph\":[{\"@type\":\"WebPage\",\"@id\":\"https:\/\/roofcatstudios.com\/?page_id=320\",\"url\":\"https:\/\/roofcatstudios.com\/?page_id=320\",\"name\":\"Mastering por STEMS - Roof Cat Studios\",\"isPartOf\":{\"@id\":\"https:\/\/roofcatstudios.com\/#website\"},\"datePublished\":\"2025-04-18T04:32:16+00:00\",\"dateModified\":\"2025-05-19T04:27:46+00:00\",\"breadcrumb\":{\"@id\":\"https:\/\/roofcatstudios.com\/?page_id=320#breadcrumb\"},\"inLanguage\":\"es\",\"potentialAction\":[{\"@type\":\"ReadAction\",\"target\":[\"https:\/\/roofcatstudios.com\/?page_id=320\"]}]},{\"@type\":\"BreadcrumbList\",\"@id\":\"https:\/\/roofcatstudios.com\/?page_id=320#breadcrumb\",\"itemListElement\":[{\"@type\":\"ListItem\",\"position\":1,\"name\":\"Inicio\",\"item\":\"https:\/\/roofcatstudios.com\/\"},{\"@type\":\"ListItem\",\"position\":2,\"name\":\"Mastering por STEMS\"}]},{\"@type\":\"WebSite\",\"@id\":\"https:\/\/roofcatstudios.com\/#website\",\"url\":\"https:\/\/roofcatstudios.com\/\",\"name\":\"Roof Cat Studios\",\"description\":\"Estudio de Producci\u00f3n Musical, Dise\u00f1o Sonoro y Post Producci\u00f3n\",\"publisher\":{\"@id\":\"https:\/\/roofcatstudios.com\/#organization\"},\"potentialAction\":[{\"@type\":\"SearchAction\",\"target\":{\"@type\":\"EntryPoint\",\"urlTemplate\":\"https:\/\/roofcatstudios.com\/?s={search_term_string}\"},\"query-input\":{\"@type\":\"PropertyValueSpecification\",\"valueRequired\":true,\"valueName\":\"search_term_string\"}}],\"inLanguage\":\"es\"},{\"@type\":\"Organization\",\"@id\":\"https:\/\/roofcatstudios.com\/#organization\",\"name\":\"Roof Cat Studios\",\"url\":\"https:\/\/roofcatstudios.com\/\",\"logo\":{\"@type\":\"ImageObject\",\"inLanguage\":\"es\",\"@id\":\"https:\/\/roofcatstudios.com\/#\/schema\/logo\/image\/\",\"url\":\"https:\/\/roofcatstudios.com\/wp-content\/uploads\/2023\/11\/RoofCatStudioLogo_v-copia-4-2.png\",\"contentUrl\":\"https:\/\/roofcatstudios.com\/wp-content\/uploads\/2023\/11\/RoofCatStudioLogo_v-copia-4-2.png\",\"width\":500,\"height\":154,\"caption\":\"Roof Cat Studios\"},\"image\":{\"@id\":\"https:\/\/roofcatstudios.com\/#\/schema\/logo\/image\/\"},\"sameAs\":[\"https:\/\/www.facebook.com\/roofcatstudios\",\"https:\/\/www.instagram.com\/roofcatstudios\/\"]}]}<\/script>\n<!-- \/ Yoast SEO plugin. -->","yoast_head_json":{"title":"Mastering por STEMS - Roof Cat Studios","robots":{"index":"index","follow":"follow","max-snippet":"max-snippet:-1","max-image-preview":"max-image-preview:large","max-video-preview":"max-video-preview:-1"},"canonical":"https:\/\/roofcatstudios.com\/?page_id=320","og_locale":"es_MX","og_type":"article","og_title":"Mastering por STEMS - Roof Cat Studios","og_description":"[cs_content _p=&#8217;320&#8242;][cs_element_section _id=&#8221;1&#8243; ][cs_element_layout_div _id=&#8221;2&#8243; ][cs_element_text _id=&#8221;3&#8243; ][cs_content_seo]Masteringnn[\/cs_content_seo][cs_element_headline _id=&#8221;4&#8243; ][cs_content_seo]Masterizaci&oacute;n por STEMSnnQuick caption herenn[\/cs_content_seo][cs_element_text _id=&#8221;5&#8243; ][cs_content_seo]&iquest;Qu&eacute; es la Masterizaci&oacute;n por Stems? La masterizaci&oacute;n por&nbsp;Stems&nbsp;(subgrupos de audio) es un servicio avanzado que ofrece&nbsp;mayor flexibilidad y precisi&oacute;n&nbsp;que la masterizaci&oacute;n tradicional. En lugar de trabajar con un &uacute;nico archivo est&eacute;reo, procesamos tus pistas agrupadas (por ejemplo: bater&iacute;a, bajos, [&hellip;]","og_url":"https:\/\/roofcatstudios.com\/?page_id=320","og_site_name":"Roof Cat Studios","article_publisher":"https:\/\/www.facebook.com\/roofcatstudios","article_modified_time":"2025-05-19T04:27:46+00:00","twitter_card":"summary_large_image","twitter_misc":{"Tiempo de lectura":"6 minutos"},"schema":{"@context":"https:\/\/schema.org","@graph":[{"@type":"WebPage","@id":"https:\/\/roofcatstudios.com\/?page_id=320","url":"https:\/\/roofcatstudios.com\/?page_id=320","name":"Mastering por STEMS - Roof Cat Studios","isPartOf":{"@id":"https:\/\/roofcatstudios.com\/#website"},"datePublished":"2025-04-18T04:32:16+00:00","dateModified":"2025-05-19T04:27:46+00:00","breadcrumb":{"@id":"https:\/\/roofcatstudios.com\/?page_id=320#breadcrumb"},"inLanguage":"es","potentialAction":[{"@type":"ReadAction","target":["https:\/\/roofcatstudios.com\/?page_id=320"]}]},{"@type":"BreadcrumbList","@id":"https:\/\/roofcatstudios.com\/?page_id=320#breadcrumb","itemListElement":[{"@type":"ListItem","position":1,"name":"Inicio","item":"https:\/\/roofcatstudios.com\/"},{"@type":"ListItem","position":2,"name":"Mastering por STEMS"}]},{"@type":"WebSite","@id":"https:\/\/roofcatstudios.com\/#website","url":"https:\/\/roofcatstudios.com\/","name":"Roof Cat Studios","description":"Estudio de Producci\u00f3n Musical, Dise\u00f1o Sonoro y Post Producci\u00f3n","publisher":{"@id":"https:\/\/roofcatstudios.com\/#organization"},"potentialAction":[{"@type":"SearchAction","target":{"@type":"EntryPoint","urlTemplate":"https:\/\/roofcatstudios.com\/?s={search_term_string}"},"query-input":{"@type":"PropertyValueSpecification","valueRequired":true,"valueName":"search_term_string"}}],"inLanguage":"es"},{"@type":"Organization","@id":"https:\/\/roofcatstudios.com\/#organization","name":"Roof Cat Studios","url":"https:\/\/roofcatstudios.com\/","logo":{"@type":"ImageObject","inLanguage":"es","@id":"https:\/\/roofcatstudios.com\/#\/schema\/logo\/image\/","url":"https:\/\/roofcatstudios.com\/wp-content\/uploads\/2023\/11\/RoofCatStudioLogo_v-copia-4-2.png","contentUrl":"https:\/\/roofcatstudios.com\/wp-content\/uploads\/2023\/11\/RoofCatStudioLogo_v-copia-4-2.png","width":500,"height":154,"caption":"Roof Cat Studios"},"image":{"@id":"https:\/\/roofcatstudios.com\/#\/schema\/logo\/image\/"},"sameAs":["https:\/\/www.facebook.com\/roofcatstudios","https:\/\/www.instagram.com\/roofcatstudios\/"]}]}},"jetpack_sharing_enabled":true,"_links":{"self":[{"href":"https:\/\/roofcatstudios.com\/index.php?rest_route=\/wp\/v2\/pages\/320","targetHints":{"allow":["GET"]}}],"collection":[{"href":"https:\/\/roofcatstudios.com\/index.php?rest_route=\/wp\/v2\/pages"}],"about":[{"href":"https:\/\/roofcatstudios.com\/index.php?rest_route=\/wp\/v2\/types\/page"}],"author":[{"embeddable":true,"href":"https:\/\/roofcatstudios.com\/index.php?rest_route=\/wp\/v2\/users\/1"}],"replies":[{"embeddable":true,"href":"https:\/\/roofcatstudios.com\/index.php?rest_route=%2Fwp%2Fv2%2Fcomments&post=320"}],"version-history":[{"count":25,"href":"https:\/\/roofcatstudios.com\/index.php?rest_route=\/wp\/v2\/pages\/320\/revisions"}],"predecessor-version":[{"id":381,"href":"https:\/\/roofcatstudios.com\/index.php?rest_route=\/wp\/v2\/pages\/320\/revisions\/381"}],"wp:attachment":[{"href":"https:\/\/roofcatstudios.com\/index.php?rest_route=%2Fwp%2Fv2%2Fmedia&parent=320"}],"curies":[{"name":"wp","href":"https:\/\/api.w.org\/{rel}","templated":true}]}}