{"id":635,"date":"2025-09-26T11:44:42","date_gmt":"2025-09-26T17:44:42","guid":{"rendered":"https:\/\/roofcatstudios.com\/?page_id=635"},"modified":"2025-09-26T11:54:07","modified_gmt":"2025-09-26T17:54:07","slug":"aviso-de-privacidad-pesadilla-roof-cat","status":"publish","type":"page","link":"https:\/\/roofcatstudios.com\/?page_id=635","title":{"rendered":"Aviso de Privacidad Pesadilla Roof Cat"},"content":{"rendered":"<p>[cs_content _p=&#8217;635&#8242;][cs_element_section _id=&#8221;1&#8243; ][cs_element_layout_div _id=&#8221;2&#8243; ][cs_element_text _id=&#8221;3&#8243; ][cs_content_seo]AVISO DE PRIVACIDAD INTEGRAL &#8211; PESADILLA EN ROOF CAT STUDIOS<br \/>\n&nbsp;<br \/>\nResponsable de la protecci&oacute;n de sus datos personales: Roof Cat Studios, con domicilio en Tekit 127, Lomas de Padierna, Tlalpan CDMX C.P. 14240, es responsable del tratamiento de los datos personales que nos proporcione.<br \/>\nFinalidades del tratamiento de sus datos personales:Los datos personales recabados a trav&eacute;s del formulario de inscripci&oacute;n para el evento &#8220;Pesadilla en Roof Cat Studios&#8221; ser&aacute;n utilizados para las siguientes finalidades:<br \/>\nFinalidades Primarias (Esenciales para participar):<\/p>\n<p>Identificarle como participante o representante de la banda.<\/p>\n<p>Evaluar la solicitud de participaci&oacute;n en el evento.<\/p>\n<p>Mantener comunicaci&oacute;n respecto al proceso de selecci&oacute;n, log&iacute;stica del evento y aspectos relacionados.<\/p>\n<p>Integrar un expediente de los participantes.<\/p>\n<p>Grabar, reproducir y utilizar su imagen, nombre art&iacute;stico y performance musical durante el evento para su difusi&oacute;n en redes sociales, p&aacute;gina web y materiales promocionales de Roof Cat Studios, tal como se establece en las bases del evento.<\/p>\n<p>Finalidades Secundarias (No obligatorias):<\/p>\n<p>Enviarle informaci&oacute;n sobre servicios, promociones y futuros eventos organizados por Roof Cat Studios.<\/p>\n<p>Opciones para limitar el uso o divulgaci&oacute;n de sus datos:Usted puede dejar de recibir mensajes promocionales por parte de Roof Cat Studios (Finalidades Secundarias) enviando un correo electr&oacute;nico a [Tu correo electr&oacute;nico] con el asunto &#8220;Baja de Promociones&#8221;.<br \/>\nTransferencia de datos:Sus datos personales no ser&aacute;n transferidos a terceros nacionales o internacionales, salvo aquellas transferencias previstas por la Ley y las necesarias para cumplir con las finalidades primarias (ej., plataformas de almacenamiento en la nube como Google Drive, bajo esquemas de confidencialidad).<br \/>\nMedios para ejercer los derechos ARCO (Acceso, Rectificaci&oacute;n, Cancelaci&oacute;n, Oposici&oacute;n):Usted tiene derecho a acceder a sus datos personales que poseemos y a los detalles del tratamiento, as&iacute; como a rectificarlos en caso de ser inexactos o incompletos; cancelarlos cuando considere que no se requieren para alguna de las finalidades se&ntilde;aladas en el presente aviso, est&eacute;n siendo utilizados para finalidades no consentidas o haya finalizado la relaci&oacute;n contractual o de servicio; u oponerse al tratamiento de los mismos para fines espec&iacute;ficos.<br \/>\nPara ejercer cualquiera de los derechos ARCO, deber&aacute; enviar su solicitud al correo electr&oacute;nico: [Tu correo electr&oacute;nico], la cual deber&aacute; contener:<\/p>\n<p>Su nombre completo y datos de contacto.<\/p>\n<p>La descripci&oacute;n clara y precisa de los datos personales respecto de los que busca ejercer alguno de los derechos.<\/p>\n<p>Cualquier elemento o documento que facilite la localizaci&oacute;n de sus datos.<\/p>\n<p>En el caso de la rectificaci&oacute;n, deber&aacute; indicar las modificaciones a realizarse y aportar la documentaci&oacute;n que sustente su petici&oacute;n.<\/p>\n<p>El plazo para atender su solicitud ser&aacute; de 20 d&iacute;as h&aacute;biles contados desde su recepci&oacute;n.<br \/>\nRevocaci&oacute;n del consentimiento:Usted puede revocar el consentimiento que nos ha otorgado para el tratamiento de sus datos personales. Sin embargo, es importante que tenga en cuenta que no en todos los casos ser&aacute; posible atender su solicitud o concluir el tratamiento de forma inmediata, ya que es posible que por alguna obligaci&oacute;n legal requiramos seguir tratando sus datos.<br \/>\nCambios al aviso de privacidad:Nos reservamos el derecho de efectuar en cualquier momento modificaciones o actualizaciones al presente aviso de privacidad. Estos cambios estar&aacute;n disponibles a trav&eacute;s de nuestra p&aacute;gina de internet [www.roofcatstudios.com\/pesadilla2025].<br \/>\nFecha de &uacute;ltima actualizaci&oacute;n: 24 de septiembre de 2025\\n\\n[\/cs_content_seo][\/cs_element_layout_div][\/cs_element_section][\/cs_content]<\/p>\n","protected":false},"excerpt":{"rendered":"<p>[cs_content _p=&#8217;635&#8242;][cs_element_section _id=&#8221;1&#8243; ][cs_element_layout_div _id=&#8221;2&#8243; ][cs_element_text _id=&#8221;3&#8243; ][cs_content_seo]AVISO DE PRIVACIDAD INTEGRAL &#8211; PESADILLA EN ROOF CAT STUDIOS &nbsp; Responsable de la protecci&oacute;n de sus datos personales: Roof Cat Studios, con domicilio en Tekit 127, Lomas de Padierna, Tlalpan CDMX C.P. 14240, es responsable del tratamiento de los datos personales que nos proporcione. Finalidades del tratamiento [&hellip;]<\/p>\n","protected":false},"author":1,"featured_media":0,"parent":0,"menu_order":0,"comment_status":"closed","ping_status":"closed","template":"template-blank-4.php","meta":{"footnotes":""},"class_list":["post-635","page","type-page","status-publish","hentry"],"yoast_head":"<!-- This site is optimized with the Yoast SEO plugin v27.2 - https:\/\/yoast.com\/product\/yoast-seo-wordpress\/ -->\n<title>Aviso de Privacidad Pesadilla Roof Cat - Roof Cat Studios<\/title>\n<meta name=\"robots\" content=\"index, follow, max-snippet:-1, max-image-preview:large, max-video-preview:-1\" \/>\n<link rel=\"canonical\" href=\"https:\/\/roofcatstudios.com\/?page_id=635\" \/>\n<meta property=\"og:locale\" content=\"es_MX\" \/>\n<meta property=\"og:type\" content=\"article\" \/>\n<meta property=\"og:title\" content=\"Aviso de Privacidad Pesadilla Roof Cat - Roof Cat Studios\" \/>\n<meta property=\"og:description\" content=\"[cs_content _p=&#8217;635&#8242;][cs_element_section _id=&#8221;1&#8243; ][cs_element_layout_div _id=&#8221;2&#8243; ][cs_element_text _id=&#8221;3&#8243; ][cs_content_seo]AVISO DE PRIVACIDAD INTEGRAL &#8211; PESADILLA EN ROOF CAT STUDIOS &nbsp; Responsable de la protecci&oacute;n de sus datos personales: Roof Cat Studios, con domicilio en Tekit 127, Lomas de Padierna, Tlalpan CDMX C.P. 14240, es responsable del tratamiento de los datos personales que nos proporcione. Finalidades del tratamiento [&hellip;]\" \/>\n<meta property=\"og:url\" content=\"https:\/\/roofcatstudios.com\/?page_id=635\" \/>\n<meta property=\"og:site_name\" content=\"Roof Cat Studios\" \/>\n<meta property=\"article:publisher\" content=\"https:\/\/www.facebook.com\/roofcatstudios\" \/>\n<meta property=\"article:modified_time\" content=\"2025-09-26T17:54:07+00:00\" \/>\n<meta name=\"twitter:card\" content=\"summary_large_image\" \/>\n<meta name=\"twitter:label1\" content=\"Tiempo de lectura\" \/>\n\t<meta name=\"twitter:data1\" content=\"3 minutos\" \/>\n<script type=\"application\/ld+json\" class=\"yoast-schema-graph\">{\"@context\":\"https:\/\/schema.org\",\"@graph\":[{\"@type\":\"WebPage\",\"@id\":\"https:\/\/roofcatstudios.com\/?page_id=635\",\"url\":\"https:\/\/roofcatstudios.com\/?page_id=635\",\"name\":\"Aviso de Privacidad Pesadilla Roof Cat - Roof Cat Studios\",\"isPartOf\":{\"@id\":\"https:\/\/roofcatstudios.com\/#website\"},\"datePublished\":\"2025-09-26T17:44:42+00:00\",\"dateModified\":\"2025-09-26T17:54:07+00:00\",\"breadcrumb\":{\"@id\":\"https:\/\/roofcatstudios.com\/?page_id=635#breadcrumb\"},\"inLanguage\":\"es\",\"potentialAction\":[{\"@type\":\"ReadAction\",\"target\":[\"https:\/\/roofcatstudios.com\/?page_id=635\"]}]},{\"@type\":\"BreadcrumbList\",\"@id\":\"https:\/\/roofcatstudios.com\/?page_id=635#breadcrumb\",\"itemListElement\":[{\"@type\":\"ListItem\",\"position\":1,\"name\":\"Inicio\",\"item\":\"https:\/\/roofcatstudios.com\/\"},{\"@type\":\"ListItem\",\"position\":2,\"name\":\"Aviso de Privacidad Pesadilla Roof Cat\"}]},{\"@type\":\"WebSite\",\"@id\":\"https:\/\/roofcatstudios.com\/#website\",\"url\":\"https:\/\/roofcatstudios.com\/\",\"name\":\"Roof Cat Studios\",\"description\":\"Estudio de Producci\u00f3n Musical, Dise\u00f1o Sonoro y Post Producci\u00f3n\",\"publisher\":{\"@id\":\"https:\/\/roofcatstudios.com\/#organization\"},\"potentialAction\":[{\"@type\":\"SearchAction\",\"target\":{\"@type\":\"EntryPoint\",\"urlTemplate\":\"https:\/\/roofcatstudios.com\/?s={search_term_string}\"},\"query-input\":{\"@type\":\"PropertyValueSpecification\",\"valueRequired\":true,\"valueName\":\"search_term_string\"}}],\"inLanguage\":\"es\"},{\"@type\":\"Organization\",\"@id\":\"https:\/\/roofcatstudios.com\/#organization\",\"name\":\"Roof Cat Studios\",\"url\":\"https:\/\/roofcatstudios.com\/\",\"logo\":{\"@type\":\"ImageObject\",\"inLanguage\":\"es\",\"@id\":\"https:\/\/roofcatstudios.com\/#\/schema\/logo\/image\/\",\"url\":\"https:\/\/roofcatstudios.com\/wp-content\/uploads\/2023\/11\/RoofCatStudioLogo_v-copia-4-2.png\",\"contentUrl\":\"https:\/\/roofcatstudios.com\/wp-content\/uploads\/2023\/11\/RoofCatStudioLogo_v-copia-4-2.png\",\"width\":500,\"height\":154,\"caption\":\"Roof Cat Studios\"},\"image\":{\"@id\":\"https:\/\/roofcatstudios.com\/#\/schema\/logo\/image\/\"},\"sameAs\":[\"https:\/\/www.facebook.com\/roofcatstudios\",\"https:\/\/www.instagram.com\/roofcatstudios\/\"]}]}<\/script>\n<!-- \/ Yoast SEO plugin. -->","yoast_head_json":{"title":"Aviso de Privacidad Pesadilla Roof Cat - Roof Cat Studios","robots":{"index":"index","follow":"follow","max-snippet":"max-snippet:-1","max-image-preview":"max-image-preview:large","max-video-preview":"max-video-preview:-1"},"canonical":"https:\/\/roofcatstudios.com\/?page_id=635","og_locale":"es_MX","og_type":"article","og_title":"Aviso de Privacidad Pesadilla Roof Cat - Roof Cat Studios","og_description":"[cs_content _p=&#8217;635&#8242;][cs_element_section _id=&#8221;1&#8243; ][cs_element_layout_div _id=&#8221;2&#8243; ][cs_element_text _id=&#8221;3&#8243; ][cs_content_seo]AVISO DE PRIVACIDAD INTEGRAL &#8211; PESADILLA EN ROOF CAT STUDIOS &nbsp; Responsable de la protecci&oacute;n de sus datos personales: Roof Cat Studios, con domicilio en Tekit 127, Lomas de Padierna, Tlalpan CDMX C.P. 14240, es responsable del tratamiento de los datos personales que nos proporcione. Finalidades del tratamiento [&hellip;]","og_url":"https:\/\/roofcatstudios.com\/?page_id=635","og_site_name":"Roof Cat Studios","article_publisher":"https:\/\/www.facebook.com\/roofcatstudios","article_modified_time":"2025-09-26T17:54:07+00:00","twitter_card":"summary_large_image","twitter_misc":{"Tiempo de lectura":"3 minutos"},"schema":{"@context":"https:\/\/schema.org","@graph":[{"@type":"WebPage","@id":"https:\/\/roofcatstudios.com\/?page_id=635","url":"https:\/\/roofcatstudios.com\/?page_id=635","name":"Aviso de Privacidad Pesadilla Roof Cat - Roof Cat Studios","isPartOf":{"@id":"https:\/\/roofcatstudios.com\/#website"},"datePublished":"2025-09-26T17:44:42+00:00","dateModified":"2025-09-26T17:54:07+00:00","breadcrumb":{"@id":"https:\/\/roofcatstudios.com\/?page_id=635#breadcrumb"},"inLanguage":"es","potentialAction":[{"@type":"ReadAction","target":["https:\/\/roofcatstudios.com\/?page_id=635"]}]},{"@type":"BreadcrumbList","@id":"https:\/\/roofcatstudios.com\/?page_id=635#breadcrumb","itemListElement":[{"@type":"ListItem","position":1,"name":"Inicio","item":"https:\/\/roofcatstudios.com\/"},{"@type":"ListItem","position":2,"name":"Aviso de Privacidad Pesadilla Roof Cat"}]},{"@type":"WebSite","@id":"https:\/\/roofcatstudios.com\/#website","url":"https:\/\/roofcatstudios.com\/","name":"Roof Cat Studios","description":"Estudio de Producci\u00f3n Musical, Dise\u00f1o Sonoro y Post Producci\u00f3n","publisher":{"@id":"https:\/\/roofcatstudios.com\/#organization"},"potentialAction":[{"@type":"SearchAction","target":{"@type":"EntryPoint","urlTemplate":"https:\/\/roofcatstudios.com\/?s={search_term_string}"},"query-input":{"@type":"PropertyValueSpecification","valueRequired":true,"valueName":"search_term_string"}}],"inLanguage":"es"},{"@type":"Organization","@id":"https:\/\/roofcatstudios.com\/#organization","name":"Roof Cat Studios","url":"https:\/\/roofcatstudios.com\/","logo":{"@type":"ImageObject","inLanguage":"es","@id":"https:\/\/roofcatstudios.com\/#\/schema\/logo\/image\/","url":"https:\/\/roofcatstudios.com\/wp-content\/uploads\/2023\/11\/RoofCatStudioLogo_v-copia-4-2.png","contentUrl":"https:\/\/roofcatstudios.com\/wp-content\/uploads\/2023\/11\/RoofCatStudioLogo_v-copia-4-2.png","width":500,"height":154,"caption":"Roof Cat Studios"},"image":{"@id":"https:\/\/roofcatstudios.com\/#\/schema\/logo\/image\/"},"sameAs":["https:\/\/www.facebook.com\/roofcatstudios","https:\/\/www.instagram.com\/roofcatstudios\/"]}]}},"jetpack_sharing_enabled":true,"_links":{"self":[{"href":"https:\/\/roofcatstudios.com\/index.php?rest_route=\/wp\/v2\/pages\/635","targetHints":{"allow":["GET"]}}],"collection":[{"href":"https:\/\/roofcatstudios.com\/index.php?rest_route=\/wp\/v2\/pages"}],"about":[{"href":"https:\/\/roofcatstudios.com\/index.php?rest_route=\/wp\/v2\/types\/page"}],"author":[{"embeddable":true,"href":"https:\/\/roofcatstudios.com\/index.php?rest_route=\/wp\/v2\/users\/1"}],"replies":[{"embeddable":true,"href":"https:\/\/roofcatstudios.com\/index.php?rest_route=%2Fwp%2Fv2%2Fcomments&post=635"}],"version-history":[{"count":4,"href":"https:\/\/roofcatstudios.com\/index.php?rest_route=\/wp\/v2\/pages\/635\/revisions"}],"predecessor-version":[{"id":641,"href":"https:\/\/roofcatstudios.com\/index.php?rest_route=\/wp\/v2\/pages\/635\/revisions\/641"}],"wp:attachment":[{"href":"https:\/\/roofcatstudios.com\/index.php?rest_route=%2Fwp%2Fv2%2Fmedia&parent=635"}],"curies":[{"name":"wp","href":"https:\/\/api.w.org\/{rel}","templated":true}]}}