{"id":65,"date":"2016-08-26T12:51:53","date_gmt":"2016-08-26T17:51:53","guid":{"rendered":"https:\/\/roofcatstudios.com\/about\/"},"modified":"2026-01-06T15:18:59","modified_gmt":"2026-01-06T21:18:59","slug":"acerca-de","status":"publish","type":"page","link":"https:\/\/roofcatstudios.com\/?page_id=65","title":{"rendered":"Acerca de"},"content":{"rendered":"<p>[cs_content _p=&#8217;65&#8217;][cs_element_section _id=&#8221;1&#8243; ][cs_element_layout_row _id=&#8221;2&#8243; ][cs_element_layout_column _id=&#8221;3&#8243; ][cs_element_headline _id=&#8221;4&#8243; ][cs_content_seo]Acerca deRoof Cat Studios\\n\\n[\/cs_content_seo][\/cs_element_layout_column][\/cs_element_layout_row][\/cs_element_section][cs_element_section _id=&#8221;5&#8243; ][cs_element_layout_row _id=&#8221;6&#8243; ][cs_element_layout_column _id=&#8221;7&#8243; ][cs_element_text _id=&#8221;8&#8243; ][cs_content_seo]Comenz&oacute; con una idea&#8230;\\n\\n[\/cs_content_seo][cs_element_text _id=&#8221;9&#8243; ][cs_content_seo]Somos la respuesta ideal para la producci&oacute;n musical y post producci&oacute;n que es congruente con los presupuestos y demandas de la industria del entretenimiento en la actualidad.\\n\\n[\/cs_content_seo][\/cs_element_layout_column][\/cs_element_layout_row][\/cs_element_section][cs_element_section _id=&#8221;10&#8243; ][cs_element_layout_row _id=&#8221;11&#8243; ][cs_element_layout_column _id=&#8221;12&#8243; ][\/cs_element_layout_column][cs_element_layout_column _id=&#8221;13&#8243; ][cs_element_headline _id=&#8221;14&#8243; ][cs_content_seo]NuestraHistoria\\n\\n[\/cs_content_seo][cs_element_headline _id=&#8221;15&#8243; ][cs_content_seo]2014\\n\\n[\/cs_content_seo][cs_element_text _id=&#8221;16&#8243; ][cs_content_seo]Bajo el nombre &#8220;Crossfade Studios&#8221; se realizan algunas producciones como el EP Prima Nocte de Shalott, se realizan trabajos de sampling para empresas como 101 samples, audios institucionales para empresas como Aereocalafia.&nbsp;\\n\\n[\/cs_content_seo][cs_element_headline _id=&#8221;17&#8243; ][cs_content_seo]2016\\n\\n[\/cs_content_seo][cs_element_text _id=&#8221;18&#8243; ][cs_content_seo]Los fundadores Petrucci (Gato), Josue A. Ricardo A. y familia construyen el Live Room principal, Control Room, y Terraza para invitados y artistas.&nbsp; El estudio comienza generando producciones de calidad internacional, siguiendo recomendaciones y procesos de calidad como Apple Digital Masters, EBU R-128. Se realiza la primera edici&oacute;n de posada Roof Cat Studios.\\n\\n[\/cs_content_seo][cs_element_headline _id=&#8221;19&#8243; ][cs_content_seo]2018\\n\\n[\/cs_content_seo][cs_element_text _id=&#8221;20&#8243; ][cs_content_seo]Mas de 50 lanzamientos se acumulan en las plataformas con Roof Cat Studios como productora o sello discogr&aacute;fico. Diversos formatos se a&ntilde;aden al cat&aacute;logo como las Live Sessions 360, Multitrack 4 k.&nbsp;\\n\\n[\/cs_content_seo][cs_element_headline _id=&#8221;21&#8243; ][cs_content_seo]2023\\n\\n[\/cs_content_seo][cs_element_text _id=&#8221;22&#8243; ][cs_content_seo]Se a&ntilde;ade el flujo de trabajo de Dolby Atmos con un sistema 5.1 abordo del cuarto de control.&nbsp; Habiendo producido a artistas como Luis Huerta (Baterista de Celia Cruz, Lila Downs, etc.), Ruben Renne (Ex-integrante La Voz M&eacute;xico) y mas.\\n\\n[\/cs_content_seo][\/cs_element_layout_column][\/cs_element_layout_row][\/cs_element_section][cs_element_section _id=&#8221;23&#8243; ][cs_element_layout_row _id=&#8221;24&#8243; ][cs_element_layout_column _id=&#8221;25&#8243; ][cs_element_headline _id=&#8221;26&#8243; ][cs_content_seo]Nuestras Instalaciones\\n\\n[\/cs_content_seo][\/cs_element_layout_column][\/cs_element_layout_row][cs_element_layout_row _id=&#8221;27&#8243; ][cs_element_layout_column _id=&#8221;28&#8243; ][cs_element_image _id=&#8221;29&#8243; ][\/cs_element_layout_column][cs_element_layout_column _id=&#8221;30&#8243; ][cs_element_image _id=&#8221;31&#8243; ][\/cs_element_layout_column][cs_element_layout_column _id=&#8221;32&#8243; ][cs_element_image _id=&#8221;33&#8243; ][\/cs_element_layout_column][cs_element_layout_column _id=&#8221;34&#8243; ][cs_element_gap _id=&#8221;35&#8243; ][\/cs_element_layout_column][\/cs_element_layout_row][cs_element_layout_row _id=&#8221;36&#8243; ][cs_element_layout_column _id=&#8221;37&#8243; ][cs_element_headline _id=&#8221;38&#8243; ][cs_content_seo]{{dc:post:title}}Equipo\\n\\n[\/cs_content_seo][cs_element_gap _id=&#8221;39&#8243; ][\/cs_element_layout_column][\/cs_element_layout_row][cs_element_layout_row _id=&#8221;40&#8243; ][cs_element_layout_column _id=&#8221;41&#8243; ][cs_element_layout_div _id=&#8221;42&#8243; ][cs_element_icon _id=&#8221;43&#8243; ][\/cs_element_layout_div][cs_element_layout_div _id=&#8221;44&#8243; ][cs_element_text _id=&#8221;45&#8243; ][cs_content_seo]MXL 770X<br \/>\nMXL CR89<br \/>\nMXL DX-2<br \/>\nMXL CR21<br \/>\nMXL CR30<br \/>\nSHURE SM57<br \/>\nSHURE SM58<br \/>\nAUDIX I5<br \/>\nLEWITT REX 340<br \/>\nLEWITT 340 DTP<br \/>\nLEWITT LCT 140<br \/>\nSENNHEISER E901<br \/>\nAudio-Technica AT875R&nbsp;<br \/>\n\\n\\n[\/cs_content_seo][\/cs_element_layout_div][\/cs_element_layout_column][cs_element_layout_column _id=&#8221;46&#8243; ][cs_element_layout_div _id=&#8221;47&#8243; ][cs_element_icon _id=&#8221;48&#8243; ][\/cs_element_layout_div][cs_element_layout_div _id=&#8221;49&#8243; ][cs_element_text _id=&#8221;50&#8243; ][cs_content_seo]TAMA Superstar Hyperdrive: Kick 22&#8243;, TOMS 10&#8243;, 12&#8243;, 14&#8243;, 16, mapple shellpack<br \/>\nPlatillos: HHX Sabian Kit (se renta por separado)<br \/>\nGuitarras: Sterling JP 100 Personalizada<br \/>\nIbanez Prestige RGA770<br \/>\nBajo: Ibanez SR 5 cuerdas<br \/>\nGuitarra Electroac&uacute;stica Ibanez<br \/>\nBugera Trirec Guitar Amp<br \/>\nLaney Nexus Fet Bass Amp<br \/>\nLaney 1&#215;12&#8243; Guitar Cab<br \/>\nGK Neo 1X12&#8243; Bass Cab<br \/>\nMarshall Origin 50 Head<br \/>\nMarshall Origin 212 Cab<br \/>\n\\n\\n[\/cs_content_seo][\/cs_element_layout_div][\/cs_element_layout_column][cs_element_layout_column _id=&#8221;51&#8243; ][cs_element_layout_div _id=&#8221;52&#8243; ][cs_element_icon _id=&#8221;53&#8243; ][\/cs_element_layout_div][cs_element_layout_div _id=&#8221;54&#8243; ][cs_element_text _id=&#8221;55&#8243; ][cs_content_seo]Interfaz: Clarett 8 PreX, Clarett Octopre<br \/>\nPreamps: ISA 430 MK II Producer Pack, Focusrite Clarett<br \/>\nControladores: Slate Raven MTI2<br \/>\nControlador de Monitoreo Behringer Control USB2<br \/>\nMonitoreo: P16 Behringer con mezcladoras P16M<br \/>\nPresonus R65,R80<br \/>\nDAW: Pro Tools, Ableton, Reaper, Logic<br \/>\n\\n\\n[\/cs_content_seo][\/cs_element_layout_div][\/cs_element_layout_column][\/cs_element_layout_row][\/cs_element_section][cs_element_section _id=&#8221;56&#8243; ][cs_element_layout_row _id=&#8221;57&#8243; ][cs_element_layout_column _id=&#8221;58&#8243; ][cs_element_headline _id=&#8221;59&#8243; ][cs_content_seo]Nuestro equipo\\n\\n[\/cs_content_seo][\/cs_element_layout_column][\/cs_element_layout_row][cs_element_layout_row _id=&#8221;60&#8243; ][cs_element_layout_column _id=&#8221;61&#8243; ][cs_element_image _id=&#8221;62&#8243; ][cs_element_text _id=&#8221;63&#8243; ][cs_content_seo]Josue Aguill&oacute;n<br \/>\nFundador y Productor Musical\\n\\n[\/cs_content_seo][\/cs_element_layout_column][cs_element_layout_column _id=&#8221;64&#8243; ][cs_element_image _id=&#8221;65&#8243; ][cs_element_text _id=&#8221;66&#8243; ][cs_content_seo]Petrucci Aguill&oacute;n<br \/>\nDirector\\n\\n[\/cs_content_seo][\/cs_element_layout_column][cs_element_layout_column _id=&#8221;67&#8243; ][cs_element_image _id=&#8221;68&#8243; ][cs_element_text _id=&#8221;69&#8243; ][cs_content_seo]Ricardo Aguill&oacute;n<br \/>\nFundador\\n\\n[\/cs_content_seo][\/cs_element_layout_column][\/cs_element_layout_row][cs_element_layout_row _id=&#8221;70&#8243; ][cs_element_layout_column _id=&#8221;71&#8243; ][cs_element_image _id=&#8221;72&#8243; ][cs_element_text _id=&#8221;73&#8243; ][cs_content_seo]Edna Nohem&iacute;<br \/>\nDise&ntilde;o y Estilismo&nbsp; de Imagen\\n\\n[\/cs_content_seo][\/cs_element_layout_column][\/cs_element_layout_row][\/cs_element_section][cs_element_section _id=&#8221;74&#8243; ][cs_element_layout_row _id=&#8221;75&#8243; ][cs_element_layout_column _id=&#8221;76&#8243; ][cs_element_creative_cta _id=&#8221;77&#8243; ][cs_content_seo]Book anAppointment\\n\\n[\/cs_content_seo][\/cs_element_layout_column][\/cs_element_layout_row][\/cs_element_section][\/cs_content]<\/p>\n","protected":false},"excerpt":{"rendered":"<p>[cs_content _p=&#8217;65&#8217;][cs_element_section _id=&#8221;1&#8243; ][cs_element_layout_row _id=&#8221;2&#8243; ][cs_element_layout_column _id=&#8221;3&#8243; ][cs_element_headline _id=&#8221;4&#8243; ][cs_content_seo]Acerca deRoof Cat Studios\\n\\n[\/cs_content_seo][\/cs_element_layout_column][\/cs_element_layout_row][\/cs_element_section][cs_element_section _id=&#8221;5&#8243; ][cs_element_layout_row _id=&#8221;6&#8243; ][cs_element_layout_column _id=&#8221;7&#8243; ][cs_element_text _id=&#8221;8&#8243; ][cs_content_seo]Comenz&oacute; con una idea&#8230;\\n\\n[\/cs_content_seo][cs_element_text _id=&#8221;9&#8243; ][cs_content_seo]Somos la respuesta ideal para la producci&oacute;n musical y post producci&oacute;n que es congruente con los presupuestos y demandas de la industria del entretenimiento en la actualidad.\\n\\n[\/cs_content_seo][\/cs_element_layout_column][\/cs_element_layout_row][\/cs_element_section][cs_element_section _id=&#8221;10&#8243; ][cs_element_layout_row _id=&#8221;11&#8243; [&hellip;]<\/p>\n","protected":false},"author":1,"featured_media":0,"parent":0,"menu_order":0,"comment_status":"closed","ping_status":"open","template":"template-blank-4.php","meta":{"footnotes":""},"class_list":["post-65","page","type-page","status-publish","hentry"],"yoast_head":"<!-- This site is optimized with the Yoast SEO plugin v27.2 - https:\/\/yoast.com\/product\/yoast-seo-wordpress\/ -->\n<title>Acerca de - Roof Cat Studios<\/title>\n<meta name=\"robots\" content=\"index, follow, max-snippet:-1, max-image-preview:large, max-video-preview:-1\" \/>\n<link rel=\"canonical\" href=\"https:\/\/roofcatstudios.com\/?page_id=65\" \/>\n<meta property=\"og:locale\" content=\"es_MX\" \/>\n<meta property=\"og:type\" content=\"article\" \/>\n<meta property=\"og:title\" content=\"Acerca de - Roof Cat Studios\" \/>\n<meta property=\"og:description\" content=\"[cs_content _p=&#8217;65&#8217;][cs_element_section _id=&#8221;1&#8243; ][cs_element_layout_row _id=&#8221;2&#8243; ][cs_element_layout_column _id=&#8221;3&#8243; ][cs_element_headline _id=&#8221;4&#8243; ][cs_content_seo]Acerca deRoof Cat Studiosnn[\/cs_content_seo][\/cs_element_layout_column][\/cs_element_layout_row][\/cs_element_section][cs_element_section _id=&#8221;5&#8243; ][cs_element_layout_row _id=&#8221;6&#8243; ][cs_element_layout_column _id=&#8221;7&#8243; ][cs_element_text _id=&#8221;8&#8243; ][cs_content_seo]Comenz&oacute; con una idea&#8230;nn[\/cs_content_seo][cs_element_text _id=&#8221;9&#8243; ][cs_content_seo]Somos la respuesta ideal para la producci&oacute;n musical y post producci&oacute;n que es congruente con los presupuestos y demandas de la industria del entretenimiento en la actualidad.nn[\/cs_content_seo][\/cs_element_layout_column][\/cs_element_layout_row][\/cs_element_section][cs_element_section _id=&#8221;10&#8243; ][cs_element_layout_row _id=&#8221;11&#8243; [&hellip;]\" \/>\n<meta property=\"og:url\" content=\"https:\/\/roofcatstudios.com\/?page_id=65\" \/>\n<meta property=\"og:site_name\" content=\"Roof Cat Studios\" \/>\n<meta property=\"article:publisher\" content=\"https:\/\/www.facebook.com\/roofcatstudios\" \/>\n<meta property=\"article:modified_time\" content=\"2026-01-06T21:18:59+00:00\" \/>\n<meta name=\"twitter:card\" content=\"summary_large_image\" \/>\n<meta name=\"twitter:label1\" content=\"Tiempo de lectura\" \/>\n\t<meta name=\"twitter:data1\" content=\"5 minutos\" \/>\n<script type=\"application\/ld+json\" class=\"yoast-schema-graph\">{\"@context\":\"https:\/\/schema.org\",\"@graph\":[{\"@type\":\"WebPage\",\"@id\":\"https:\/\/roofcatstudios.com\/?page_id=65\",\"url\":\"https:\/\/roofcatstudios.com\/?page_id=65\",\"name\":\"Acerca de - Roof Cat Studios\",\"isPartOf\":{\"@id\":\"https:\/\/roofcatstudios.com\/#website\"},\"datePublished\":\"2016-08-26T17:51:53+00:00\",\"dateModified\":\"2026-01-06T21:18:59+00:00\",\"breadcrumb\":{\"@id\":\"https:\/\/roofcatstudios.com\/?page_id=65#breadcrumb\"},\"inLanguage\":\"es\",\"potentialAction\":[{\"@type\":\"ReadAction\",\"target\":[\"https:\/\/roofcatstudios.com\/?page_id=65\"]}]},{\"@type\":\"BreadcrumbList\",\"@id\":\"https:\/\/roofcatstudios.com\/?page_id=65#breadcrumb\",\"itemListElement\":[{\"@type\":\"ListItem\",\"position\":1,\"name\":\"Inicio\",\"item\":\"https:\/\/roofcatstudios.com\/\"},{\"@type\":\"ListItem\",\"position\":2,\"name\":\"Acerca de\"}]},{\"@type\":\"WebSite\",\"@id\":\"https:\/\/roofcatstudios.com\/#website\",\"url\":\"https:\/\/roofcatstudios.com\/\",\"name\":\"Roof Cat Studios\",\"description\":\"Estudio de Producci\u00f3n Musical, Dise\u00f1o Sonoro y Post Producci\u00f3n\",\"publisher\":{\"@id\":\"https:\/\/roofcatstudios.com\/#organization\"},\"potentialAction\":[{\"@type\":\"SearchAction\",\"target\":{\"@type\":\"EntryPoint\",\"urlTemplate\":\"https:\/\/roofcatstudios.com\/?s={search_term_string}\"},\"query-input\":{\"@type\":\"PropertyValueSpecification\",\"valueRequired\":true,\"valueName\":\"search_term_string\"}}],\"inLanguage\":\"es\"},{\"@type\":\"Organization\",\"@id\":\"https:\/\/roofcatstudios.com\/#organization\",\"name\":\"Roof Cat Studios\",\"url\":\"https:\/\/roofcatstudios.com\/\",\"logo\":{\"@type\":\"ImageObject\",\"inLanguage\":\"es\",\"@id\":\"https:\/\/roofcatstudios.com\/#\/schema\/logo\/image\/\",\"url\":\"https:\/\/roofcatstudios.com\/wp-content\/uploads\/2023\/11\/RoofCatStudioLogo_v-copia-4-2.png\",\"contentUrl\":\"https:\/\/roofcatstudios.com\/wp-content\/uploads\/2023\/11\/RoofCatStudioLogo_v-copia-4-2.png\",\"width\":500,\"height\":154,\"caption\":\"Roof Cat Studios\"},\"image\":{\"@id\":\"https:\/\/roofcatstudios.com\/#\/schema\/logo\/image\/\"},\"sameAs\":[\"https:\/\/www.facebook.com\/roofcatstudios\",\"https:\/\/www.instagram.com\/roofcatstudios\/\"]}]}<\/script>\n<!-- \/ Yoast SEO plugin. -->","yoast_head_json":{"title":"Acerca de - Roof Cat Studios","robots":{"index":"index","follow":"follow","max-snippet":"max-snippet:-1","max-image-preview":"max-image-preview:large","max-video-preview":"max-video-preview:-1"},"canonical":"https:\/\/roofcatstudios.com\/?page_id=65","og_locale":"es_MX","og_type":"article","og_title":"Acerca de - Roof Cat Studios","og_description":"[cs_content _p=&#8217;65&#8217;][cs_element_section _id=&#8221;1&#8243; ][cs_element_layout_row _id=&#8221;2&#8243; ][cs_element_layout_column _id=&#8221;3&#8243; ][cs_element_headline _id=&#8221;4&#8243; ][cs_content_seo]Acerca deRoof Cat Studiosnn[\/cs_content_seo][\/cs_element_layout_column][\/cs_element_layout_row][\/cs_element_section][cs_element_section _id=&#8221;5&#8243; ][cs_element_layout_row _id=&#8221;6&#8243; ][cs_element_layout_column _id=&#8221;7&#8243; ][cs_element_text _id=&#8221;8&#8243; ][cs_content_seo]Comenz&oacute; con una idea&#8230;nn[\/cs_content_seo][cs_element_text _id=&#8221;9&#8243; ][cs_content_seo]Somos la respuesta ideal para la producci&oacute;n musical y post producci&oacute;n que es congruente con los presupuestos y demandas de la industria del entretenimiento en la actualidad.nn[\/cs_content_seo][\/cs_element_layout_column][\/cs_element_layout_row][\/cs_element_section][cs_element_section _id=&#8221;10&#8243; ][cs_element_layout_row _id=&#8221;11&#8243; [&hellip;]","og_url":"https:\/\/roofcatstudios.com\/?page_id=65","og_site_name":"Roof Cat Studios","article_publisher":"https:\/\/www.facebook.com\/roofcatstudios","article_modified_time":"2026-01-06T21:18:59+00:00","twitter_card":"summary_large_image","twitter_misc":{"Tiempo de lectura":"5 minutos"},"schema":{"@context":"https:\/\/schema.org","@graph":[{"@type":"WebPage","@id":"https:\/\/roofcatstudios.com\/?page_id=65","url":"https:\/\/roofcatstudios.com\/?page_id=65","name":"Acerca de - Roof Cat Studios","isPartOf":{"@id":"https:\/\/roofcatstudios.com\/#website"},"datePublished":"2016-08-26T17:51:53+00:00","dateModified":"2026-01-06T21:18:59+00:00","breadcrumb":{"@id":"https:\/\/roofcatstudios.com\/?page_id=65#breadcrumb"},"inLanguage":"es","potentialAction":[{"@type":"ReadAction","target":["https:\/\/roofcatstudios.com\/?page_id=65"]}]},{"@type":"BreadcrumbList","@id":"https:\/\/roofcatstudios.com\/?page_id=65#breadcrumb","itemListElement":[{"@type":"ListItem","position":1,"name":"Inicio","item":"https:\/\/roofcatstudios.com\/"},{"@type":"ListItem","position":2,"name":"Acerca de"}]},{"@type":"WebSite","@id":"https:\/\/roofcatstudios.com\/#website","url":"https:\/\/roofcatstudios.com\/","name":"Roof Cat Studios","description":"Estudio de Producci\u00f3n Musical, Dise\u00f1o Sonoro y Post Producci\u00f3n","publisher":{"@id":"https:\/\/roofcatstudios.com\/#organization"},"potentialAction":[{"@type":"SearchAction","target":{"@type":"EntryPoint","urlTemplate":"https:\/\/roofcatstudios.com\/?s={search_term_string}"},"query-input":{"@type":"PropertyValueSpecification","valueRequired":true,"valueName":"search_term_string"}}],"inLanguage":"es"},{"@type":"Organization","@id":"https:\/\/roofcatstudios.com\/#organization","name":"Roof Cat Studios","url":"https:\/\/roofcatstudios.com\/","logo":{"@type":"ImageObject","inLanguage":"es","@id":"https:\/\/roofcatstudios.com\/#\/schema\/logo\/image\/","url":"https:\/\/roofcatstudios.com\/wp-content\/uploads\/2023\/11\/RoofCatStudioLogo_v-copia-4-2.png","contentUrl":"https:\/\/roofcatstudios.com\/wp-content\/uploads\/2023\/11\/RoofCatStudioLogo_v-copia-4-2.png","width":500,"height":154,"caption":"Roof Cat Studios"},"image":{"@id":"https:\/\/roofcatstudios.com\/#\/schema\/logo\/image\/"},"sameAs":["https:\/\/www.facebook.com\/roofcatstudios","https:\/\/www.instagram.com\/roofcatstudios\/"]}]}},"jetpack_sharing_enabled":true,"_links":{"self":[{"href":"https:\/\/roofcatstudios.com\/index.php?rest_route=\/wp\/v2\/pages\/65","targetHints":{"allow":["GET"]}}],"collection":[{"href":"https:\/\/roofcatstudios.com\/index.php?rest_route=\/wp\/v2\/pages"}],"about":[{"href":"https:\/\/roofcatstudios.com\/index.php?rest_route=\/wp\/v2\/types\/page"}],"author":[{"embeddable":true,"href":"https:\/\/roofcatstudios.com\/index.php?rest_route=\/wp\/v2\/users\/1"}],"replies":[{"embeddable":true,"href":"https:\/\/roofcatstudios.com\/index.php?rest_route=%2Fwp%2Fv2%2Fcomments&post=65"}],"version-history":[{"count":22,"href":"https:\/\/roofcatstudios.com\/index.php?rest_route=\/wp\/v2\/pages\/65\/revisions"}],"predecessor-version":[{"id":664,"href":"https:\/\/roofcatstudios.com\/index.php?rest_route=\/wp\/v2\/pages\/65\/revisions\/664"}],"wp:attachment":[{"href":"https:\/\/roofcatstudios.com\/index.php?rest_route=%2Fwp%2Fv2%2Fmedia&parent=65"}],"curies":[{"name":"wp","href":"https:\/\/api.w.org\/{rel}","templated":true}]}}