{"id":66,"date":"2016-08-26T12:52:22","date_gmt":"2016-08-26T17:52:22","guid":{"rendered":"https:\/\/roofcatstudios.com\/services\/"},"modified":"2026-01-12T12:55:54","modified_gmt":"2026-01-12T18:55:54","slug":"services","status":"publish","type":"page","link":"https:\/\/roofcatstudios.com\/?page_id=66","title":{"rendered":"Services"},"content":{"rendered":"<p>[cs_content _p=&#8217;66&#8217;][cs_element_section _id=&#8221;1&#8243; ][cs_element_layout_row _id=&#8221;2&#8243; ][cs_element_layout_column _id=&#8221;3&#8243; ][cs_element_headline _id=&#8221;4&#8243; ][cs_content_seo]NuestrosServicios\\n\\n[\/cs_content_seo][\/cs_element_layout_column][\/cs_element_layout_row][\/cs_element_section][cs_element_section _id=&#8221;5&#8243; ][cs_element_layout_row _id=&#8221;6&#8243; ][cs_element_layout_column _id=&#8221;7&#8243; ][cs_element_headline _id=&#8221;8&#8243; ][cs_content_seo]Comienza tu producc&oacute;n con&nbsp; $1,350 MXN\\n\\n[\/cs_content_seo][cs_element_button _id=&#8221;9&#8243; ][cs_content_seo]Agenda Aqu\u00ed\\n\\n[\/cs_content_seo][\/cs_element_layout_column][\/cs_element_layout_row][\/cs_element_section][cs_element_section _id=&#8221;10&#8243; ][cs_element_layout_row _id=&#8221;11&#8243; ][cs_element_layout_column _id=&#8221;12&#8243; ][\/cs_element_layout_column][cs_element_layout_column _id=&#8221;13&#8243; ][cs_element_headline _id=&#8221;14&#8243; ][cs_content_seo]Producci&oacute;n musicalpersonalizado a tu proyecto\\n\\n[\/cs_content_seo][cs_element_layout_row_2 _id=&#8221;15&#8243; ][cs_element_layout_column_2 _id=&#8221;16&#8243; ][cs_element_image _id=&#8221;17&#8243; ][\/cs_element_layout_column_2][cs_element_layout_column_2 _id=&#8221;18&#8243; ][cs_element_headline _id=&#8221;19&#8243; ][cs_content_seo]Equipo Pro a tu alcanze\\n\\nEl equipo de Roof Cat Studios a sido cuidadosamente seleccionado para ofrecer el mejor sonido sin incrementar los costos de tu producci&oacute;n.\\n\\n[\/cs_content_seo][\/cs_element_layout_column_2][\/cs_element_layout_row_2][cs_element_layout_row_2 _id=&#8221;20&#8243; ][cs_element_layout_column_2 _id=&#8221;21&#8243; ][cs_element_image _id=&#8221;22&#8243; ][\/cs_element_layout_column_2][cs_element_layout_column_2 _id=&#8221;23&#8243; ][cs_element_headline _id=&#8221;24&#8243; ][cs_content_seo]Est&aacute;ndares Profesionales\\n\\nSomos una casa aprobada Apple Digital Masters, produciendo para formatos como Dolby Atmos, bajo criterios y recomendaciones internacionales con los que podemos garantizar la entrega cabal a tus requerimientos t&eacute;cnicos.\\n\\n[\/cs_content_seo][\/cs_element_layout_column_2][\/cs_element_layout_row_2][cs_element_layout_row_2 _id=&#8221;25&#8243; ][cs_element_layout_column_2 _id=&#8221;26&#8243; ][cs_element_image _id=&#8221;27&#8243; ][\/cs_element_layout_column_2][cs_element_layout_column_2 _id=&#8221;28&#8243; ][cs_element_headline _id=&#8221;29&#8243; ][cs_content_seo]Cada trabajo es &uacute;nico\\n\\nSomos artistas que tratamos cada proyecto como un objeto y concepto &uacute;nico que debe ser entendido de una forma &uacute;nica.\\n\\n[\/cs_content_seo][\/cs_element_layout_column_2][\/cs_element_layout_row_2][\/cs_element_layout_column][\/cs_element_layout_row][\/cs_element_section][cs_element_section _id=&#8221;30&#8243; ][cs_element_layout_row _id=&#8221;31&#8243; ][cs_element_layout_column _id=&#8221;32&#8243; ][cs_element_headline _id=&#8221;33&#8243; ][cs_content_seo]Elige como comenzar tu proyecto\\n\\nSERVICIOS CALIDAD SELLO DISCOGR&Aacute;FICO A TU ALCANCE\\n\\n[\/cs_content_seo][\/cs_element_layout_column][\/cs_element_layout_row][cs_element_layout_row _id=&#8221;34&#8243; ][cs_element_layout_column _id=&#8221;35&#8243; ][cs_element_headline _id=&#8221;36&#8243; ][cs_content_seo]$699 MXN\\n\\nespacios limitados\\n\\n[\/cs_content_seo][cs_element_headline _id=&#8221;37&#8243; ][cs_content_seo]Flash Sessions\\n\\nSubheadline text\\n\\n[\/cs_content_seo][cs_element_text _id=&#8221;38&#8243; ][cs_content_seo]En solo&nbsp;4 horas continuas, te ofrecemos una experiencia de grabaci&oacute;n completa y enfocada. Llega con tu idea clara y sal con un producto de alta calidad listo para el siguiente paso de tu proyecto. Es la soluci&oacute;n perfecta para deadlines ajustados, pruebas de concepto o para darle vida a esa inspiraci&oacute;n que acaba de llegar.<br \/>\nEsta sesi&oacute;n incluye:<\/p>\n<p>4 horas de estudio&nbsp;con acceso a nuestro equipo profesional.<\/p>\n<p>Asistencia de un ingeniero de audio&nbsp;especializado.<\/p>\n<p>Edici&oacute;n b&aacute;sica&nbsp;de tus tomas (selecci&oacute;n, limpieza y compilaci&oacute;n).<\/p>\n<p>1 mezcla de referencia (rough mix)&nbsp;para evaluar el resultado final.<\/p>\n<p>\\n\\n[\/cs_content_seo][cs_element_button _id=&#8221;39&#8243; ][cs_content_seo]Agenda Ahora\\n\\n[\/cs_content_seo][\/cs_element_layout_column][cs_element_layout_column _id=&#8221;40&#8243; ][cs_element_headline _id=&#8221;41&#8243; ][cs_content_seo]comienza con $1,375 MXN\\n\\nespacios limitados\\n\\n[\/cs_content_seo][cs_element_headline _id=&#8221;42&#8243; ][cs_content_seo]Producci&oacute;n Completa por tema\\n\\nSubheadline text\\n\\n[\/cs_content_seo][cs_element_text _id=&#8221;43&#8243; ][cs_content_seo]Este paquete integral incluye:<\/p>\n<p>Fase 1 &#8211; Preproducci&oacute;n:&nbsp;An&aacute;lisis y couching para preparar tu tema.<\/p>\n<p>Fase 2 &#8211; Grabaci&oacute;n:&nbsp;Hasta&nbsp;8 horas de estudio&nbsp;(en sesiones flexibles) con ingeniero especializado.<\/p>\n<p>Fase 3 &#8211; Postproducci&oacute;n:&nbsp;Edici&oacute;n y afinaci&oacute;n profesional de voces e instrumentos.<\/p>\n<p>Fase 4 &#8211; Mezcla:&nbsp;Balance, creatividad y cohesi&oacute;n de todos los elementos.<\/p>\n<p>Fase 5 &#8211; Mastering:&nbsp;Ajuste final para competitividad en streaming.<\/p>\n<p>Fase 6 &#8211; Distribuci&oacute;n Digital:&nbsp;Gesti&oacute;n y env&iacute;o a plataformas (ISRC\/UPC incluidos).<\/p>\n<p>Inversi&oacute;n con Oferta:&nbsp;$2,750 MXN&nbsp;(Precio Regular: $5,500 MXN).&nbsp;50% de descuento para proyectos contratados en Enero-Febrero 2026.<br \/>\nFacilidad de Pago:Paga el&nbsp;50% inicial ($1,375 MXN)&nbsp;para comenzar la preproducci&oacute;n y agendar. El&nbsp;50% restante ($1,375 MXN)&nbsp;se liquida al inicio de las sesiones de grabaci&oacute;n.\\n\\n[\/cs_content_seo][cs_element_button _id=&#8221;44&#8243; ][cs_content_seo]Agenda Ahora\\n\\n[\/cs_content_seo][\/cs_element_layout_column][\/cs_element_layout_row][\/cs_element_section][cs_element_section _id=&#8221;45&#8243; ][cs_element_layout_row _id=&#8221;46&#8243; ][cs_element_layout_column _id=&#8221;47&#8243; ][cs_element_creative_cta _id=&#8221;48&#8243; ][cs_content_seo]\u00bfA\u00fan no est\u00e1s seguro?Agenda una Asesor\u00eda Gratuita\\n\\n[\/cs_content_seo][\/cs_element_layout_column][\/cs_element_layout_row][\/cs_element_section][cs_element_section _id=&#8221;49&#8243; ][cs_element_layout_row _id=&#8221;50&#8243; ][cs_element_layout_column _id=&#8221;51&#8243; ][cs_element_headline _id=&#8221;52&#8243; ][cs_content_seo]Otros servicios de Audio y M&uacute;sica\\n\\n[\/cs_content_seo][\/cs_element_layout_column][\/cs_element_layout_row][cs_element_layout_row _id=&#8221;53&#8243; ][cs_element_layout_column _id=&#8221;54&#8243; ][cs_element_image _id=&#8221;55&#8243; ][cs_element_headline _id=&#8221;56&#8243; ][cs_content_seo]Video\/Audio Corporativos\\n\\n[\/cs_content_seo][cs_element_text _id=&#8221;57&#8243; ][cs_content_seo]This is where the text for your Feature Box should go. It&#8217;s best to keep it short and sweet.\\n\\n[\/cs_content_seo][\/cs_element_layout_column][cs_element_layout_column _id=&#8221;58&#8243; ][cs_element_image _id=&#8221;59&#8243; ][cs_element_headline _id=&#8221;60&#8243; ][cs_content_seo]Sonido Directo y Foley\\n\\n[\/cs_content_seo][cs_element_text _id=&#8221;61&#8243; ][cs_content_seo]Realizamos grabaci&oacute;n en exterior, locaci&oacute;n y de efectos especiales, desde un motor de auto hasta el palpitar de un coraz&oacute;n.\\n\\n[\/cs_content_seo][\/cs_element_layout_column][cs_element_layout_column _id=&#8221;62&#8243; ][cs_element_image _id=&#8221;63&#8243; ][cs_element_headline _id=&#8221;64&#8243; ][cs_content_seo]Dise&ntilde;o Sonoro\\n\\n[\/cs_content_seo][cs_element_text _id=&#8221;65&#8243; ][cs_content_seo]Audio para videojuegos, implementaci&oacute;n, soporte t&eacute;cnico para programaci&oacute;n de audio, experiencias inmersivas, audio para VR, AR y m&aacute;s.\\n\\n[\/cs_content_seo][\/cs_element_layout_column][\/cs_element_layout_row][cs_element_layout_row _id=&#8221;66&#8243; ][cs_element_layout_column _id=&#8221;67&#8243; ][cs_element_image _id=&#8221;68&#8243; ][cs_element_headline _id=&#8221;69&#8243; ][cs_content_seo]Locuci&oacute;n Comercial\\n\\n[\/cs_content_seo][cs_element_text _id=&#8221;70&#8243; ][cs_content_seo]Diferentes idiomas, diferentes voces, diferentes contextos, ya sea localizaci&oacute;n para videojuegos o doblaje para video.\\n\\n[\/cs_content_seo][\/cs_element_layout_column][cs_element_layout_column _id=&#8221;71&#8243; ][cs_element_image _id=&#8221;72&#8243; ][cs_element_headline _id=&#8221;73&#8243; ][cs_content_seo]Mezcla Dolby Atmos\\n\\n[\/cs_content_seo][cs_element_text _id=&#8221;74&#8243; ][cs_content_seo]Mezcla Dolby Atmos para m&uacute;sica, cortometrajes, trailers, cine, y otro tipo de proyectos.\\n\\n[\/cs_content_seo][\/cs_element_layout_column][cs_element_layout_column _id=&#8221;75&#8243; ][cs_element_image _id=&#8221;76&#8243; ][cs_element_headline _id=&#8221;77&#8243; ][cs_content_seo]Musicalizaci&oacute;n\\n\\n[\/cs_content_seo][cs_element_text _id=&#8221;78&#8243; ][cs_content_seo]This is where the text for your Feature Box should go. It&#8217;s best to keep it short and sweet.\\n\\n[\/cs_content_seo][\/cs_element_layout_column][\/cs_element_layout_row][\/cs_element_section][cs_element_section _id=&#8221;79&#8243; ][cs_element_layout_row _id=&#8221;80&#8243; ][cs_element_layout_column _id=&#8221;81&#8243; ][cs_element_text _id=&#8221;82&#8243; ][cs_content_seo]Nuestra misi&oacute;n es tu satisfacci&oacute;n&#8230;\\n\\n[\/cs_content_seo][cs_element_text _id=&#8221;83&#8243; ][cs_content_seo]Si no encuentras lo que buscas en esta p&aacute;gina cont&aacute;ctanos, estamos seguros que podemos proponer una soluci&oacute;n a tu alcance&#8230;\\n\\n[\/cs_content_seo][\/cs_element_layout_column][\/cs_element_layout_row][\/cs_element_section][\/cs_content]<\/p>\n","protected":false},"excerpt":{"rendered":"<p>[cs_content _p=&#8217;66&#8217;][cs_element_section _id=&#8221;1&#8243; ][cs_element_layout_row _id=&#8221;2&#8243; ][cs_element_layout_column _id=&#8221;3&#8243; ][cs_element_headline _id=&#8221;4&#8243; ][cs_content_seo]NuestrosServicios\\n\\n[\/cs_content_seo][\/cs_element_layout_column][\/cs_element_layout_row][\/cs_element_section][cs_element_section _id=&#8221;5&#8243; ][cs_element_layout_row _id=&#8221;6&#8243; ][cs_element_layout_column _id=&#8221;7&#8243; ][cs_element_headline _id=&#8221;8&#8243; ][cs_content_seo]Comienza tu producc&oacute;n con&nbsp; $1,350 MXN\\n\\n[\/cs_content_seo][cs_element_button _id=&#8221;9&#8243; ][cs_content_seo]Agenda Aqu\u00ed\\n\\n[\/cs_content_seo][\/cs_element_layout_column][\/cs_element_layout_row][\/cs_element_section][cs_element_section _id=&#8221;10&#8243; ][cs_element_layout_row _id=&#8221;11&#8243; ][cs_element_layout_column _id=&#8221;12&#8243; ][\/cs_element_layout_column][cs_element_layout_column _id=&#8221;13&#8243; ][cs_element_headline _id=&#8221;14&#8243; ][cs_content_seo]Producci&oacute;n musicalpersonalizado a tu proyecto\\n\\n[\/cs_content_seo][cs_element_layout_row_2 _id=&#8221;15&#8243; ][cs_element_layout_column_2 _id=&#8221;16&#8243; ][cs_element_image _id=&#8221;17&#8243; ][\/cs_element_layout_column_2][cs_element_layout_column_2 _id=&#8221;18&#8243; ][cs_element_headline _id=&#8221;19&#8243; ][cs_content_seo]Equipo Pro a tu alcanze\\n\\nEl equipo [&hellip;]<\/p>\n","protected":false},"author":1,"featured_media":0,"parent":0,"menu_order":0,"comment_status":"closed","ping_status":"open","template":"template-blank-4.php","meta":{"footnotes":""},"class_list":["post-66","page","type-page","status-publish","hentry"],"yoast_head":"<!-- This site is optimized with the Yoast SEO plugin v27.2 - https:\/\/yoast.com\/product\/yoast-seo-wordpress\/ -->\n<title>Services - Roof Cat Studios<\/title>\n<meta name=\"robots\" content=\"index, follow, max-snippet:-1, max-image-preview:large, max-video-preview:-1\" \/>\n<link rel=\"canonical\" href=\"https:\/\/roofcatstudios.com\/?page_id=66\" \/>\n<meta property=\"og:locale\" content=\"es_MX\" \/>\n<meta property=\"og:type\" content=\"article\" \/>\n<meta property=\"og:title\" content=\"Services - Roof Cat Studios\" \/>\n<meta property=\"og:description\" content=\"[cs_content _p=&#8217;66&#8217;][cs_element_section _id=&#8221;1&#8243; ][cs_element_layout_row _id=&#8221;2&#8243; ][cs_element_layout_column _id=&#8221;3&#8243; ][cs_element_headline _id=&#8221;4&#8243; ][cs_content_seo]NuestrosServiciosnn[\/cs_content_seo][\/cs_element_layout_column][\/cs_element_layout_row][\/cs_element_section][cs_element_section _id=&#8221;5&#8243; ][cs_element_layout_row _id=&#8221;6&#8243; ][cs_element_layout_column _id=&#8221;7&#8243; ][cs_element_headline _id=&#8221;8&#8243; ][cs_content_seo]Comienza tu producc&oacute;n con&nbsp; $1,350 MXNnn[\/cs_content_seo][cs_element_button _id=&#8221;9&#8243; ][cs_content_seo]Agenda Aqu\u00ednn[\/cs_content_seo][\/cs_element_layout_column][\/cs_element_layout_row][\/cs_element_section][cs_element_section _id=&#8221;10&#8243; ][cs_element_layout_row _id=&#8221;11&#8243; ][cs_element_layout_column _id=&#8221;12&#8243; ][\/cs_element_layout_column][cs_element_layout_column _id=&#8221;13&#8243; ][cs_element_headline _id=&#8221;14&#8243; ][cs_content_seo]Producci&oacute;n musicalpersonalizado a tu proyectonn[\/cs_content_seo][cs_element_layout_row_2 _id=&#8221;15&#8243; ][cs_element_layout_column_2 _id=&#8221;16&#8243; ][cs_element_image _id=&#8221;17&#8243; ][\/cs_element_layout_column_2][cs_element_layout_column_2 _id=&#8221;18&#8243; ][cs_element_headline _id=&#8221;19&#8243; ][cs_content_seo]Equipo Pro a tu alcanzennEl equipo [&hellip;]\" \/>\n<meta property=\"og:url\" content=\"https:\/\/roofcatstudios.com\/?page_id=66\" \/>\n<meta property=\"og:site_name\" content=\"Roof Cat Studios\" \/>\n<meta property=\"article:publisher\" content=\"https:\/\/www.facebook.com\/roofcatstudios\" \/>\n<meta property=\"article:modified_time\" content=\"2026-01-12T18:55:54+00:00\" \/>\n<meta name=\"twitter:card\" content=\"summary_large_image\" \/>\n<meta name=\"twitter:label1\" content=\"Tiempo de lectura\" \/>\n\t<meta name=\"twitter:data1\" content=\"7 minutos\" \/>\n<script type=\"application\/ld+json\" class=\"yoast-schema-graph\">{\"@context\":\"https:\/\/schema.org\",\"@graph\":[{\"@type\":\"WebPage\",\"@id\":\"https:\/\/roofcatstudios.com\/?page_id=66\",\"url\":\"https:\/\/roofcatstudios.com\/?page_id=66\",\"name\":\"Services - Roof Cat Studios\",\"isPartOf\":{\"@id\":\"https:\/\/roofcatstudios.com\/#website\"},\"datePublished\":\"2016-08-26T17:52:22+00:00\",\"dateModified\":\"2026-01-12T18:55:54+00:00\",\"breadcrumb\":{\"@id\":\"https:\/\/roofcatstudios.com\/?page_id=66#breadcrumb\"},\"inLanguage\":\"es\",\"potentialAction\":[{\"@type\":\"ReadAction\",\"target\":[\"https:\/\/roofcatstudios.com\/?page_id=66\"]}]},{\"@type\":\"BreadcrumbList\",\"@id\":\"https:\/\/roofcatstudios.com\/?page_id=66#breadcrumb\",\"itemListElement\":[{\"@type\":\"ListItem\",\"position\":1,\"name\":\"Inicio\",\"item\":\"https:\/\/roofcatstudios.com\/\"},{\"@type\":\"ListItem\",\"position\":2,\"name\":\"Services\"}]},{\"@type\":\"WebSite\",\"@id\":\"https:\/\/roofcatstudios.com\/#website\",\"url\":\"https:\/\/roofcatstudios.com\/\",\"name\":\"Roof Cat Studios\",\"description\":\"Estudio de Producci\u00f3n Musical, Dise\u00f1o Sonoro y Post Producci\u00f3n\",\"publisher\":{\"@id\":\"https:\/\/roofcatstudios.com\/#organization\"},\"potentialAction\":[{\"@type\":\"SearchAction\",\"target\":{\"@type\":\"EntryPoint\",\"urlTemplate\":\"https:\/\/roofcatstudios.com\/?s={search_term_string}\"},\"query-input\":{\"@type\":\"PropertyValueSpecification\",\"valueRequired\":true,\"valueName\":\"search_term_string\"}}],\"inLanguage\":\"es\"},{\"@type\":\"Organization\",\"@id\":\"https:\/\/roofcatstudios.com\/#organization\",\"name\":\"Roof Cat Studios\",\"url\":\"https:\/\/roofcatstudios.com\/\",\"logo\":{\"@type\":\"ImageObject\",\"inLanguage\":\"es\",\"@id\":\"https:\/\/roofcatstudios.com\/#\/schema\/logo\/image\/\",\"url\":\"https:\/\/roofcatstudios.com\/wp-content\/uploads\/2023\/11\/RoofCatStudioLogo_v-copia-4-2.png\",\"contentUrl\":\"https:\/\/roofcatstudios.com\/wp-content\/uploads\/2023\/11\/RoofCatStudioLogo_v-copia-4-2.png\",\"width\":500,\"height\":154,\"caption\":\"Roof Cat Studios\"},\"image\":{\"@id\":\"https:\/\/roofcatstudios.com\/#\/schema\/logo\/image\/\"},\"sameAs\":[\"https:\/\/www.facebook.com\/roofcatstudios\",\"https:\/\/www.instagram.com\/roofcatstudios\/\"]}]}<\/script>\n<!-- \/ Yoast SEO plugin. -->","yoast_head_json":{"title":"Services - Roof Cat Studios","robots":{"index":"index","follow":"follow","max-snippet":"max-snippet:-1","max-image-preview":"max-image-preview:large","max-video-preview":"max-video-preview:-1"},"canonical":"https:\/\/roofcatstudios.com\/?page_id=66","og_locale":"es_MX","og_type":"article","og_title":"Services - Roof Cat Studios","og_description":"[cs_content _p=&#8217;66&#8217;][cs_element_section _id=&#8221;1&#8243; ][cs_element_layout_row _id=&#8221;2&#8243; ][cs_element_layout_column _id=&#8221;3&#8243; ][cs_element_headline _id=&#8221;4&#8243; ][cs_content_seo]NuestrosServiciosnn[\/cs_content_seo][\/cs_element_layout_column][\/cs_element_layout_row][\/cs_element_section][cs_element_section _id=&#8221;5&#8243; ][cs_element_layout_row _id=&#8221;6&#8243; ][cs_element_layout_column _id=&#8221;7&#8243; ][cs_element_headline _id=&#8221;8&#8243; ][cs_content_seo]Comienza tu producc&oacute;n con&nbsp; $1,350 MXNnn[\/cs_content_seo][cs_element_button _id=&#8221;9&#8243; ][cs_content_seo]Agenda Aqu\u00ednn[\/cs_content_seo][\/cs_element_layout_column][\/cs_element_layout_row][\/cs_element_section][cs_element_section _id=&#8221;10&#8243; ][cs_element_layout_row _id=&#8221;11&#8243; ][cs_element_layout_column _id=&#8221;12&#8243; ][\/cs_element_layout_column][cs_element_layout_column _id=&#8221;13&#8243; ][cs_element_headline _id=&#8221;14&#8243; ][cs_content_seo]Producci&oacute;n musicalpersonalizado a tu proyectonn[\/cs_content_seo][cs_element_layout_row_2 _id=&#8221;15&#8243; ][cs_element_layout_column_2 _id=&#8221;16&#8243; ][cs_element_image _id=&#8221;17&#8243; ][\/cs_element_layout_column_2][cs_element_layout_column_2 _id=&#8221;18&#8243; ][cs_element_headline _id=&#8221;19&#8243; ][cs_content_seo]Equipo Pro a tu alcanzennEl equipo [&hellip;]","og_url":"https:\/\/roofcatstudios.com\/?page_id=66","og_site_name":"Roof Cat Studios","article_publisher":"https:\/\/www.facebook.com\/roofcatstudios","article_modified_time":"2026-01-12T18:55:54+00:00","twitter_card":"summary_large_image","twitter_misc":{"Tiempo de lectura":"7 minutos"},"schema":{"@context":"https:\/\/schema.org","@graph":[{"@type":"WebPage","@id":"https:\/\/roofcatstudios.com\/?page_id=66","url":"https:\/\/roofcatstudios.com\/?page_id=66","name":"Services - Roof Cat Studios","isPartOf":{"@id":"https:\/\/roofcatstudios.com\/#website"},"datePublished":"2016-08-26T17:52:22+00:00","dateModified":"2026-01-12T18:55:54+00:00","breadcrumb":{"@id":"https:\/\/roofcatstudios.com\/?page_id=66#breadcrumb"},"inLanguage":"es","potentialAction":[{"@type":"ReadAction","target":["https:\/\/roofcatstudios.com\/?page_id=66"]}]},{"@type":"BreadcrumbList","@id":"https:\/\/roofcatstudios.com\/?page_id=66#breadcrumb","itemListElement":[{"@type":"ListItem","position":1,"name":"Inicio","item":"https:\/\/roofcatstudios.com\/"},{"@type":"ListItem","position":2,"name":"Services"}]},{"@type":"WebSite","@id":"https:\/\/roofcatstudios.com\/#website","url":"https:\/\/roofcatstudios.com\/","name":"Roof Cat Studios","description":"Estudio de Producci\u00f3n Musical, Dise\u00f1o Sonoro y Post Producci\u00f3n","publisher":{"@id":"https:\/\/roofcatstudios.com\/#organization"},"potentialAction":[{"@type":"SearchAction","target":{"@type":"EntryPoint","urlTemplate":"https:\/\/roofcatstudios.com\/?s={search_term_string}"},"query-input":{"@type":"PropertyValueSpecification","valueRequired":true,"valueName":"search_term_string"}}],"inLanguage":"es"},{"@type":"Organization","@id":"https:\/\/roofcatstudios.com\/#organization","name":"Roof Cat Studios","url":"https:\/\/roofcatstudios.com\/","logo":{"@type":"ImageObject","inLanguage":"es","@id":"https:\/\/roofcatstudios.com\/#\/schema\/logo\/image\/","url":"https:\/\/roofcatstudios.com\/wp-content\/uploads\/2023\/11\/RoofCatStudioLogo_v-copia-4-2.png","contentUrl":"https:\/\/roofcatstudios.com\/wp-content\/uploads\/2023\/11\/RoofCatStudioLogo_v-copia-4-2.png","width":500,"height":154,"caption":"Roof Cat Studios"},"image":{"@id":"https:\/\/roofcatstudios.com\/#\/schema\/logo\/image\/"},"sameAs":["https:\/\/www.facebook.com\/roofcatstudios","https:\/\/www.instagram.com\/roofcatstudios\/"]}]}},"jetpack_sharing_enabled":true,"_links":{"self":[{"href":"https:\/\/roofcatstudios.com\/index.php?rest_route=\/wp\/v2\/pages\/66","targetHints":{"allow":["GET"]}}],"collection":[{"href":"https:\/\/roofcatstudios.com\/index.php?rest_route=\/wp\/v2\/pages"}],"about":[{"href":"https:\/\/roofcatstudios.com\/index.php?rest_route=\/wp\/v2\/types\/page"}],"author":[{"embeddable":true,"href":"https:\/\/roofcatstudios.com\/index.php?rest_route=\/wp\/v2\/users\/1"}],"replies":[{"embeddable":true,"href":"https:\/\/roofcatstudios.com\/index.php?rest_route=%2Fwp%2Fv2%2Fcomments&post=66"}],"version-history":[{"count":25,"href":"https:\/\/roofcatstudios.com\/index.php?rest_route=\/wp\/v2\/pages\/66\/revisions"}],"predecessor-version":[{"id":682,"href":"https:\/\/roofcatstudios.com\/index.php?rest_route=\/wp\/v2\/pages\/66\/revisions\/682"}],"wp:attachment":[{"href":"https:\/\/roofcatstudios.com\/index.php?rest_route=%2Fwp%2Fv2%2Fmedia&parent=66"}],"curies":[{"name":"wp","href":"https:\/\/api.w.org\/{rel}","templated":true}]}}