{"id":67,"date":"2016-08-26T12:53:34","date_gmt":"2016-08-26T17:53:34","guid":{"rendered":"https:\/\/roofcatstudios.com\/contact\/"},"modified":"2026-01-12T13:25:03","modified_gmt":"2026-01-12T19:25:03","slug":"contacto","status":"publish","type":"page","link":"https:\/\/roofcatstudios.com\/?page_id=67","title":{"rendered":"Contacto"},"content":{"rendered":"<p>[cs_content _p=&#8217;67&#8217;][cs_element_section _id=&#8221;1&#8243; ][cs_element_layout_row _id=&#8221;2&#8243; ][cs_element_layout_column _id=&#8221;3&#8243; ][cs_element_headline _id=&#8221;4&#8243; ][cs_content_seo]Cont&aacute;ctanos\\n\\n[\/cs_content_seo][\/cs_element_layout_column][\/cs_element_layout_row][\/cs_element_section][cs_element_section _id=&#8221;5&#8243; ][cs_element_layout_row _id=&#8221;6&#8243; ][cs_element_layout_column _id=&#8221;7&#8243; ][cs_element_map _modules=&#8221;9&#8243; _id=&#8221;8&#8243; ][\/cs_element_map][\/cs_element_layout_column][\/cs_element_layout_row][\/cs_element_section][cs_element_section _id=&#8221;10&#8243; ][cs_element_layout_row _id=&#8221;11&#8243; ][cs_element_layout_column _id=&#8221;12&#8243; ][cs_element_headline _id=&#8221;13&#8243; ][cs_content_seo]agenda en l&iacute;neaOnline\\n\\n[\/cs_content_seo][cs_element_headline _id=&#8221;14&#8243; ][cs_content_seo]Habla con el estudio por WhatsApp\\n\\n<img decoding=\"async\" class=\"emoji\" role=\"img\" draggable=\"false\" src=\"https:\/\/s.w.org\/images\/core\/emoji\/17.0.2\/svg\/1f4ac.svg\" alt=\"\ud83d\udcac\" \/>[\/cs_content_seo][\/cs_element_layout_column][\/cs_element_layout_row][\/cs_element_section][cs_element_section _id=&#8221;15&#8243; ][cs_element_layout_row _id=&#8221;16&#8243; ][cs_element_layout_column _id=&#8221;17&#8243; ][cs_element_image _id=&#8221;18&#8243; ][cs_element_headline _id=&#8221;19&#8243; ][cs_content_seo]Horarios\\n\\n[\/cs_content_seo][cs_element_line _id=&#8221;20&#8243; ][cs_element_text _id=&#8221;21&#8243; ][cs_content_seo]Lunes a Domingo bajo reservaci&oacute;n de 9 am a 11 pm\\n\\n[\/cs_content_seo][cs_element_headline _id=&#8221;22&#8243; ][cs_content_seo]wHATS APP\\n\\n[\/cs_content_seo][cs_element_text _id=&#8221;23&#8243; ][cs_content_seo]+52 56 56 39 76 69\\n\\n[\/cs_content_seo][\/cs_element_layout_column][\/cs_element_layout_row][\/cs_element_section][cs_element_section _id=&#8221;24&#8243; ][cs_element_layout_row _id=&#8221;25&#8243; ][cs_element_layout_column _id=&#8221;26&#8243; ][cs_element_image _id=&#8221;27&#8243; ][\/cs_element_layout_column][\/cs_element_layout_row][\/cs_element_section][\/cs_content]<\/p>\n","protected":false},"excerpt":{"rendered":"<p>[cs_content _p=&#8217;67&#8217;][cs_element_section _id=&#8221;1&#8243; ][cs_element_layout_row _id=&#8221;2&#8243; ][cs_element_layout_column _id=&#8221;3&#8243; ][cs_element_headline _id=&#8221;4&#8243; ][cs_content_seo]Cont&aacute;ctanos\\n\\n[\/cs_content_seo][\/cs_element_layout_column][\/cs_element_layout_row][\/cs_element_section][cs_element_section _id=&#8221;5&#8243; ][cs_element_layout_row _id=&#8221;6&#8243; ][cs_element_layout_column _id=&#8221;7&#8243; ][cs_element_map _modules=&#8221;9&#8243; _id=&#8221;8&#8243; ][\/cs_element_map][\/cs_element_layout_column][\/cs_element_layout_row][\/cs_element_section][cs_element_section _id=&#8221;10&#8243; ][cs_element_layout_row _id=&#8221;11&#8243; ][cs_element_layout_column _id=&#8221;12&#8243; ][cs_element_headline _id=&#8221;13&#8243; ][cs_content_seo]agenda en l&iacute;neaOnline\\n\\n[\/cs_content_seo][cs_element_headline _id=&#8221;14&#8243; ][cs_content_seo]Habla con el estudio por WhatsApp\\n\\n[\/cs_content_seo][\/cs_element_layout_column][\/cs_element_layout_row][\/cs_element_section][cs_element_section _id=&#8221;15&#8243; ][cs_element_layout_row _id=&#8221;16&#8243; ][cs_element_layout_column _id=&#8221;17&#8243; ][cs_element_image _id=&#8221;18&#8243; ][cs_element_headline _id=&#8221;19&#8243; ][cs_content_seo]Horarios\\n\\n[\/cs_content_seo][cs_element_line _id=&#8221;20&#8243; ][cs_element_text _id=&#8221;21&#8243; ][cs_content_seo]Lunes a Domingo bajo reservaci&oacute;n de [&hellip;]<\/p>\n","protected":false},"author":1,"featured_media":0,"parent":0,"menu_order":0,"comment_status":"closed","ping_status":"closed","template":"template-blank-4.php","meta":{"footnotes":""},"class_list":["post-67","page","type-page","status-publish","hentry"],"yoast_head":"<!-- This site is optimized with the Yoast SEO plugin v27.2 - https:\/\/yoast.com\/product\/yoast-seo-wordpress\/ -->\n<title>Contacto - Roof Cat Studios<\/title>\n<meta name=\"robots\" content=\"index, follow, max-snippet:-1, max-image-preview:large, max-video-preview:-1\" \/>\n<link rel=\"canonical\" href=\"https:\/\/roofcatstudios.com\/?page_id=67\" \/>\n<meta property=\"og:locale\" content=\"es_MX\" \/>\n<meta property=\"og:type\" content=\"article\" \/>\n<meta property=\"og:title\" content=\"Contacto - Roof Cat Studios\" \/>\n<meta property=\"og:description\" content=\"[cs_content _p=&#8217;67&#8217;][cs_element_section _id=&#8221;1&#8243; ][cs_element_layout_row _id=&#8221;2&#8243; ][cs_element_layout_column _id=&#8221;3&#8243; ][cs_element_headline _id=&#8221;4&#8243; ][cs_content_seo]Cont&aacute;ctanosnn[\/cs_content_seo][\/cs_element_layout_column][\/cs_element_layout_row][\/cs_element_section][cs_element_section _id=&#8221;5&#8243; ][cs_element_layout_row _id=&#8221;6&#8243; ][cs_element_layout_column _id=&#8221;7&#8243; ][cs_element_map _modules=&#8221;9&#8243; _id=&#8221;8&#8243; ][\/cs_element_map][\/cs_element_layout_column][\/cs_element_layout_row][\/cs_element_section][cs_element_section _id=&#8221;10&#8243; ][cs_element_layout_row _id=&#8221;11&#8243; ][cs_element_layout_column _id=&#8221;12&#8243; ][cs_element_headline _id=&#8221;13&#8243; ][cs_content_seo]agenda en l&iacute;neaOnlinenn[\/cs_content_seo][cs_element_headline _id=&#8221;14&#8243; ][cs_content_seo]Habla con el estudio por WhatsAppnn[\/cs_content_seo][\/cs_element_layout_column][\/cs_element_layout_row][\/cs_element_section][cs_element_section _id=&#8221;15&#8243; ][cs_element_layout_row _id=&#8221;16&#8243; ][cs_element_layout_column _id=&#8221;17&#8243; ][cs_element_image _id=&#8221;18&#8243; ][cs_element_headline _id=&#8221;19&#8243; ][cs_content_seo]Horariosnn[\/cs_content_seo][cs_element_line _id=&#8221;20&#8243; ][cs_element_text _id=&#8221;21&#8243; ][cs_content_seo]Lunes a Domingo bajo reservaci&oacute;n de [&hellip;]\" \/>\n<meta property=\"og:url\" content=\"https:\/\/roofcatstudios.com\/?page_id=67\" \/>\n<meta property=\"og:site_name\" content=\"Roof Cat Studios\" \/>\n<meta property=\"article:publisher\" content=\"https:\/\/www.facebook.com\/roofcatstudios\" \/>\n<meta property=\"article:modified_time\" content=\"2026-01-12T19:25:03+00:00\" \/>\n<meta property=\"og:image\" content=\"https:\/\/s.w.org\/images\/core\/emoji\/17.0.2\/svg\/1f4ac.svg\" \/>\n<meta name=\"twitter:card\" content=\"summary_large_image\" \/>\n<meta name=\"twitter:label1\" content=\"Tiempo de lectura\" \/>\n\t<meta name=\"twitter:data1\" content=\"1 minuto\" \/>\n<script type=\"application\/ld+json\" class=\"yoast-schema-graph\">{\"@context\":\"https:\/\/schema.org\",\"@graph\":[{\"@type\":\"WebPage\",\"@id\":\"https:\/\/roofcatstudios.com\/?page_id=67\",\"url\":\"https:\/\/roofcatstudios.com\/?page_id=67\",\"name\":\"Contacto - Roof Cat Studios\",\"isPartOf\":{\"@id\":\"https:\/\/roofcatstudios.com\/#website\"},\"primaryImageOfPage\":{\"@id\":\"https:\/\/roofcatstudios.com\/?page_id=67#primaryimage\"},\"image\":{\"@id\":\"https:\/\/roofcatstudios.com\/?page_id=67#primaryimage\"},\"thumbnailUrl\":\"https:\/\/s.w.org\/images\/core\/emoji\/17.0.2\/svg\/1f4ac.svg\",\"datePublished\":\"2016-08-26T17:53:34+00:00\",\"dateModified\":\"2026-01-12T19:25:03+00:00\",\"breadcrumb\":{\"@id\":\"https:\/\/roofcatstudios.com\/?page_id=67#breadcrumb\"},\"inLanguage\":\"es\",\"potentialAction\":[{\"@type\":\"ReadAction\",\"target\":[\"https:\/\/roofcatstudios.com\/?page_id=67\"]}]},{\"@type\":\"ImageObject\",\"inLanguage\":\"es\",\"@id\":\"https:\/\/roofcatstudios.com\/?page_id=67#primaryimage\",\"url\":\"https:\/\/s.w.org\/images\/core\/emoji\/17.0.2\/svg\/1f4ac.svg\",\"contentUrl\":\"https:\/\/s.w.org\/images\/core\/emoji\/17.0.2\/svg\/1f4ac.svg\"},{\"@type\":\"BreadcrumbList\",\"@id\":\"https:\/\/roofcatstudios.com\/?page_id=67#breadcrumb\",\"itemListElement\":[{\"@type\":\"ListItem\",\"position\":1,\"name\":\"Inicio\",\"item\":\"https:\/\/roofcatstudios.com\/\"},{\"@type\":\"ListItem\",\"position\":2,\"name\":\"Contacto\"}]},{\"@type\":\"WebSite\",\"@id\":\"https:\/\/roofcatstudios.com\/#website\",\"url\":\"https:\/\/roofcatstudios.com\/\",\"name\":\"Roof Cat Studios\",\"description\":\"Estudio de Producci\u00f3n Musical, Dise\u00f1o Sonoro y Post Producci\u00f3n\",\"publisher\":{\"@id\":\"https:\/\/roofcatstudios.com\/#organization\"},\"potentialAction\":[{\"@type\":\"SearchAction\",\"target\":{\"@type\":\"EntryPoint\",\"urlTemplate\":\"https:\/\/roofcatstudios.com\/?s={search_term_string}\"},\"query-input\":{\"@type\":\"PropertyValueSpecification\",\"valueRequired\":true,\"valueName\":\"search_term_string\"}}],\"inLanguage\":\"es\"},{\"@type\":\"Organization\",\"@id\":\"https:\/\/roofcatstudios.com\/#organization\",\"name\":\"Roof Cat Studios\",\"url\":\"https:\/\/roofcatstudios.com\/\",\"logo\":{\"@type\":\"ImageObject\",\"inLanguage\":\"es\",\"@id\":\"https:\/\/roofcatstudios.com\/#\/schema\/logo\/image\/\",\"url\":\"https:\/\/roofcatstudios.com\/wp-content\/uploads\/2023\/11\/RoofCatStudioLogo_v-copia-4-2.png\",\"contentUrl\":\"https:\/\/roofcatstudios.com\/wp-content\/uploads\/2023\/11\/RoofCatStudioLogo_v-copia-4-2.png\",\"width\":500,\"height\":154,\"caption\":\"Roof Cat Studios\"},\"image\":{\"@id\":\"https:\/\/roofcatstudios.com\/#\/schema\/logo\/image\/\"},\"sameAs\":[\"https:\/\/www.facebook.com\/roofcatstudios\",\"https:\/\/www.instagram.com\/roofcatstudios\/\"]}]}<\/script>\n<!-- \/ Yoast SEO plugin. -->","yoast_head_json":{"title":"Contacto - Roof Cat Studios","robots":{"index":"index","follow":"follow","max-snippet":"max-snippet:-1","max-image-preview":"max-image-preview:large","max-video-preview":"max-video-preview:-1"},"canonical":"https:\/\/roofcatstudios.com\/?page_id=67","og_locale":"es_MX","og_type":"article","og_title":"Contacto - Roof Cat Studios","og_description":"[cs_content _p=&#8217;67&#8217;][cs_element_section _id=&#8221;1&#8243; ][cs_element_layout_row _id=&#8221;2&#8243; ][cs_element_layout_column _id=&#8221;3&#8243; ][cs_element_headline _id=&#8221;4&#8243; ][cs_content_seo]Cont&aacute;ctanosnn[\/cs_content_seo][\/cs_element_layout_column][\/cs_element_layout_row][\/cs_element_section][cs_element_section _id=&#8221;5&#8243; ][cs_element_layout_row _id=&#8221;6&#8243; ][cs_element_layout_column _id=&#8221;7&#8243; ][cs_element_map _modules=&#8221;9&#8243; _id=&#8221;8&#8243; ][\/cs_element_map][\/cs_element_layout_column][\/cs_element_layout_row][\/cs_element_section][cs_element_section _id=&#8221;10&#8243; ][cs_element_layout_row _id=&#8221;11&#8243; ][cs_element_layout_column _id=&#8221;12&#8243; ][cs_element_headline _id=&#8221;13&#8243; ][cs_content_seo]agenda en l&iacute;neaOnlinenn[\/cs_content_seo][cs_element_headline _id=&#8221;14&#8243; ][cs_content_seo]Habla con el estudio por WhatsAppnn[\/cs_content_seo][\/cs_element_layout_column][\/cs_element_layout_row][\/cs_element_section][cs_element_section _id=&#8221;15&#8243; ][cs_element_layout_row _id=&#8221;16&#8243; ][cs_element_layout_column _id=&#8221;17&#8243; ][cs_element_image _id=&#8221;18&#8243; ][cs_element_headline _id=&#8221;19&#8243; ][cs_content_seo]Horariosnn[\/cs_content_seo][cs_element_line _id=&#8221;20&#8243; ][cs_element_text _id=&#8221;21&#8243; ][cs_content_seo]Lunes a Domingo bajo reservaci&oacute;n de [&hellip;]","og_url":"https:\/\/roofcatstudios.com\/?page_id=67","og_site_name":"Roof Cat Studios","article_publisher":"https:\/\/www.facebook.com\/roofcatstudios","article_modified_time":"2026-01-12T19:25:03+00:00","og_image":[{"url":"https:\/\/s.w.org\/images\/core\/emoji\/17.0.2\/svg\/1f4ac.svg","type":"","width":"","height":""}],"twitter_card":"summary_large_image","twitter_misc":{"Tiempo de lectura":"1 minuto"},"schema":{"@context":"https:\/\/schema.org","@graph":[{"@type":"WebPage","@id":"https:\/\/roofcatstudios.com\/?page_id=67","url":"https:\/\/roofcatstudios.com\/?page_id=67","name":"Contacto - Roof Cat Studios","isPartOf":{"@id":"https:\/\/roofcatstudios.com\/#website"},"primaryImageOfPage":{"@id":"https:\/\/roofcatstudios.com\/?page_id=67#primaryimage"},"image":{"@id":"https:\/\/roofcatstudios.com\/?page_id=67#primaryimage"},"thumbnailUrl":"https:\/\/s.w.org\/images\/core\/emoji\/17.0.2\/svg\/1f4ac.svg","datePublished":"2016-08-26T17:53:34+00:00","dateModified":"2026-01-12T19:25:03+00:00","breadcrumb":{"@id":"https:\/\/roofcatstudios.com\/?page_id=67#breadcrumb"},"inLanguage":"es","potentialAction":[{"@type":"ReadAction","target":["https:\/\/roofcatstudios.com\/?page_id=67"]}]},{"@type":"ImageObject","inLanguage":"es","@id":"https:\/\/roofcatstudios.com\/?page_id=67#primaryimage","url":"https:\/\/s.w.org\/images\/core\/emoji\/17.0.2\/svg\/1f4ac.svg","contentUrl":"https:\/\/s.w.org\/images\/core\/emoji\/17.0.2\/svg\/1f4ac.svg"},{"@type":"BreadcrumbList","@id":"https:\/\/roofcatstudios.com\/?page_id=67#breadcrumb","itemListElement":[{"@type":"ListItem","position":1,"name":"Inicio","item":"https:\/\/roofcatstudios.com\/"},{"@type":"ListItem","position":2,"name":"Contacto"}]},{"@type":"WebSite","@id":"https:\/\/roofcatstudios.com\/#website","url":"https:\/\/roofcatstudios.com\/","name":"Roof Cat Studios","description":"Estudio de Producci\u00f3n Musical, Dise\u00f1o Sonoro y Post Producci\u00f3n","publisher":{"@id":"https:\/\/roofcatstudios.com\/#organization"},"potentialAction":[{"@type":"SearchAction","target":{"@type":"EntryPoint","urlTemplate":"https:\/\/roofcatstudios.com\/?s={search_term_string}"},"query-input":{"@type":"PropertyValueSpecification","valueRequired":true,"valueName":"search_term_string"}}],"inLanguage":"es"},{"@type":"Organization","@id":"https:\/\/roofcatstudios.com\/#organization","name":"Roof Cat Studios","url":"https:\/\/roofcatstudios.com\/","logo":{"@type":"ImageObject","inLanguage":"es","@id":"https:\/\/roofcatstudios.com\/#\/schema\/logo\/image\/","url":"https:\/\/roofcatstudios.com\/wp-content\/uploads\/2023\/11\/RoofCatStudioLogo_v-copia-4-2.png","contentUrl":"https:\/\/roofcatstudios.com\/wp-content\/uploads\/2023\/11\/RoofCatStudioLogo_v-copia-4-2.png","width":500,"height":154,"caption":"Roof Cat Studios"},"image":{"@id":"https:\/\/roofcatstudios.com\/#\/schema\/logo\/image\/"},"sameAs":["https:\/\/www.facebook.com\/roofcatstudios","https:\/\/www.instagram.com\/roofcatstudios\/"]}]}},"jetpack_sharing_enabled":true,"_links":{"self":[{"href":"https:\/\/roofcatstudios.com\/index.php?rest_route=\/wp\/v2\/pages\/67","targetHints":{"allow":["GET"]}}],"collection":[{"href":"https:\/\/roofcatstudios.com\/index.php?rest_route=\/wp\/v2\/pages"}],"about":[{"href":"https:\/\/roofcatstudios.com\/index.php?rest_route=\/wp\/v2\/types\/page"}],"author":[{"embeddable":true,"href":"https:\/\/roofcatstudios.com\/index.php?rest_route=\/wp\/v2\/users\/1"}],"replies":[{"embeddable":true,"href":"https:\/\/roofcatstudios.com\/index.php?rest_route=%2Fwp%2Fv2%2Fcomments&post=67"}],"version-history":[{"count":8,"href":"https:\/\/roofcatstudios.com\/index.php?rest_route=\/wp\/v2\/pages\/67\/revisions"}],"predecessor-version":[{"id":745,"href":"https:\/\/roofcatstudios.com\/index.php?rest_route=\/wp\/v2\/pages\/67\/revisions\/745"}],"wp:attachment":[{"href":"https:\/\/roofcatstudios.com\/index.php?rest_route=%2Fwp%2Fv2%2Fmedia&parent=67"}],"curies":[{"name":"wp","href":"https:\/\/api.w.org\/{rel}","templated":true}]}}