{"id":504,"date":"2025-04-28T14:16:00","date_gmt":"2025-04-28T20:16:00","guid":{"rendered":"https:\/\/roofcatstudios.com\/?post_type=product&#038;p=504"},"modified":"2026-01-09T22:32:36","modified_gmt":"2026-01-10T04:32:36","slug":"mastering-estereo-profesional","status":"publish","type":"product","link":"https:\/\/roofcatstudios.com\/?product=mastering-estereo-profesional","title":{"rendered":"Mastering Est\u00e9reo Profesional | Roof Cat Studios"},"content":{"rendered":"<h2 data-start=\"616\" data-end=\"654\">\ud83c\udf9a\ufe0f Mastering est\u00e9reo profesional<\/h2>\n<p data-start=\"655\" data-end=\"709\"><em data-start=\"655\" data-end=\"709\">(listo para streaming, radio y distribuci\u00f3n digital)<\/em><\/p>\n<p data-start=\"711\" data-end=\"946\">Convierte tu mezcla en una pista <strong data-start=\"744\" data-end=\"770\">lista para lanzamiento<\/strong>.<br data-start=\"771\" data-end=\"774\" \/>Con nuestro servicio de mastering est\u00e9reo, afinamos cada detalle t\u00e9cnico y musical para que tu canci\u00f3n suene <strong data-start=\"883\" data-end=\"921\">equilibrada, potente y competitiva<\/strong> en cualquier plataforma.<\/p>\n<p data-start=\"948\" data-end=\"1075\">Trabajamos con herramientas l\u00edderes de la industria y hardware anal\u00f3gico para asegurar resultados profesionales y consistentes.<\/p>\n<hr data-start=\"1077\" data-end=\"1080\" \/>\n<h2 data-start=\"1082\" data-end=\"1114\">\u2705 \u00bfQu\u00e9 incluye este servicio?<\/h2>\n<h3 data-start=\"1116\" data-end=\"1144\">\ud83c\udf9b\ufe0f Optimizaci\u00f3n t\u00e9cnica<\/h3>\n<ul data-start=\"1145\" data-end=\"1424\">\n<li data-start=\"1145\" data-end=\"1204\">\n<p data-start=\"1147\" data-end=\"1204\">Ajuste de sonoridad (LUFS) seg\u00fan plataforma o referencia.<\/p>\n<\/li>\n<li data-start=\"1205\" data-end=\"1254\">\n<p data-start=\"1207\" data-end=\"1254\">Correcci\u00f3n de frecuencias (EQ) y balance tonal.<\/p>\n<\/li>\n<li data-start=\"1255\" data-end=\"1300\">\n<p data-start=\"1257\" data-end=\"1300\">Control din\u00e1mico con compresi\u00f3n multibanda.<\/p>\n<\/li>\n<li data-start=\"1301\" data-end=\"1342\">\n<p data-start=\"1303\" data-end=\"1342\">Maximizaci\u00f3n de volumen sin distorsi\u00f3n.<\/p>\n<\/li>\n<li data-start=\"1343\" data-end=\"1384\">\n<p data-start=\"1345\" data-end=\"1384\">Ajuste de imagen est\u00e9reo y profundidad.<\/p>\n<\/li>\n<li data-start=\"1385\" data-end=\"1424\">\n<p data-start=\"1387\" data-end=\"1424\">Resample y preparaci\u00f3n t\u00e9cnica final.<\/p>\n<\/li>\n<\/ul>\n<h3 data-start=\"1426\" data-end=\"1449\">\ud83d\udce6 Archivos finales<\/h3>\n<ul data-start=\"1450\" data-end=\"1572\">\n<li data-start=\"1450\" data-end=\"1489\">\n<p data-start=\"1452\" data-end=\"1489\"><strong data-start=\"1452\" data-end=\"1466\">WAV 24-bit<\/strong> en sample rate nativo.<\/p>\n<\/li>\n<li data-start=\"1490\" data-end=\"1530\">\n<p data-start=\"1492\" data-end=\"1530\">MP3, AIFF, OGG, FLAC (bajo solicitud).<\/p>\n<\/li>\n<li data-start=\"1531\" data-end=\"1572\">\n<p data-start=\"1533\" data-end=\"1572\">Informe t\u00e9cnico con an\u00e1lisis espectral.<\/p>\n<\/li>\n<\/ul>\n<h3 data-start=\"1574\" data-end=\"1586\">\ud83c\udf81 Bonus<\/h3>\n<ul data-start=\"1587\" data-end=\"1685\">\n<li data-start=\"1587\" data-end=\"1685\">\n<p data-start=\"1589\" data-end=\"1685\"><strong data-start=\"1589\" data-end=\"1624\">Revisiones ilimitadas gratuitas<\/strong><br data-start=\"1624\" data-end=\"1627\" \/>(basadas en el concepto, brief o referencias iniciales).<\/p>\n<\/li>\n<\/ul>\n<hr data-start=\"1687\" data-end=\"1690\" \/>\n<h2 data-start=\"1692\" data-end=\"1717\">\u2699\ufe0f Requisitos t\u00e9cnicos<\/h2>\n<ul data-start=\"1719\" data-end=\"1961\">\n<li data-start=\"1719\" data-end=\"1754\">\n<p data-start=\"1721\" data-end=\"1754\">Mezcla est\u00e9reo en <strong data-start=\"1739\" data-end=\"1753\">WAV 24-bit<\/strong>.<\/p>\n<\/li>\n<li data-start=\"1755\" data-end=\"1794\">\n<p data-start=\"1757\" data-end=\"1794\">Pico m\u00e1ximo recomendado: <strong data-start=\"1782\" data-end=\"1793\">-6 dBFS<\/strong>.<\/p>\n<\/li>\n<li data-start=\"1795\" data-end=\"1824\">\n<p data-start=\"1797\" data-end=\"1824\">Sin clipping ni distorsi\u00f3n.<\/p>\n<\/li>\n<li data-start=\"1825\" data-end=\"1886\">\n<p data-start=\"1827\" data-end=\"1886\">Referencias opcionales<br data-start=\"1849\" data-end=\"1852\" \/>(\u201cquiero que suene similar a\u2026\u201d).<\/p>\n<\/li>\n<li data-start=\"1887\" data-end=\"1961\">\n<p data-start=\"1889\" data-end=\"1961\">Espacios al inicio y final del archivo<br data-start=\"1927\" data-end=\"1930\" \/>(excepto en temas continuos).<\/p>\n<\/li>\n<\/ul>\n<hr data-start=\"1963\" data-end=\"1966\" \/>\n<h2 data-start=\"1968\" data-end=\"1992\">\ud83d\udcc5 Tiempos de entrega<\/h2>\n<ul data-start=\"1994\" data-end=\"2054\">\n<li data-start=\"1994\" data-end=\"2022\">\n<p data-start=\"1996\" data-end=\"2022\"><strong data-start=\"1996\" data-end=\"2009\">Est\u00e1ndar:<\/strong> 36\u201348 horas.<\/p>\n<\/li>\n<li data-start=\"2023\" data-end=\"2054\">\n<p data-start=\"2025\" data-end=\"2054\"><strong data-start=\"2025\" data-end=\"2044\">Express (+$10):<\/strong> 24 horas.<\/p>\n<\/li>\n<\/ul>\n<hr data-start=\"2056\" data-end=\"2059\" \/>\n<h2 data-start=\"2061\" data-end=\"2093\">\ud83d\ude80 \u00bfC\u00f3mo funciona el proceso?<\/h2>\n<ol data-start=\"2095\" data-end=\"2336\">\n<li data-start=\"2095\" data-end=\"2135\">\n<p data-start=\"2098\" data-end=\"2135\">Compra el servicio desde esta p\u00e1gina.<\/p>\n<\/li>\n<li data-start=\"2136\" data-end=\"2200\">\n<p data-start=\"2139\" data-end=\"2200\">Recibe acceso a un <strong data-start=\"2158\" data-end=\"2178\">proyecto privado<\/strong> para subir tu mezcla.<\/p>\n<\/li>\n<li data-start=\"2201\" data-end=\"2228\">\n<p data-start=\"2204\" data-end=\"2228\">Realizamos el mastering.<\/p>\n<\/li>\n<li data-start=\"2229\" data-end=\"2251\">\n<p data-start=\"2232\" data-end=\"2251\">Recibes un preview.<\/p>\n<\/li>\n<li data-start=\"2252\" data-end=\"2294\">\n<p data-start=\"2255\" data-end=\"2294\">Solicitas ajustes o apruebas el master.<\/p>\n<\/li>\n<li data-start=\"2295\" data-end=\"2336\">\n<p data-start=\"2298\" data-end=\"2336\">Entrega final lista para distribuci\u00f3n.<\/p>\n<\/li>\n<\/ol>\n<p data-start=\"2338\" data-end=\"2375\">Flujo r\u00e1pido, claro y sin fricciones.<\/p>\n<hr data-start=\"2377\" data-end=\"2380\" \/>\n<h2 data-start=\"2382\" data-end=\"2410\">\ud83d\udd01 Servicios relacionados<\/h2>\n<p data-start=\"2412\" data-end=\"2456\">\u00bfNecesitas m\u00e1s control o formatos avanzados?<\/p>\n<ul data-start=\"2458\" data-end=\"2591\">\n<li data-start=\"2458\" data-end=\"2525\">\n<p data-start=\"2460\" data-end=\"2525\"><strong data-start=\"2460\" data-end=\"2484\">Mastering por STEMS:<\/strong> Control individual por grupos de pistas.<\/p>\n<\/li>\n<li data-start=\"2526\" data-end=\"2591\">\n<p data-start=\"2528\" data-end=\"2591\"><strong data-start=\"2528\" data-end=\"2554\">Mezcla en Dolby Atmos:<\/strong> Audio inmersivo para plataformas 3D.<\/p>\n<\/li>\n<\/ul>\n<p data-start=\"2598\" data-end=\"2655\">\ud83c\udfb6 <strong data-start=\"2601\" data-end=\"2655\">Dale a tu m\u00fasica el cierre profesional que merece.<\/strong><\/p>\n<p>\ud83d\udd0d \u00bfQuieres a\u00fan m\u00e1s control y precisi\u00f3n?<br data-start=\"1075\" data-end=\"1078\" \/>Si necesitas ajustes independientes en voces, bajos o bater\u00eda, revisa nuestro Mastering por STEMS, ideal para producciones exigentes o lanzamientos importantes.<\/p>\n","protected":false},"excerpt":{"rendered":"<pre>Mastering est\u00e9reo profesional listo para Spotify, Apple Music y m\u00e1s.\r\nAjuste preciso de LUFS, balance tonal y volumen competitivo.\r\nEntrega r\u00e1pida y revisiones ilimitadas incluidas.<\/pre>\n","protected":false},"featured_media":365,"comment_status":"open","ping_status":"closed","template":"","meta":[],"product_brand":[],"product_cat":[69,35],"product_tag":[34],"class_list":{"0":"post-504","1":"product","2":"type-product","3":"status-publish","4":"has-post-thumbnail","6":"product_cat-audio-profesional","7":"product_cat-mastering","8":"product_tag-mastering","10":"first","11":"instock","12":"sale","13":"virtual","14":"taxable","15":"purchasable","16":"product-type-simple"},"yoast_head":"<!-- This site is optimized with the Yoast SEO plugin v27.2 - https:\/\/yoast.com\/product\/yoast-seo-wordpress\/ -->\n<title>Mastering Est\u00e9reo Profesional | Roof Cat Studios - Roof Cat Studios<\/title>\n<meta name=\"description\" content=\"Mastering est\u00e9reo profesional para streaming y radio. Ajuste de LUFS, balance tonal y volumen competitivo. Entrega en 48h con revisiones ilimitadas.\" \/>\n<meta name=\"robots\" content=\"index, follow, max-snippet:-1, max-image-preview:large, max-video-preview:-1\" \/>\n<link rel=\"canonical\" href=\"https:\/\/roofcatstudios.com\/producto\/mastering-estereo-profesional\/\" \/>\n<meta property=\"og:locale\" content=\"es_MX\" \/>\n<meta property=\"og:type\" content=\"article\" \/>\n<meta property=\"og:title\" content=\"Mastering Est\u00e9reo Profesional | Roof Cat Studios - Roof Cat Studios\" \/>\n<meta property=\"og:description\" content=\"Mastering est\u00e9reo profesional para streaming y radio. Ajuste de LUFS, balance tonal y volumen competitivo. Entrega en 48h con revisiones ilimitadas.\" \/>\n<meta property=\"og:url\" content=\"https:\/\/roofcatstudios.com\/producto\/mastering-estereo-profesional\/\" \/>\n<meta property=\"og:site_name\" content=\"Roof Cat Studios\" \/>\n<meta property=\"article:publisher\" content=\"https:\/\/www.facebook.com\/roofcatstudios\" \/>\n<meta property=\"article:modified_time\" content=\"2026-01-10T04:32:36+00:00\" \/>\n<meta property=\"og:image\" content=\"https:\/\/roofcatstudios.com\/wp-content\/uploads\/2025\/04\/MatchEQ2.png\" \/>\n\t<meta property=\"og:image:width\" content=\"512\" \/>\n\t<meta property=\"og:image:height\" content=\"285\" \/>\n\t<meta property=\"og:image:type\" content=\"image\/png\" \/>\n<meta name=\"twitter:card\" content=\"summary_large_image\" \/>\n<meta name=\"twitter:label1\" content=\"Tiempo de lectura\" \/>\n\t<meta name=\"twitter:data1\" content=\"2 minutos\" \/>\n<script type=\"application\/ld+json\" class=\"yoast-schema-graph\">{\"@context\":\"https:\/\/schema.org\",\"@graph\":[{\"@type\":\"WebPage\",\"@id\":\"https:\/\/roofcatstudios.com\/producto\/mastering-estereo-profesional\/\",\"url\":\"https:\/\/roofcatstudios.com\/producto\/mastering-estereo-profesional\/\",\"name\":\"Mastering Est\u00e9reo Profesional | Roof Cat Studios - Roof Cat Studios\",\"isPartOf\":{\"@id\":\"https:\/\/roofcatstudios.com\/#website\"},\"primaryImageOfPage\":{\"@id\":\"https:\/\/roofcatstudios.com\/producto\/mastering-estereo-profesional\/#primaryimage\"},\"image\":{\"@id\":\"https:\/\/roofcatstudios.com\/producto\/mastering-estereo-profesional\/#primaryimage\"},\"thumbnailUrl\":\"https:\/\/roofcatstudios.com\/wp-content\/uploads\/2025\/04\/MatchEQ2.png\",\"datePublished\":\"2025-04-28T20:16:00+00:00\",\"dateModified\":\"2026-01-10T04:32:36+00:00\",\"description\":\"Mastering est\u00e9reo profesional para streaming y radio. Ajuste de LUFS, balance tonal y volumen competitivo. Entrega en 48h con revisiones ilimitadas.\",\"breadcrumb\":{\"@id\":\"https:\/\/roofcatstudios.com\/producto\/mastering-estereo-profesional\/#breadcrumb\"},\"inLanguage\":\"es\",\"potentialAction\":[{\"@type\":\"ReadAction\",\"target\":[\"https:\/\/roofcatstudios.com\/producto\/mastering-estereo-profesional\/\"]}]},{\"@type\":\"ImageObject\",\"inLanguage\":\"es\",\"@id\":\"https:\/\/roofcatstudios.com\/producto\/mastering-estereo-profesional\/#primaryimage\",\"url\":\"https:\/\/roofcatstudios.com\/wp-content\/uploads\/2025\/04\/MatchEQ2.png\",\"contentUrl\":\"https:\/\/roofcatstudios.com\/wp-content\/uploads\/2025\/04\/MatchEQ2.png\",\"width\":512,\"height\":285},{\"@type\":\"BreadcrumbList\",\"@id\":\"https:\/\/roofcatstudios.com\/producto\/mastering-estereo-profesional\/#breadcrumb\",\"itemListElement\":[{\"@type\":\"ListItem\",\"position\":1,\"name\":\"Inicio\",\"item\":\"https:\/\/roofcatstudios.com\/\"},{\"@type\":\"ListItem\",\"position\":2,\"name\":\"Tienda\",\"item\":\"https:\/\/roofcatstudios.com\/?page_id=429\"},{\"@type\":\"ListItem\",\"position\":3,\"name\":\"Mastering Est\u00e9reo Profesional | Roof Cat Studios\"}]},{\"@type\":\"WebSite\",\"@id\":\"https:\/\/roofcatstudios.com\/#website\",\"url\":\"https:\/\/roofcatstudios.com\/\",\"name\":\"Roof Cat Studios\",\"description\":\"Estudio de Producci\u00f3n Musical, Dise\u00f1o Sonoro y Post Producci\u00f3n\",\"publisher\":{\"@id\":\"https:\/\/roofcatstudios.com\/#organization\"},\"potentialAction\":[{\"@type\":\"SearchAction\",\"target\":{\"@type\":\"EntryPoint\",\"urlTemplate\":\"https:\/\/roofcatstudios.com\/?s={search_term_string}\"},\"query-input\":{\"@type\":\"PropertyValueSpecification\",\"valueRequired\":true,\"valueName\":\"search_term_string\"}}],\"inLanguage\":\"es\"},{\"@type\":\"Organization\",\"@id\":\"https:\/\/roofcatstudios.com\/#organization\",\"name\":\"Roof Cat Studios\",\"url\":\"https:\/\/roofcatstudios.com\/\",\"logo\":{\"@type\":\"ImageObject\",\"inLanguage\":\"es\",\"@id\":\"https:\/\/roofcatstudios.com\/#\/schema\/logo\/image\/\",\"url\":\"https:\/\/roofcatstudios.com\/wp-content\/uploads\/2023\/11\/RoofCatStudioLogo_v-copia-4-2.png\",\"contentUrl\":\"https:\/\/roofcatstudios.com\/wp-content\/uploads\/2023\/11\/RoofCatStudioLogo_v-copia-4-2.png\",\"width\":500,\"height\":154,\"caption\":\"Roof Cat Studios\"},\"image\":{\"@id\":\"https:\/\/roofcatstudios.com\/#\/schema\/logo\/image\/\"},\"sameAs\":[\"https:\/\/www.facebook.com\/roofcatstudios\",\"https:\/\/www.instagram.com\/roofcatstudios\/\"]}]}<\/script>\n<!-- \/ Yoast SEO plugin. -->","yoast_head_json":{"title":"Mastering Est\u00e9reo Profesional | Roof Cat Studios - Roof Cat Studios","description":"Mastering est\u00e9reo profesional para streaming y radio. Ajuste de LUFS, balance tonal y volumen competitivo. Entrega en 48h con revisiones ilimitadas.","robots":{"index":"index","follow":"follow","max-snippet":"max-snippet:-1","max-image-preview":"max-image-preview:large","max-video-preview":"max-video-preview:-1"},"canonical":"https:\/\/roofcatstudios.com\/producto\/mastering-estereo-profesional\/","og_locale":"es_MX","og_type":"article","og_title":"Mastering Est\u00e9reo Profesional | Roof Cat Studios - Roof Cat Studios","og_description":"Mastering est\u00e9reo profesional para streaming y radio. Ajuste de LUFS, balance tonal y volumen competitivo. Entrega en 48h con revisiones ilimitadas.","og_url":"https:\/\/roofcatstudios.com\/producto\/mastering-estereo-profesional\/","og_site_name":"Roof Cat Studios","article_publisher":"https:\/\/www.facebook.com\/roofcatstudios","article_modified_time":"2026-01-10T04:32:36+00:00","og_image":[{"width":512,"height":285,"url":"https:\/\/roofcatstudios.com\/wp-content\/uploads\/2025\/04\/MatchEQ2.png","type":"image\/png"}],"twitter_card":"summary_large_image","twitter_misc":{"Tiempo de lectura":"2 minutos"},"schema":{"@context":"https:\/\/schema.org","@graph":[{"@type":"WebPage","@id":"https:\/\/roofcatstudios.com\/producto\/mastering-estereo-profesional\/","url":"https:\/\/roofcatstudios.com\/producto\/mastering-estereo-profesional\/","name":"Mastering Est\u00e9reo Profesional | Roof Cat Studios - Roof Cat Studios","isPartOf":{"@id":"https:\/\/roofcatstudios.com\/#website"},"primaryImageOfPage":{"@id":"https:\/\/roofcatstudios.com\/producto\/mastering-estereo-profesional\/#primaryimage"},"image":{"@id":"https:\/\/roofcatstudios.com\/producto\/mastering-estereo-profesional\/#primaryimage"},"thumbnailUrl":"https:\/\/roofcatstudios.com\/wp-content\/uploads\/2025\/04\/MatchEQ2.png","datePublished":"2025-04-28T20:16:00+00:00","dateModified":"2026-01-10T04:32:36+00:00","description":"Mastering est\u00e9reo profesional para streaming y radio. Ajuste de LUFS, balance tonal y volumen competitivo. Entrega en 48h con revisiones ilimitadas.","breadcrumb":{"@id":"https:\/\/roofcatstudios.com\/producto\/mastering-estereo-profesional\/#breadcrumb"},"inLanguage":"es","potentialAction":[{"@type":"ReadAction","target":["https:\/\/roofcatstudios.com\/producto\/mastering-estereo-profesional\/"]}]},{"@type":"ImageObject","inLanguage":"es","@id":"https:\/\/roofcatstudios.com\/producto\/mastering-estereo-profesional\/#primaryimage","url":"https:\/\/roofcatstudios.com\/wp-content\/uploads\/2025\/04\/MatchEQ2.png","contentUrl":"https:\/\/roofcatstudios.com\/wp-content\/uploads\/2025\/04\/MatchEQ2.png","width":512,"height":285},{"@type":"BreadcrumbList","@id":"https:\/\/roofcatstudios.com\/producto\/mastering-estereo-profesional\/#breadcrumb","itemListElement":[{"@type":"ListItem","position":1,"name":"Inicio","item":"https:\/\/roofcatstudios.com\/"},{"@type":"ListItem","position":2,"name":"Tienda","item":"https:\/\/roofcatstudios.com\/?page_id=429"},{"@type":"ListItem","position":3,"name":"Mastering Est\u00e9reo Profesional | Roof Cat Studios"}]},{"@type":"WebSite","@id":"https:\/\/roofcatstudios.com\/#website","url":"https:\/\/roofcatstudios.com\/","name":"Roof Cat Studios","description":"Estudio de Producci\u00f3n Musical, Dise\u00f1o Sonoro y Post Producci\u00f3n","publisher":{"@id":"https:\/\/roofcatstudios.com\/#organization"},"potentialAction":[{"@type":"SearchAction","target":{"@type":"EntryPoint","urlTemplate":"https:\/\/roofcatstudios.com\/?s={search_term_string}"},"query-input":{"@type":"PropertyValueSpecification","valueRequired":true,"valueName":"search_term_string"}}],"inLanguage":"es"},{"@type":"Organization","@id":"https:\/\/roofcatstudios.com\/#organization","name":"Roof Cat Studios","url":"https:\/\/roofcatstudios.com\/","logo":{"@type":"ImageObject","inLanguage":"es","@id":"https:\/\/roofcatstudios.com\/#\/schema\/logo\/image\/","url":"https:\/\/roofcatstudios.com\/wp-content\/uploads\/2023\/11\/RoofCatStudioLogo_v-copia-4-2.png","contentUrl":"https:\/\/roofcatstudios.com\/wp-content\/uploads\/2023\/11\/RoofCatStudioLogo_v-copia-4-2.png","width":500,"height":154,"caption":"Roof Cat Studios"},"image":{"@id":"https:\/\/roofcatstudios.com\/#\/schema\/logo\/image\/"},"sameAs":["https:\/\/www.facebook.com\/roofcatstudios","https:\/\/www.instagram.com\/roofcatstudios\/"]}]}},"jetpack_sharing_enabled":true,"_links":{"self":[{"href":"https:\/\/roofcatstudios.com\/index.php?rest_route=\/wp\/v2\/product\/504","targetHints":{"allow":["GET"]}}],"collection":[{"href":"https:\/\/roofcatstudios.com\/index.php?rest_route=\/wp\/v2\/product"}],"about":[{"href":"https:\/\/roofcatstudios.com\/index.php?rest_route=\/wp\/v2\/types\/product"}],"replies":[{"embeddable":true,"href":"https:\/\/roofcatstudios.com\/index.php?rest_route=%2Fwp%2Fv2%2Fcomments&post=504"}],"wp:featuredmedia":[{"embeddable":true,"href":"https:\/\/roofcatstudios.com\/index.php?rest_route=\/wp\/v2\/media\/365"}],"wp:attachment":[{"href":"https:\/\/roofcatstudios.com\/index.php?rest_route=%2Fwp%2Fv2%2Fmedia&parent=504"}],"wp:term":[{"taxonomy":"product_brand","embeddable":true,"href":"https:\/\/roofcatstudios.com\/index.php?rest_route=%2Fwp%2Fv2%2Fproduct_brand&post=504"},{"taxonomy":"product_cat","embeddable":true,"href":"https:\/\/roofcatstudios.com\/index.php?rest_route=%2Fwp%2Fv2%2Fproduct_cat&post=504"},{"taxonomy":"product_tag","embeddable":true,"href":"https:\/\/roofcatstudios.com\/index.php?rest_route=%2Fwp%2Fv2%2Fproduct_tag&post=504"}],"curies":[{"name":"wp","href":"https:\/\/api.w.org\/{rel}","templated":true}]}}