{"id":536,"date":"2025-05-18T22:45:39","date_gmt":"2025-05-19T04:45:39","guid":{"rendered":"https:\/\/roofcatstudios.com\/?post_type=product&#038;p=536"},"modified":"2026-01-09T22:09:24","modified_gmt":"2026-01-10T04:09:24","slug":"mezcla-dolby-atmos","status":"publish","type":"product","link":"https:\/\/roofcatstudios.com\/?product=mezcla-dolby-atmos","title":{"rendered":"Mezcla Dolby Atmos Profesional \u2013 Audio Inmersivo Certificado"},"content":{"rendered":"<h2 data-start=\"489\" data-end=\"524\">\u2705 DESCRIPCI\u00d3N LARGA (DEFINITIVA)<\/h2>\n<h2 data-start=\"526\" data-end=\"567\">\ud83c\udfa7 Mezcla profesional en Dolby Atmos<\/h2>\n<p data-start=\"568\" data-end=\"599\"><em data-start=\"568\" data-end=\"599\">(audio inmersivo certificado)<\/em><\/p>\n<p data-start=\"601\" data-end=\"758\">Dolby Atmos permite una experiencia sonora envolvente donde cada elemento puede colocarse en un espacio tridimensional: arriba, abajo y alrededor del oyente.<\/p>\n<p data-start=\"760\" data-end=\"941\">Este servicio est\u00e1 pensado para proyectos que buscan <strong data-start=\"813\" data-end=\"870\">impacto, profundidad y una experiencia inmersiva real<\/strong>, manteniendo compatibilidad total con reproducci\u00f3n est\u00e9reo y binaural.<\/p>\n<hr data-start=\"943\" data-end=\"946\" \/>\n<h2 data-start=\"948\" data-end=\"982\">\ud83c\udf9b\ufe0f \u00bfQu\u00e9 incluye este servicio?<\/h2>\n<ul data-start=\"984\" data-end=\"1342\">\n<li data-start=\"984\" data-end=\"1024\">\n<p data-start=\"986\" data-end=\"1024\">Mezcla profesional en <strong data-start=\"1008\" data-end=\"1023\">Dolby Atmos<\/strong>.<\/p>\n<\/li>\n<li data-start=\"1025\" data-end=\"1097\">\n<p data-start=\"1027\" data-end=\"1097\">Uso de <strong data-start=\"1034\" data-end=\"1057\">estudio certificado<\/strong> con sistema de monitoreo de referencia.<\/p>\n<\/li>\n<li data-start=\"1098\" data-end=\"1173\">\n<p data-start=\"1100\" data-end=\"1173\">Dise\u00f1o espacial: posicionamiento de objetos 3D, panor\u00e1mica y profundidad.<\/p>\n<\/li>\n<li data-start=\"1174\" data-end=\"1229\">\n<p data-start=\"1176\" data-end=\"1229\">Control de balance, din\u00e1mica y coherencia multicanal.<\/p>\n<\/li>\n<li data-start=\"1230\" data-end=\"1291\">\n<p data-start=\"1232\" data-end=\"1291\">Compatibilidad con reproducci\u00f3n binaural y downmix est\u00e9reo.<\/p>\n<\/li>\n<li data-start=\"1292\" data-end=\"1342\">\n<p data-start=\"1294\" data-end=\"1342\"><strong data-start=\"1294\" data-end=\"1320\">2 revisiones incluidas<\/strong> para ajustes menores.<\/p>\n<\/li>\n<\/ul>\n<hr data-start=\"1344\" data-end=\"1347\" \/>\n<h2 data-start=\"1349\" data-end=\"1374\">\ud83d\udce6 Formatos de entrega<\/h2>\n<ul data-start=\"1376\" data-end=\"1561\">\n<li data-start=\"1376\" data-end=\"1452\">\n<p data-start=\"1378\" data-end=\"1452\"><strong data-start=\"1378\" data-end=\"1398\">ADM BWF (.atmos)<\/strong> \u2013 formato est\u00e1ndar para distribuci\u00f3n en Dolby Atmos<\/p>\n<\/li>\n<li data-start=\"1453\" data-end=\"1526\">\n<p data-start=\"1455\" data-end=\"1526\"><strong data-start=\"1455\" data-end=\"1474\">Binaural<\/strong>\u00a0\u2013 para previsualizaci\u00f3n y plataformas compatibles<\/p>\n<\/li>\n<li data-start=\"1527\" data-end=\"1561\">\n<p data-start=\"1529\" data-end=\"1561\"><strong data-start=\"1529\" data-end=\"1540\">Est\u00e9reo<\/strong> \u2013 versi\u00f3n compatible<\/p>\n<\/li>\n<\/ul>\n<p data-start=\"1563\" data-end=\"1715\">\ud83d\udc49 <em data-start=\"1566\" data-end=\"1635\">Si necesitas formatos espec\u00edficos, ind\u00edcalo al iniciar el proyecto.<br \/>\n<\/em><br data-start=\"1635\" data-end=\"1638\" \/>Por defecto, la entrega se realiza en <strong data-start=\"1676\" data-end=\"1687\">ADM BWF<\/strong>, listo para distribuidoras.<\/p>\n<hr data-start=\"1717\" data-end=\"1720\" \/>\n<h2 data-start=\"1722\" data-end=\"1746\">\ud83d\ude80 Proceso de trabajo<\/h2>\n<ol data-start=\"1748\" data-end=\"2134\">\n<li data-start=\"1748\" data-end=\"1788\">\n<p data-start=\"1751\" data-end=\"1788\">Compra el servicio desde esta p\u00e1gina.<\/p>\n<\/li>\n<li data-start=\"1789\" data-end=\"1859\">\n<p data-start=\"1792\" data-end=\"1859\">Recibe acceso a un <strong data-start=\"1811\" data-end=\"1831\">proyecto privado<\/strong> para subir tus multitracks.<\/p>\n<\/li>\n<li data-start=\"1860\" data-end=\"1919\">\n<p data-start=\"1863\" data-end=\"1919\">Analizamos el material y definimos el enfoque de mezcla.<\/p>\n<\/li>\n<li data-start=\"1920\" data-end=\"2034\">\n<p data-start=\"1923\" data-end=\"2034\">Recibes un preview en <strong data-start=\"1945\" data-end=\"1965\">3\u20135 d\u00edas h\u00e1biles<\/strong><br data-start=\"1965\" data-end=\"1968\" \/><em data-start=\"1971\" data-end=\"2033\">(opci\u00f3n urgente disponible para entregas en menos de 48 hrs)<\/em>.<\/p>\n<\/li>\n<li data-start=\"2035\" data-end=\"2077\">\n<p data-start=\"2038\" data-end=\"2077\">Solicitas ajustes o apruebas la mezcla.<\/p>\n<\/li>\n<li data-start=\"2078\" data-end=\"2134\">\n<p data-start=\"2081\" data-end=\"2134\">Entrega final + <strong data-start=\"2097\" data-end=\"2133\">metadata lista para distribuci\u00f3n<\/strong>.<\/p>\n<\/li>\n<\/ol>\n<hr data-start=\"2136\" data-end=\"2139\" \/>\n<h2 data-start=\"2141\" data-end=\"2166\">\u2699\ufe0f Requisitos t\u00e9cnicos<\/h2>\n<ul data-start=\"2168\" data-end=\"2374\">\n<li data-start=\"2168\" data-end=\"2217\">\n<p data-start=\"2170\" data-end=\"2217\">Multitracks o stems en <strong data-start=\"2193\" data-end=\"2216\">WAV o AIFF (24-bit)<\/strong>.<\/p>\n<\/li>\n<li data-start=\"2218\" data-end=\"2258\">\n<p data-start=\"2220\" data-end=\"2258\">Mismo sample rate en todas las pistas.<\/p>\n<\/li>\n<li data-start=\"2259\" data-end=\"2331\">\n<p data-start=\"2261\" data-end=\"2331\">Pistas claramente nombradas<br data-start=\"2288\" data-end=\"2291\" \/>(ej. <em data-start=\"2298\" data-end=\"2312\">Voz_Lead.wav<\/em>, <em data-start=\"2314\" data-end=\"2329\">Synth_Pad.wav<\/em>).<\/p>\n<\/li>\n<li data-start=\"2332\" data-end=\"2374\">\n<p data-start=\"2334\" data-end=\"2374\">Referencia est\u00e9reo opcional (si existe).<\/p>\n<\/li>\n<\/ul>\n<hr data-start=\"2376\" data-end=\"2379\" \/>\n<h2 data-start=\"2381\" data-end=\"2398\">\ud83c\udfaf Ideal para:<\/h2>\n<ul data-start=\"2400\" data-end=\"2562\">\n<li data-start=\"2400\" data-end=\"2461\">\n<p data-start=\"2402\" data-end=\"2461\">Lanzamientos en Apple Music, Tidal y plataformas inmersivas<\/p>\n<\/li>\n<li data-start=\"2462\" data-end=\"2510\">\n<p data-start=\"2464\" data-end=\"2510\">Artistas que buscan diferenciarse con audio 3D<\/p>\n<\/li>\n<li data-start=\"2511\" data-end=\"2562\">\n<p data-start=\"2513\" data-end=\"2562\">Proyectos musicales y audiovisuales de alto nivel<\/p>\n<\/li>\n<\/ul>\n<hr data-start=\"2564\" data-end=\"2567\" \/>\n<p data-start=\"2569\" data-end=\"2621\">\n<p>\ud83d\udce6 Entrega recomendada<br data-start=\"1769\" data-end=\"1772\" \/>Para una distribuci\u00f3n completa, se sugiere acompa\u00f1ar la mezcla Atmos con mastering est\u00e9reo optimizado para plataformas tradicionales.<\/p>\n<p>\ud83c\udfb6 Lleva tu m\u00fasica a una nueva dimensi\u00f3n sonora.<\/p>\n","protected":false},"excerpt":{"rendered":"<p>Lleva tu m\u00fasica a la tercera dimensi\u00f3n con mezcla profesional en Dolby Atmos.<br \/>\nAudio inmersivo compatible con Apple Music, Tidal y plataformas certificadas.<\/p>\n","protected":false},"featured_media":344,"comment_status":"open","ping_status":"closed","template":"","meta":[],"product_brand":[],"product_cat":[69,35,36],"product_tag":[40,39,38,37],"class_list":{"0":"post-536","1":"product","2":"type-product","3":"status-publish","4":"has-post-thumbnail","6":"product_cat-audio-profesional","7":"product_cat-mastering","8":"product_cat-mezcla","9":"product_tag-audio-espacial","10":"product_tag-binaural","11":"product_tag-dolby-atmos","12":"product_tag-mezcla","14":"first","15":"instock","16":"sale","17":"virtual","18":"taxable","19":"purchasable","20":"product-type-simple"},"yoast_head":"<!-- This site is optimized with the Yoast SEO plugin v27.2 - https:\/\/yoast.com\/product\/yoast-seo-wordpress\/ -->\n<title>Mezcla Dolby Atmos Profesional \u2013 Audio Inmersivo Certificado - Roof Cat Studios<\/title>\n<meta name=\"description\" content=\"Mezcla Dolby Atmos profesional para Apple Music y plataformas inmersivas. Audio 3D certificado con entrega lista para distribuci\u00f3n.\" \/>\n<meta name=\"robots\" content=\"index, follow, max-snippet:-1, max-image-preview:large, max-video-preview:-1\" \/>\n<link rel=\"canonical\" href=\"https:\/\/roofcatstudios.com\/producto\/mezcla-dolby-atmos\/\" \/>\n<meta property=\"og:locale\" content=\"es_MX\" \/>\n<meta property=\"og:type\" content=\"article\" \/>\n<meta property=\"og:title\" content=\"Mezcla Dolby Atmos Profesional \u2013 Audio Inmersivo Certificado - Roof Cat Studios\" \/>\n<meta property=\"og:description\" content=\"Mezcla Dolby Atmos profesional para Apple Music y plataformas inmersivas. Audio 3D certificado con entrega lista para distribuci\u00f3n.\" \/>\n<meta property=\"og:url\" content=\"https:\/\/roofcatstudios.com\/producto\/mezcla-dolby-atmos\/\" \/>\n<meta property=\"og:site_name\" content=\"Roof Cat Studios\" \/>\n<meta property=\"article:publisher\" content=\"https:\/\/www.facebook.com\/roofcatstudios\" \/>\n<meta property=\"article:modified_time\" content=\"2026-01-10T04:09:24+00:00\" \/>\n<meta property=\"og:image\" content=\"https:\/\/roofcatstudios.com\/wp-content\/uploads\/2025\/04\/hq720.jpg\" \/>\n\t<meta property=\"og:image:width\" content=\"686\" \/>\n\t<meta property=\"og:image:height\" content=\"386\" \/>\n\t<meta property=\"og:image:type\" content=\"image\/jpeg\" \/>\n<meta name=\"twitter:card\" content=\"summary_large_image\" \/>\n<meta name=\"twitter:label1\" content=\"Tiempo de lectura\" \/>\n\t<meta name=\"twitter:data1\" content=\"2 minutos\" \/>\n<script type=\"application\/ld+json\" class=\"yoast-schema-graph\">{\"@context\":\"https:\/\/schema.org\",\"@graph\":[{\"@type\":\"WebPage\",\"@id\":\"https:\/\/roofcatstudios.com\/producto\/mezcla-dolby-atmos\/\",\"url\":\"https:\/\/roofcatstudios.com\/producto\/mezcla-dolby-atmos\/\",\"name\":\"Mezcla Dolby Atmos Profesional \u2013 Audio Inmersivo Certificado - Roof Cat Studios\",\"isPartOf\":{\"@id\":\"https:\/\/roofcatstudios.com\/#website\"},\"primaryImageOfPage\":{\"@id\":\"https:\/\/roofcatstudios.com\/producto\/mezcla-dolby-atmos\/#primaryimage\"},\"image\":{\"@id\":\"https:\/\/roofcatstudios.com\/producto\/mezcla-dolby-atmos\/#primaryimage\"},\"thumbnailUrl\":\"https:\/\/roofcatstudios.com\/wp-content\/uploads\/2025\/04\/hq720.jpg\",\"datePublished\":\"2025-05-19T04:45:39+00:00\",\"dateModified\":\"2026-01-10T04:09:24+00:00\",\"description\":\"Mezcla Dolby Atmos profesional para Apple Music y plataformas inmersivas. Audio 3D certificado con entrega lista para distribuci\u00f3n.\",\"breadcrumb\":{\"@id\":\"https:\/\/roofcatstudios.com\/producto\/mezcla-dolby-atmos\/#breadcrumb\"},\"inLanguage\":\"es\",\"potentialAction\":[{\"@type\":\"ReadAction\",\"target\":[\"https:\/\/roofcatstudios.com\/producto\/mezcla-dolby-atmos\/\"]}]},{\"@type\":\"ImageObject\",\"inLanguage\":\"es\",\"@id\":\"https:\/\/roofcatstudios.com\/producto\/mezcla-dolby-atmos\/#primaryimage\",\"url\":\"https:\/\/roofcatstudios.com\/wp-content\/uploads\/2025\/04\/hq720.jpg\",\"contentUrl\":\"https:\/\/roofcatstudios.com\/wp-content\/uploads\/2025\/04\/hq720.jpg\",\"width\":686,\"height\":386},{\"@type\":\"BreadcrumbList\",\"@id\":\"https:\/\/roofcatstudios.com\/producto\/mezcla-dolby-atmos\/#breadcrumb\",\"itemListElement\":[{\"@type\":\"ListItem\",\"position\":1,\"name\":\"Inicio\",\"item\":\"https:\/\/roofcatstudios.com\/\"},{\"@type\":\"ListItem\",\"position\":2,\"name\":\"Tienda\",\"item\":\"https:\/\/roofcatstudios.com\/?page_id=429\"},{\"@type\":\"ListItem\",\"position\":3,\"name\":\"Mezcla Dolby Atmos Profesional \u2013 Audio Inmersivo Certificado\"}]},{\"@type\":\"WebSite\",\"@id\":\"https:\/\/roofcatstudios.com\/#website\",\"url\":\"https:\/\/roofcatstudios.com\/\",\"name\":\"Roof Cat Studios\",\"description\":\"Estudio de Producci\u00f3n Musical, Dise\u00f1o Sonoro y Post Producci\u00f3n\",\"publisher\":{\"@id\":\"https:\/\/roofcatstudios.com\/#organization\"},\"potentialAction\":[{\"@type\":\"SearchAction\",\"target\":{\"@type\":\"EntryPoint\",\"urlTemplate\":\"https:\/\/roofcatstudios.com\/?s={search_term_string}\"},\"query-input\":{\"@type\":\"PropertyValueSpecification\",\"valueRequired\":true,\"valueName\":\"search_term_string\"}}],\"inLanguage\":\"es\"},{\"@type\":\"Organization\",\"@id\":\"https:\/\/roofcatstudios.com\/#organization\",\"name\":\"Roof Cat Studios\",\"url\":\"https:\/\/roofcatstudios.com\/\",\"logo\":{\"@type\":\"ImageObject\",\"inLanguage\":\"es\",\"@id\":\"https:\/\/roofcatstudios.com\/#\/schema\/logo\/image\/\",\"url\":\"https:\/\/roofcatstudios.com\/wp-content\/uploads\/2023\/11\/RoofCatStudioLogo_v-copia-4-2.png\",\"contentUrl\":\"https:\/\/roofcatstudios.com\/wp-content\/uploads\/2023\/11\/RoofCatStudioLogo_v-copia-4-2.png\",\"width\":500,\"height\":154,\"caption\":\"Roof Cat Studios\"},\"image\":{\"@id\":\"https:\/\/roofcatstudios.com\/#\/schema\/logo\/image\/\"},\"sameAs\":[\"https:\/\/www.facebook.com\/roofcatstudios\",\"https:\/\/www.instagram.com\/roofcatstudios\/\"]}]}<\/script>\n<!-- \/ Yoast SEO plugin. -->","yoast_head_json":{"title":"Mezcla Dolby Atmos Profesional \u2013 Audio Inmersivo Certificado - Roof Cat Studios","description":"Mezcla Dolby Atmos profesional para Apple Music y plataformas inmersivas. Audio 3D certificado con entrega lista para distribuci\u00f3n.","robots":{"index":"index","follow":"follow","max-snippet":"max-snippet:-1","max-image-preview":"max-image-preview:large","max-video-preview":"max-video-preview:-1"},"canonical":"https:\/\/roofcatstudios.com\/producto\/mezcla-dolby-atmos\/","og_locale":"es_MX","og_type":"article","og_title":"Mezcla Dolby Atmos Profesional \u2013 Audio Inmersivo Certificado - Roof Cat Studios","og_description":"Mezcla Dolby Atmos profesional para Apple Music y plataformas inmersivas. Audio 3D certificado con entrega lista para distribuci\u00f3n.","og_url":"https:\/\/roofcatstudios.com\/producto\/mezcla-dolby-atmos\/","og_site_name":"Roof Cat Studios","article_publisher":"https:\/\/www.facebook.com\/roofcatstudios","article_modified_time":"2026-01-10T04:09:24+00:00","og_image":[{"width":686,"height":386,"url":"https:\/\/roofcatstudios.com\/wp-content\/uploads\/2025\/04\/hq720.jpg","type":"image\/jpeg"}],"twitter_card":"summary_large_image","twitter_misc":{"Tiempo de lectura":"2 minutos"},"schema":{"@context":"https:\/\/schema.org","@graph":[{"@type":"WebPage","@id":"https:\/\/roofcatstudios.com\/producto\/mezcla-dolby-atmos\/","url":"https:\/\/roofcatstudios.com\/producto\/mezcla-dolby-atmos\/","name":"Mezcla Dolby Atmos Profesional \u2013 Audio Inmersivo Certificado - Roof Cat Studios","isPartOf":{"@id":"https:\/\/roofcatstudios.com\/#website"},"primaryImageOfPage":{"@id":"https:\/\/roofcatstudios.com\/producto\/mezcla-dolby-atmos\/#primaryimage"},"image":{"@id":"https:\/\/roofcatstudios.com\/producto\/mezcla-dolby-atmos\/#primaryimage"},"thumbnailUrl":"https:\/\/roofcatstudios.com\/wp-content\/uploads\/2025\/04\/hq720.jpg","datePublished":"2025-05-19T04:45:39+00:00","dateModified":"2026-01-10T04:09:24+00:00","description":"Mezcla Dolby Atmos profesional para Apple Music y plataformas inmersivas. Audio 3D certificado con entrega lista para distribuci\u00f3n.","breadcrumb":{"@id":"https:\/\/roofcatstudios.com\/producto\/mezcla-dolby-atmos\/#breadcrumb"},"inLanguage":"es","potentialAction":[{"@type":"ReadAction","target":["https:\/\/roofcatstudios.com\/producto\/mezcla-dolby-atmos\/"]}]},{"@type":"ImageObject","inLanguage":"es","@id":"https:\/\/roofcatstudios.com\/producto\/mezcla-dolby-atmos\/#primaryimage","url":"https:\/\/roofcatstudios.com\/wp-content\/uploads\/2025\/04\/hq720.jpg","contentUrl":"https:\/\/roofcatstudios.com\/wp-content\/uploads\/2025\/04\/hq720.jpg","width":686,"height":386},{"@type":"BreadcrumbList","@id":"https:\/\/roofcatstudios.com\/producto\/mezcla-dolby-atmos\/#breadcrumb","itemListElement":[{"@type":"ListItem","position":1,"name":"Inicio","item":"https:\/\/roofcatstudios.com\/"},{"@type":"ListItem","position":2,"name":"Tienda","item":"https:\/\/roofcatstudios.com\/?page_id=429"},{"@type":"ListItem","position":3,"name":"Mezcla Dolby Atmos Profesional \u2013 Audio Inmersivo Certificado"}]},{"@type":"WebSite","@id":"https:\/\/roofcatstudios.com\/#website","url":"https:\/\/roofcatstudios.com\/","name":"Roof Cat Studios","description":"Estudio de Producci\u00f3n Musical, Dise\u00f1o Sonoro y Post Producci\u00f3n","publisher":{"@id":"https:\/\/roofcatstudios.com\/#organization"},"potentialAction":[{"@type":"SearchAction","target":{"@type":"EntryPoint","urlTemplate":"https:\/\/roofcatstudios.com\/?s={search_term_string}"},"query-input":{"@type":"PropertyValueSpecification","valueRequired":true,"valueName":"search_term_string"}}],"inLanguage":"es"},{"@type":"Organization","@id":"https:\/\/roofcatstudios.com\/#organization","name":"Roof Cat Studios","url":"https:\/\/roofcatstudios.com\/","logo":{"@type":"ImageObject","inLanguage":"es","@id":"https:\/\/roofcatstudios.com\/#\/schema\/logo\/image\/","url":"https:\/\/roofcatstudios.com\/wp-content\/uploads\/2023\/11\/RoofCatStudioLogo_v-copia-4-2.png","contentUrl":"https:\/\/roofcatstudios.com\/wp-content\/uploads\/2023\/11\/RoofCatStudioLogo_v-copia-4-2.png","width":500,"height":154,"caption":"Roof Cat Studios"},"image":{"@id":"https:\/\/roofcatstudios.com\/#\/schema\/logo\/image\/"},"sameAs":["https:\/\/www.facebook.com\/roofcatstudios","https:\/\/www.instagram.com\/roofcatstudios\/"]}]}},"jetpack_sharing_enabled":true,"_links":{"self":[{"href":"https:\/\/roofcatstudios.com\/index.php?rest_route=\/wp\/v2\/product\/536","targetHints":{"allow":["GET"]}}],"collection":[{"href":"https:\/\/roofcatstudios.com\/index.php?rest_route=\/wp\/v2\/product"}],"about":[{"href":"https:\/\/roofcatstudios.com\/index.php?rest_route=\/wp\/v2\/types\/product"}],"replies":[{"embeddable":true,"href":"https:\/\/roofcatstudios.com\/index.php?rest_route=%2Fwp%2Fv2%2Fcomments&post=536"}],"wp:featuredmedia":[{"embeddable":true,"href":"https:\/\/roofcatstudios.com\/index.php?rest_route=\/wp\/v2\/media\/344"}],"wp:attachment":[{"href":"https:\/\/roofcatstudios.com\/index.php?rest_route=%2Fwp%2Fv2%2Fmedia&parent=536"}],"wp:term":[{"taxonomy":"product_brand","embeddable":true,"href":"https:\/\/roofcatstudios.com\/index.php?rest_route=%2Fwp%2Fv2%2Fproduct_brand&post=536"},{"taxonomy":"product_cat","embeddable":true,"href":"https:\/\/roofcatstudios.com\/index.php?rest_route=%2Fwp%2Fv2%2Fproduct_cat&post=536"},{"taxonomy":"product_tag","embeddable":true,"href":"https:\/\/roofcatstudios.com\/index.php?rest_route=%2Fwp%2Fv2%2Fproduct_tag&post=536"}],"curies":[{"name":"wp","href":"https:\/\/api.w.org\/{rel}","templated":true}]}}