{"id":538,"date":"2025-05-19T21:21:17","date_gmt":"2025-05-20T03:21:17","guid":{"rendered":"https:\/\/roofcatstudios.com\/?post_type=product&#038;p=538"},"modified":"2026-01-11T21:51:21","modified_gmt":"2026-01-12T03:51:21","slug":"mezcla-profesional-online","status":"publish","type":"product","link":"https:\/\/roofcatstudios.com\/?product=mezcla-profesional-online","title":{"rendered":"Mezcla Profesional Online \u2013 Sonido Comercial y Competitivo | Roof Cat Studios"},"content":{"rendered":"<div class=\"mezcla-stereo-description\">\n<h2 data-start=\"203\" data-end=\"235\">\ud83c\udf9a\ufe0f Mezcla profesional online<\/h2>\n<p data-start=\"237\" data-end=\"436\">Tu m\u00fasica merece una mezcla que suene grande, clara y con intenci\u00f3n.<br data-start=\"305\" data-end=\"308\" \/>Aqu\u00ed trabajamos tu canci\u00f3n con criterio musical, o\u00eddo cr\u00edtico y atenci\u00f3n al detalle \u2014 sin procesos gen\u00e9ricos ni presets m\u00e1gicos.<\/p>\n<hr data-start=\"438\" data-end=\"441\" \/>\n<h2 data-start=\"443\" data-end=\"475\">\u2705 \u00bfQu\u00e9 incluye este servicio?<\/h2>\n<ul data-start=\"477\" data-end=\"1012\">\n<li data-start=\"477\" data-end=\"560\">\n<p data-start=\"479\" data-end=\"560\">Edici\u00f3n profesional de instrumentos y voces (timing y afinaci\u00f3n seg\u00fan el estilo).<\/p>\n<\/li>\n<li data-start=\"561\" data-end=\"652\">\n<p data-start=\"563\" data-end=\"652\">Afinaci\u00f3n detallada en pistas que lo requieran, con especial atenci\u00f3n a voces y armon\u00edas.<\/p>\n<\/li>\n<li data-start=\"653\" data-end=\"697\">\n<p data-start=\"655\" data-end=\"697\">Mezcla profesional de tu multitrack. (sesi\u00f3n o stems)<\/p>\n<\/li>\n<li data-start=\"698\" data-end=\"776\">\n<p data-start=\"700\" data-end=\"776\">Balance de vol\u00famenes, panor\u00e1mica, ecualizaci\u00f3n, din\u00e1mica y automatizaciones.<\/p>\n<\/li>\n<li data-start=\"777\" data-end=\"883\">\n<p data-start=\"779\" data-end=\"883\">Procesamiento con emulaciones anal\u00f3gicas cl\u00e1sicas (SSL, Neve, Pultec),\u00a0 herramientas digitales modernas y procesos anal\u00f3gicos reales.<\/p>\n<\/li>\n<li data-start=\"884\" data-end=\"946\">\n<p data-start=\"886\" data-end=\"946\">Entregas para revisi\u00f3n en <strong data-start=\"912\" data-end=\"926\">WAV 24-bit<\/strong> y <strong data-start=\"929\" data-end=\"945\">MP3 320 kbps<\/strong>.<\/p>\n<\/li>\n<li data-start=\"947\" data-end=\"1012\">\n<p data-start=\"949\" data-end=\"1012\"><strong data-start=\"949\" data-end=\"975\">2 revisiones incluidas<\/strong> para dejarlo justo donde debe estar.<\/p>\n<\/li>\n<\/ul>\n<hr data-start=\"1014\" data-end=\"1017\" \/>\n<h2 data-start=\"1019\" data-end=\"1052\">\ud83c\udfa7 \u00bfPara qu\u00e9 g\u00e9neros funciona?<\/h2>\n<p data-start=\"1054\" data-end=\"1130\">Pop \u00b7 Rock \u00b7 Metal \u00b7 Urbano \u00b7 Electr\u00f3nica \u00b7 Alternativo \u00b7 R&amp;B \u00b7 Reggaeton, m\u00fasica para medios.<\/p>\n<p data-start=\"1132\" data-end=\"1219\">Si tu proyecto tiene requerimientos especiales, puedes indicarlo al iniciar el proceso.<\/p>\n<hr data-start=\"1221\" data-end=\"1224\" \/>\n<h2 data-start=\"1226\" data-end=\"1258\">\ud83d\udd01 \u00bfC\u00f3mo funciona el proceso?<\/h2>\n<ol data-start=\"1260\" data-end=\"1567\">\n<li data-start=\"1260\" data-end=\"1300\">\n<p data-start=\"1263\" data-end=\"1300\">Compra el servicio desde esta p\u00e1gina.<\/p>\n<\/li>\n<li data-start=\"1301\" data-end=\"1388\">\n<p data-start=\"1304\" data-end=\"1388\">Recibe acceso a un <strong data-start=\"1323\" data-end=\"1343\">proyecto privado<\/strong> para subir tus archivos y seguir el proceso.<\/p>\n<\/li>\n<li data-start=\"1389\" data-end=\"1445\">\n<p data-start=\"1392\" data-end=\"1445\">Recibe una primera propuesta en <strong data-start=\"1424\" data-end=\"1444\">2-4 d\u00edas h\u00e1biles<\/strong>.<\/p>\n<\/li>\n<li data-start=\"1446\" data-end=\"1499\">\n<p data-start=\"1449\" data-end=\"1499\">Solicita ajustes directamente dentro del proyecto.<\/p>\n<\/li>\n<li data-start=\"1500\" data-end=\"1567\">\n<p data-start=\"1503\" data-end=\"1567\">Recibe tu <strong data-start=\"1513\" data-end=\"1529\">mezcla final<\/strong>, lista para mastering o distribuci\u00f3n.<\/p>\n<\/li>\n<\/ol>\n<hr data-start=\"1569\" data-end=\"1572\" \/>\n<h2 data-start=\"1574\" data-end=\"1599\">\u2699\ufe0f Requisitos t\u00e9cnicos<\/h2>\n<ul data-start=\"1601\" data-end=\"1866\">\n<li data-start=\"1601\" data-end=\"1674\">\n<p data-start=\"1603\" data-end=\"1674\">Archivos en <strong data-start=\"1615\" data-end=\"1637\">WAV o AIFF, 24-bit<\/strong> (misma sample rate de la grabaci\u00f3n).<\/p>\n<\/li>\n<li data-start=\"1675\" data-end=\"1753\">\n<p data-start=\"1677\" data-end=\"1753\">Pistas nombradas claramente (<code data-start=\"1706\" data-end=\"1725\">Voz_Principal.wav<\/code>, <code data-start=\"1727\" data-end=\"1745\">Bateria_OH_L.wav<\/code>, etc.).<\/p>\n<\/li>\n<li data-start=\"1754\" data-end=\"1806\">\n<p data-start=\"1756\" data-end=\"1806\">Al menos <strong data-start=\"1765\" data-end=\"1783\">una referencia<\/strong> del sonido que buscas.<\/p>\n<\/li>\n<li data-start=\"1807\" data-end=\"1866\">\n<p data-start=\"1809\" data-end=\"1866\">No aplicar limitadores ni procesamiento en el master bus.<\/p>\n<\/li>\n<\/ul>\n<hr data-start=\"1868\" data-end=\"1871\" \/>\n<p>\ud83d\udd0a \u00bfQuieres dejar tu proyecto completamente listo?<\/p>\n<p>Muchos artistas combinan este servicio con:<\/p>\n<p>\u2714 Mastering Est\u00e9reo Profesional \u2013 para un lanzamiento s\u00f3lido y competitivo<br \/>\n\u2714 Mastering por STEMS \u2013 si buscas mayor control y ajustes finos<\/p>\n<p>Ahorra tiempo y asegura coherencia sonora desde la mezcla hasta el master final.<\/p>\n<p>\ud83d\udd0a \u00bfQuieres llevar tu mezcla m\u00e1s all\u00e1 del est\u00e9reo?<br data-start=\"1012\" data-end=\"1015\" \/>Este proyecto puede escalarse a <strong data-start=\"1049\" data-end=\"1064\">Dolby Atmos<\/strong>, ideal para Apple Music y plataformas inmersivas.<\/p>\n<\/div>\n","protected":false},"excerpt":{"rendered":"<pre>Mezcla profesional online. Proceso claro, revisiones incluidas y entrega en un proyecto privado para subir archivos y dar feedback.<\/pre>\n","protected":false},"featured_media":91,"comment_status":"open","ping_status":"closed","template":"","meta":[],"product_brand":[],"product_cat":[69,44,68,36],"product_tag":[41,37,42],"class_list":{"0":"post-538","1":"product","2":"type-product","3":"status-publish","4":"has-post-thumbnail","6":"product_cat-audio-profesional","7":"product_cat-edicion","8":"product_cat-estudio-de-grabacion","9":"product_cat-mezcla","10":"product_tag-estereo","11":"product_tag-mezcla","12":"product_tag-postproduccion","14":"first","15":"instock","16":"sale","17":"virtual","18":"taxable","19":"purchasable","20":"product-type-simple"},"yoast_head":"<!-- This site is optimized with the Yoast SEO plugin v27.2 - https:\/\/yoast.com\/product\/yoast-seo-wordpress\/ -->\n<title>Mezcla Profesional Online \u2013 Sonido Comercial y Competitivo | Roof Cat Studios - Roof Cat Studios<\/title>\n<meta name=\"description\" content=\"Mezcla profesional online para m\u00fasica moderna. Balance, claridad y volumen competitivo listos para streaming. Revisiones incluidas.\" \/>\n<meta name=\"robots\" content=\"index, follow, max-snippet:-1, max-image-preview:large, max-video-preview:-1\" \/>\n<link rel=\"canonical\" href=\"https:\/\/roofcatstudios.com\/producto\/mezcla-profesional-online\/\" \/>\n<meta property=\"og:locale\" content=\"es_MX\" \/>\n<meta property=\"og:type\" content=\"article\" \/>\n<meta property=\"og:title\" content=\"Mezcla Profesional Online \u2013 Sonido Comercial y Competitivo | Roof Cat Studios - Roof Cat Studios\" \/>\n<meta property=\"og:description\" content=\"Mezcla profesional online para m\u00fasica moderna. Balance, claridad y volumen competitivo listos para streaming. Revisiones incluidas.\" \/>\n<meta property=\"og:url\" content=\"https:\/\/roofcatstudios.com\/producto\/mezcla-profesional-online\/\" \/>\n<meta property=\"og:site_name\" content=\"Roof Cat Studios\" \/>\n<meta property=\"article:publisher\" content=\"https:\/\/www.facebook.com\/roofcatstudios\" \/>\n<meta property=\"article:modified_time\" content=\"2026-01-12T03:51:21+00:00\" \/>\n<meta property=\"og:image\" content=\"https:\/\/roofcatstudios.com\/wp-content\/uploads\/2023\/11\/consola-editada.jpg\" \/>\n\t<meta property=\"og:image:width\" content=\"1220\" \/>\n\t<meta property=\"og:image:height\" content=\"750\" \/>\n\t<meta property=\"og:image:type\" content=\"image\/jpeg\" \/>\n<meta name=\"twitter:card\" content=\"summary_large_image\" \/>\n<meta name=\"twitter:label1\" content=\"Tiempo de lectura\" \/>\n\t<meta name=\"twitter:data1\" content=\"2 minutos\" \/>\n<script type=\"application\/ld+json\" class=\"yoast-schema-graph\">{\"@context\":\"https:\/\/schema.org\",\"@graph\":[{\"@type\":\"WebPage\",\"@id\":\"https:\/\/roofcatstudios.com\/producto\/mezcla-profesional-online\/\",\"url\":\"https:\/\/roofcatstudios.com\/producto\/mezcla-profesional-online\/\",\"name\":\"Mezcla Profesional Online \u2013 Sonido Comercial y Competitivo | Roof Cat Studios - Roof Cat Studios\",\"isPartOf\":{\"@id\":\"https:\/\/roofcatstudios.com\/#website\"},\"primaryImageOfPage\":{\"@id\":\"https:\/\/roofcatstudios.com\/producto\/mezcla-profesional-online\/#primaryimage\"},\"image\":{\"@id\":\"https:\/\/roofcatstudios.com\/producto\/mezcla-profesional-online\/#primaryimage\"},\"thumbnailUrl\":\"https:\/\/roofcatstudios.com\/wp-content\/uploads\/2023\/11\/consola-editada.jpg\",\"datePublished\":\"2025-05-20T03:21:17+00:00\",\"dateModified\":\"2026-01-12T03:51:21+00:00\",\"description\":\"Mezcla profesional online para m\u00fasica moderna. Balance, claridad y volumen competitivo listos para streaming. Revisiones incluidas.\",\"breadcrumb\":{\"@id\":\"https:\/\/roofcatstudios.com\/producto\/mezcla-profesional-online\/#breadcrumb\"},\"inLanguage\":\"es\",\"potentialAction\":[{\"@type\":\"ReadAction\",\"target\":[\"https:\/\/roofcatstudios.com\/producto\/mezcla-profesional-online\/\"]}]},{\"@type\":\"ImageObject\",\"inLanguage\":\"es\",\"@id\":\"https:\/\/roofcatstudios.com\/producto\/mezcla-profesional-online\/#primaryimage\",\"url\":\"https:\/\/roofcatstudios.com\/wp-content\/uploads\/2023\/11\/consola-editada.jpg\",\"contentUrl\":\"https:\/\/roofcatstudios.com\/wp-content\/uploads\/2023\/11\/consola-editada.jpg\",\"width\":1220,\"height\":750},{\"@type\":\"BreadcrumbList\",\"@id\":\"https:\/\/roofcatstudios.com\/producto\/mezcla-profesional-online\/#breadcrumb\",\"itemListElement\":[{\"@type\":\"ListItem\",\"position\":1,\"name\":\"Inicio\",\"item\":\"https:\/\/roofcatstudios.com\/\"},{\"@type\":\"ListItem\",\"position\":2,\"name\":\"Tienda\",\"item\":\"https:\/\/roofcatstudios.com\/?page_id=429\"},{\"@type\":\"ListItem\",\"position\":3,\"name\":\"Mezcla Profesional Online \u2013 Sonido Comercial y Competitivo | Roof Cat Studios\"}]},{\"@type\":\"WebSite\",\"@id\":\"https:\/\/roofcatstudios.com\/#website\",\"url\":\"https:\/\/roofcatstudios.com\/\",\"name\":\"Roof Cat Studios\",\"description\":\"Estudio de Producci\u00f3n Musical, Dise\u00f1o Sonoro y Post Producci\u00f3n\",\"publisher\":{\"@id\":\"https:\/\/roofcatstudios.com\/#organization\"},\"potentialAction\":[{\"@type\":\"SearchAction\",\"target\":{\"@type\":\"EntryPoint\",\"urlTemplate\":\"https:\/\/roofcatstudios.com\/?s={search_term_string}\"},\"query-input\":{\"@type\":\"PropertyValueSpecification\",\"valueRequired\":true,\"valueName\":\"search_term_string\"}}],\"inLanguage\":\"es\"},{\"@type\":\"Organization\",\"@id\":\"https:\/\/roofcatstudios.com\/#organization\",\"name\":\"Roof Cat Studios\",\"url\":\"https:\/\/roofcatstudios.com\/\",\"logo\":{\"@type\":\"ImageObject\",\"inLanguage\":\"es\",\"@id\":\"https:\/\/roofcatstudios.com\/#\/schema\/logo\/image\/\",\"url\":\"https:\/\/roofcatstudios.com\/wp-content\/uploads\/2023\/11\/RoofCatStudioLogo_v-copia-4-2.png\",\"contentUrl\":\"https:\/\/roofcatstudios.com\/wp-content\/uploads\/2023\/11\/RoofCatStudioLogo_v-copia-4-2.png\",\"width\":500,\"height\":154,\"caption\":\"Roof Cat Studios\"},\"image\":{\"@id\":\"https:\/\/roofcatstudios.com\/#\/schema\/logo\/image\/\"},\"sameAs\":[\"https:\/\/www.facebook.com\/roofcatstudios\",\"https:\/\/www.instagram.com\/roofcatstudios\/\"]}]}<\/script>\n<!-- \/ Yoast SEO plugin. -->","yoast_head_json":{"title":"Mezcla Profesional Online \u2013 Sonido Comercial y Competitivo | Roof Cat Studios - Roof Cat Studios","description":"Mezcla profesional online para m\u00fasica moderna. Balance, claridad y volumen competitivo listos para streaming. Revisiones incluidas.","robots":{"index":"index","follow":"follow","max-snippet":"max-snippet:-1","max-image-preview":"max-image-preview:large","max-video-preview":"max-video-preview:-1"},"canonical":"https:\/\/roofcatstudios.com\/producto\/mezcla-profesional-online\/","og_locale":"es_MX","og_type":"article","og_title":"Mezcla Profesional Online \u2013 Sonido Comercial y Competitivo | Roof Cat Studios - Roof Cat Studios","og_description":"Mezcla profesional online para m\u00fasica moderna. Balance, claridad y volumen competitivo listos para streaming. Revisiones incluidas.","og_url":"https:\/\/roofcatstudios.com\/producto\/mezcla-profesional-online\/","og_site_name":"Roof Cat Studios","article_publisher":"https:\/\/www.facebook.com\/roofcatstudios","article_modified_time":"2026-01-12T03:51:21+00:00","og_image":[{"width":1220,"height":750,"url":"https:\/\/roofcatstudios.com\/wp-content\/uploads\/2023\/11\/consola-editada.jpg","type":"image\/jpeg"}],"twitter_card":"summary_large_image","twitter_misc":{"Tiempo de lectura":"2 minutos"},"schema":{"@context":"https:\/\/schema.org","@graph":[{"@type":"WebPage","@id":"https:\/\/roofcatstudios.com\/producto\/mezcla-profesional-online\/","url":"https:\/\/roofcatstudios.com\/producto\/mezcla-profesional-online\/","name":"Mezcla Profesional Online \u2013 Sonido Comercial y Competitivo | Roof Cat Studios - Roof Cat Studios","isPartOf":{"@id":"https:\/\/roofcatstudios.com\/#website"},"primaryImageOfPage":{"@id":"https:\/\/roofcatstudios.com\/producto\/mezcla-profesional-online\/#primaryimage"},"image":{"@id":"https:\/\/roofcatstudios.com\/producto\/mezcla-profesional-online\/#primaryimage"},"thumbnailUrl":"https:\/\/roofcatstudios.com\/wp-content\/uploads\/2023\/11\/consola-editada.jpg","datePublished":"2025-05-20T03:21:17+00:00","dateModified":"2026-01-12T03:51:21+00:00","description":"Mezcla profesional online para m\u00fasica moderna. Balance, claridad y volumen competitivo listos para streaming. Revisiones incluidas.","breadcrumb":{"@id":"https:\/\/roofcatstudios.com\/producto\/mezcla-profesional-online\/#breadcrumb"},"inLanguage":"es","potentialAction":[{"@type":"ReadAction","target":["https:\/\/roofcatstudios.com\/producto\/mezcla-profesional-online\/"]}]},{"@type":"ImageObject","inLanguage":"es","@id":"https:\/\/roofcatstudios.com\/producto\/mezcla-profesional-online\/#primaryimage","url":"https:\/\/roofcatstudios.com\/wp-content\/uploads\/2023\/11\/consola-editada.jpg","contentUrl":"https:\/\/roofcatstudios.com\/wp-content\/uploads\/2023\/11\/consola-editada.jpg","width":1220,"height":750},{"@type":"BreadcrumbList","@id":"https:\/\/roofcatstudios.com\/producto\/mezcla-profesional-online\/#breadcrumb","itemListElement":[{"@type":"ListItem","position":1,"name":"Inicio","item":"https:\/\/roofcatstudios.com\/"},{"@type":"ListItem","position":2,"name":"Tienda","item":"https:\/\/roofcatstudios.com\/?page_id=429"},{"@type":"ListItem","position":3,"name":"Mezcla Profesional Online \u2013 Sonido Comercial y Competitivo | Roof Cat Studios"}]},{"@type":"WebSite","@id":"https:\/\/roofcatstudios.com\/#website","url":"https:\/\/roofcatstudios.com\/","name":"Roof Cat Studios","description":"Estudio de Producci\u00f3n Musical, Dise\u00f1o Sonoro y Post Producci\u00f3n","publisher":{"@id":"https:\/\/roofcatstudios.com\/#organization"},"potentialAction":[{"@type":"SearchAction","target":{"@type":"EntryPoint","urlTemplate":"https:\/\/roofcatstudios.com\/?s={search_term_string}"},"query-input":{"@type":"PropertyValueSpecification","valueRequired":true,"valueName":"search_term_string"}}],"inLanguage":"es"},{"@type":"Organization","@id":"https:\/\/roofcatstudios.com\/#organization","name":"Roof Cat Studios","url":"https:\/\/roofcatstudios.com\/","logo":{"@type":"ImageObject","inLanguage":"es","@id":"https:\/\/roofcatstudios.com\/#\/schema\/logo\/image\/","url":"https:\/\/roofcatstudios.com\/wp-content\/uploads\/2023\/11\/RoofCatStudioLogo_v-copia-4-2.png","contentUrl":"https:\/\/roofcatstudios.com\/wp-content\/uploads\/2023\/11\/RoofCatStudioLogo_v-copia-4-2.png","width":500,"height":154,"caption":"Roof Cat Studios"},"image":{"@id":"https:\/\/roofcatstudios.com\/#\/schema\/logo\/image\/"},"sameAs":["https:\/\/www.facebook.com\/roofcatstudios","https:\/\/www.instagram.com\/roofcatstudios\/"]}]}},"jetpack_sharing_enabled":true,"_links":{"self":[{"href":"https:\/\/roofcatstudios.com\/index.php?rest_route=\/wp\/v2\/product\/538","targetHints":{"allow":["GET"]}}],"collection":[{"href":"https:\/\/roofcatstudios.com\/index.php?rest_route=\/wp\/v2\/product"}],"about":[{"href":"https:\/\/roofcatstudios.com\/index.php?rest_route=\/wp\/v2\/types\/product"}],"replies":[{"embeddable":true,"href":"https:\/\/roofcatstudios.com\/index.php?rest_route=%2Fwp%2Fv2%2Fcomments&post=538"}],"wp:featuredmedia":[{"embeddable":true,"href":"https:\/\/roofcatstudios.com\/index.php?rest_route=\/wp\/v2\/media\/91"}],"wp:attachment":[{"href":"https:\/\/roofcatstudios.com\/index.php?rest_route=%2Fwp%2Fv2%2Fmedia&parent=538"}],"wp:term":[{"taxonomy":"product_brand","embeddable":true,"href":"https:\/\/roofcatstudios.com\/index.php?rest_route=%2Fwp%2Fv2%2Fproduct_brand&post=538"},{"taxonomy":"product_cat","embeddable":true,"href":"https:\/\/roofcatstudios.com\/index.php?rest_route=%2Fwp%2Fv2%2Fproduct_cat&post=538"},{"taxonomy":"product_tag","embeddable":true,"href":"https:\/\/roofcatstudios.com\/index.php?rest_route=%2Fwp%2Fv2%2Fproduct_tag&post=538"}],"curies":[{"name":"wp","href":"https:\/\/api.w.org\/{rel}","templated":true}]}}